{"id":952,"date":"2022-08-08T18:28:04","date_gmt":"2022-08-08T21:28:04","guid":{"rendered":"https:\/\/martinhasflatrio.com.br\/?page_id=952"},"modified":"2022-11-03T17:27:13","modified_gmt":"2022-11-03T20:27:13","slug":"ta-chovendo-3","status":"publish","type":"page","link":"https:\/\/martinhasflatrio.com.br\/?page_id=952","title":{"rendered":"Esportes e Aventura"},"content":{"rendered":"\n<div class=\"wp-block-cover alignfull has-parallax\"><span aria-hidden=\"true\" class=\"wp-block-cover__background has-ast-global-color-0-background-color has-background-dim-70 has-background-dim\"><\/span><div role=\"img\" class=\"wp-block-cover__image-background wp-image-890 has-parallax\" style=\"background-position:50% 50%;background-image:url(https:\/\/martinhasflatrio.com.br\/wp-content\/uploads\/2022\/08\/Joe-Voador-1.jpg)\"><\/div><div class=\"wp-block-cover__inner-container is-layout-flow wp-block-cover-is-layout-flow\">\n<p class=\"has-text-align-center has-large-font-size\" style=\"margin-top:var(--wp--preset--spacing--20);margin-right:var(--wp--preset--spacing--20);margin-bottom:var(--wp--preset--spacing--20);margin-left:var(--wp--preset--spacing--20)\">Esportes e Aventura<\/p>\n\n\n\n<p class=\"has-text-align-center has-medium-font-size\" style=\"margin-top:0px;margin-right:0px;margin-bottom:0px;margin-left:0px\">(clique nos t\u00edtulos para saber mais)<\/p>\n<\/div><\/div>\n\n\n\n<section class=\"wp-block-uagb-section uagb-section__wrap uagb-section__background-undefined uagb-block-bfeec755\"><div class=\"uagb-section__overlay\"><\/div><div class=\"uagb-section__inner-wrap\">\n<p>Clique nos t\u00edtulos para ver mais<\/p>\n\n\n\n<div class=\"wp-block-columns has-ast-global-color-5-background-color has-background is-layout-flex wp-container-core-columns-is-layout-28f84493 wp-block-columns-is-layout-flex\">\n<div class=\"wp-block-column is-layout-flow wp-block-column-is-layout-flow\" style=\"flex-basis:250px\">\n<div class=\"wp-block-uagb-info-box uagb-block-dd86aec1 uagb-infobox__content-wrap  uagb-infobox_cta-type-all uagb-infobox-icon-above-title uagb-infobox-image-valign-top uagb-infobox__outer-wrap\"><a href=\"https:\/\/martinhasflatrio.com.br\/?page_id=626\" class=\"uagb-infobox-link-wrap uagb-infbox__link-to-all\" target=\"_self\" aria-label=\"Infobox Link\" rel=\"noopener noreferrer\"><\/a><div class=\"uagb-ifb-content\"><div class=\"uagb-ifb-icon-wrap\"><svg xmlns=\"https:\/\/www.w3.org\/2000\/svg\" viewBox=\"0 0 512 512\"><path d=\"M272 192V320H304C311 320 317.7 321.5 323.7 324.2L443.8 192H415.5C415.8 186.7 416 181.4 416 176C416 112.1 393.8 54.84 358.9 16.69C450 49.27 493.4 122.6 507.8 173.6C510.5 183.1 502.1 192 493.1 192H487.1L346.8 346.3C350.1 352.8 352 360.2 352 368V464C352 490.5 330.5 512 304 512H207.1C181.5 512 159.1 490.5 159.1 464V368C159.1 360.2 161.9 352.8 165.2 346.3L24.92 192H18.89C9 192 1.483 183.1 4.181 173.6C18.64 122.6 61.97 49.27 153.1 16.69C118.2 54.84 96 112.1 96 176C96 181.4 96.16 186.7 96.47 192H68.17L188.3 324.2C194.3 321.5 200.1 320 207.1 320H239.1V192H128.5C128.2 186.7 127.1 181.4 127.1 176C127.1 125 143.9 80.01 168.2 48.43C192.5 16.89 223.8 0 255.1 0C288.2 0 319.5 16.89 343.8 48.43C368.1 80.01 384 125 384 176C384 181.4 383.8 186.7 383.5 192H272z\"><\/path><\/svg><\/div><div class=\"uagb-ifb-title-wrap\"><h3 class=\"uagb-ifb-title\">V\u00f4o<br>Livre<\/h3><\/div><div class=\"uagb-ifb-button-wrapper wp-block-button\"><\/div><\/div><\/div>\n<\/div>\n\n\n\n<div class=\"wp-block-column is-layout-flow wp-block-column-is-layout-flow\" style=\"flex-basis:500px\">\n<div class=\"wp-block-uagb-info-box uagb-block-abaa3382 uagb-infobox__content-wrap  uagb-infobox-icon-above-title uagb-infobox-image-valign-top\"><div class=\"uagb-ifb-content\"><div class=\"uagb-ifb-title-wrap\"><\/div><p class=\"uagb-ifb-desc\">Quer ter uma experi\u00eancia \u00fanica para mostrar aos amigos ? Uma uni\u00e3o de adrenalina e beleza raramente vista no mundo. Ela est\u00e1 aqui, pertinho de voc\u00ea!<br>E, j\u00e1 que vai se aventurar, melhor fazer com quem sabe e com toda a seguran\u00e7a para um programa nas alturas. Voc\u00ea pode tamb\u00e9m apenas ir at\u00e9 a rampa de lan\u00e7amento, para apreciar a paisagem estonteante da Pedra Bonita. Bora l\u00e1 ?<\/p><\/div><\/div>\n<\/div>\n\n\n\n<div class=\"wp-block-column is-layout-flow wp-block-column-is-layout-flow\">\n<figure class=\"wp-block-image size-thumbnail\"><img loading=\"lazy\" decoding=\"async\" width=\"150\" height=\"150\" src=\"https:\/\/martinhasflatrio.com.br\/wp-content\/uploads\/2022\/08\/Joe-Voador_3-150x150.jpg\" alt=\"\" class=\"wp-image-921\"\/><\/figure>\n<\/div>\n<\/div>\n\n\n\n<div class=\"wp-block-columns has-ast-global-color-8-background-color has-background is-layout-flex wp-container-core-columns-is-layout-28f84493 wp-block-columns-is-layout-flex\">\n<div class=\"wp-block-column is-layout-flow wp-block-column-is-layout-flow\" style=\"flex-basis:250px\">\n<div class=\"wp-block-uagb-info-box uagb-block-163a435e uagb-infobox__content-wrap  uagb-infobox_cta-type-all uagb-infobox-icon-above-title uagb-infobox-image-valign-top uagb-infobox__outer-wrap\"><a href=\"https:\/\/martinhasflatrio.com.br\/?page_id=496\" class=\"uagb-infobox-link-wrap uagb-infbox__link-to-all\" target=\"_self\" aria-label=\"Infobox Link\" rel=\"noopener noreferrer\"><\/a><div class=\"uagb-ifb-content\"><div class=\"uagb-ifb-icon-wrap\"><svg xmlns=\"https:\/\/www.w3.org\/2000\/svg\" viewBox=\"0 0 576 512\"><path d=\"M256 16C256 9.018 260.5 2.841 267.2 .7414C273.9-1.358 281.1 1.105 285.1 6.826L509.1 326.8C512.5 331.7 512.9 338.1 510.2 343.4C507.4 348.7 501.1 352 496 352H272C263.2 352 256 344.8 256 336V16zM212.1 96.54C219.1 98.4 224 104.7 224 112V336C224 344.8 216.8 352 208 352H80C74.3 352 69.02 348.1 66.16 344C63.3 339.1 63.28 333 66.11 328.1L194.1 104.1C197.7 97.76 205.1 94.68 212.1 96.54V96.54zM5.718 404.3C2.848 394.1 10.52 384 21.12 384H554.9C565.5 384 573.2 394.1 570.3 404.3L566.3 418.7C550.7 473.9 500.4 512 443 512H132.1C75.62 512 25.27 473.9 9.747 418.7L5.718 404.3z\"><\/path><\/svg><\/div><div class=\"uagb-ifb-title-wrap\"><h3 class=\"uagb-ifb-title\">Canoa <br>Havaiana<\/h3><\/div><div class=\"uagb-ifb-button-wrapper wp-block-button\"><\/div><\/div><\/div>\n<\/div>\n\n\n\n<div class=\"wp-block-column is-layout-flow wp-block-column-is-layout-flow\" style=\"flex-basis:500px\">\n<div class=\"wp-block-uagb-info-box uagb-block-77a1edd9 uagb-infobox__content-wrap  uagb-infobox-icon-above-title uagb-infobox-image-valign-top\"><div class=\"uagb-ifb-content\"><div class=\"uagb-ifb-title-wrap\"><\/div><p class=\"uagb-ifb-desc\">Que tal fazer exerc\u00edcio (leve a moderado) curtindo uma paisagem linda e entrando de perto no \u201cpantanal carioca\u201d. Divirta-se com um grupo animado, aprecie capivaras, p\u00e1ssaros e peixes pulando em um passeio top pela lagoa de Marapendi<\/p><\/div><\/div>\n<\/div>\n\n\n\n<div class=\"wp-block-column is-layout-flow wp-block-column-is-layout-flow\">\n<figure class=\"wp-block-image size-thumbnail\"><img loading=\"lazy\" decoding=\"async\" width=\"150\" height=\"150\" src=\"https:\/\/martinhasflatrio.com.br\/wp-content\/uploads\/2022\/06\/Canoa-por-do-sol-1-150x150.jpeg\" alt=\"\" class=\"wp-image-438\"\/><\/figure>\n<\/div>\n<\/div>\n\n\n\n<div class=\"wp-block-columns has-ast-global-color-5-background-color has-background is-layout-flex wp-container-core-columns-is-layout-28f84493 wp-block-columns-is-layout-flex\">\n<div class=\"wp-block-column is-layout-flow wp-block-column-is-layout-flow\" style=\"flex-basis:250px\">\n<div class=\"wp-block-uagb-info-box uagb-block-dc4f5cf8 uagb-infobox__content-wrap  uagb-infobox_cta-type-all uagb-infobox-icon-above-title uagb-infobox-image-valign-top uagb-infobox__outer-wrap\"><a href=\"https:\/\/martinhasflatrio.com.br\/?page_id=947\" class=\"uagb-infobox-link-wrap uagb-infbox__link-to-all\" target=\"_self\" aria-label=\"Infobox Link\" rel=\"noopener noreferrer\"><\/a><div class=\"uagb-ifb-content\"><div class=\"uagb-ifb-icon-wrap\"><svg xmlns=\"https:\/\/www.w3.org\/2000\/svg\" viewBox=\"0 0 640 512\"><path d=\"M349.9 236.3h-66.1v-59.4h66.1v59.4zm0-204.3h-66.1v60.7h66.1V32zm78.2 144.8H362v59.4h66.1v-59.4zm-156.3-72.1h-66.1v60.1h66.1v-60.1zm78.1 0h-66.1v60.1h66.1v-60.1zm276.8 100c-14.4-9.7-47.6-13.2-73.1-8.4-3.3-24-16.7-44.9-41.1-63.7l-14-9.3-9.3 14c-18.4 27.8-23.4 73.6-3.7 103.8-8.7 4.7-25.8 11.1-48.4 10.7H2.4c-8.7 50.8 5.8 116.8 44 162.1 37.1 43.9 92.7 66.2 165.4 66.2 157.4 0 273.9-72.5 328.4-204.2 21.4 .4 67.6 .1 91.3-45.2 1.5-2.5 6.6-13.2 8.5-17.1l-13.3-8.9zm-511.1-27.9h-66v59.4h66.1v-59.4zm78.1 0h-66.1v59.4h66.1v-59.4zm78.1 0h-66.1v59.4h66.1v-59.4zm-78.1-72.1h-66.1v60.1h66.1v-60.1z\"><\/path><\/svg><\/div><div class=\"uagb-ifb-title-wrap\"><h3 class=\"uagb-ifb-title\">Caiaque e Stand Up em Guaratiba<\/h3><\/div><div class=\"uagb-ifb-button-wrapper wp-block-button\"><\/div><\/div><\/div>\n<\/div>\n\n\n\n<div class=\"wp-block-column is-layout-flow wp-block-column-is-layout-flow\" style=\"flex-basis:500px\">\n<div class=\"wp-block-uagb-info-box uagb-block-20368d37 uagb-infobox__content-wrap  uagb-infobox-icon-above-title uagb-infobox-image-valign-top\"><div class=\"uagb-ifb-content\"><div class=\"uagb-ifb-title-wrap\"><\/div><p class=\"uagb-ifb-desc\">Uma das regi\u00f5es mais inexploradas do Rio \u00e9 o mangue de Barra de Guaratiba. L\u00e1 voc\u00ea tem op\u00e7\u00f5es de aluguel de caiaques (simples ou duplos) ou pranchas de Stand Up e pode navegar pelos canais da restinga de Marambaia, um lugar lindo e selvagem com p\u00e1ssaros, tartarugas, vegeta\u00e7\u00e3o de mangue abundante.<\/p><\/div><\/div>\n<\/div>\n\n\n\n<div class=\"wp-block-column is-layout-flow wp-block-column-is-layout-flow\">\n<figure class=\"wp-block-image size-thumbnail\"><img loading=\"lazy\" decoding=\"async\" width=\"150\" height=\"150\" src=\"https:\/\/martinhasflatrio.com.br\/wp-content\/uploads\/2022\/08\/Clubinho-Marta-e-Augusto-c-pranchas-150x150.jpeg\" alt=\"\" class=\"wp-image-830\"\/><\/figure>\n<\/div>\n<\/div>\n\n\n\n<div class=\"wp-block-columns has-ast-global-color-5-background-color has-background is-layout-flex wp-container-core-columns-is-layout-28f84493 wp-block-columns-is-layout-flex\">\n<div class=\"wp-block-column is-layout-flow wp-block-column-is-layout-flow\" style=\"flex-basis:250px\">\n<div class=\"wp-block-uagb-info-box uagb-block-62339548 uagb-infobox__content-wrap  uagb-infobox_cta-type-all uagb-infobox-icon-above-title uagb-infobox-image-valign-top uagb-infobox__outer-wrap\"><a href=\"https:\/\/martinhasflatrio.com.br\/?page_id=949\" class=\"uagb-infobox-link-wrap uagb-infbox__link-to-all\" target=\"_self\" aria-label=\"Infobox Link\" rel=\"noopener noreferrer\"><\/a><div class=\"uagb-ifb-content\"><div class=\"uagb-ifb-icon-wrap\"><svg xmlns=\"https:\/\/www.w3.org\/2000\/svg\" viewBox=\"0 0 576 512\"><path d=\"M549.8 237.5c-31.23-5.719-46.84-20.06-47.13-20.31C490.4 205 470.3 205.1 457.7 216.8c-1 .9375-25.14 23-73.73 23s-72.73-22.06-73.38-22.62C298.4 204.9 278.3 205.1 265.7 216.8c-1 .9375-25.14 23-73.73 23S119.3 217.8 118.6 217.2C106.4 204.9 86.35 205 73.74 216.9C73.09 217.4 57.48 231.8 26.24 237.5c-17.38 3.188-28.89 19.84-25.72 37.22c3.188 17.38 19.78 29.09 37.25 25.72C63.1 295.8 82.49 287.1 95.96 279.2c19.5 11.53 51.47 24.68 96.04 24.68c44.55 0 76.49-13.12 96-24.65c19.52 11.53 51.45 24.59 96 24.59c44.58 0 76.55-13.09 96.05-24.62c13.47 7.938 32.86 16.62 58.19 21.25c17.56 3.375 34.06-8.344 37.25-25.72C578.7 257.4 567.2 240.7 549.8 237.5zM549.8 381.7c-31.23-5.719-46.84-20.06-47.13-20.31c-12.22-12.19-32.31-12.12-44.91-.375C456.7 361.9 432.6 384 384 384s-72.73-22.06-73.38-22.62c-12.22-12.25-32.3-12.12-44.89-.375C264.7 361.9 240.6 384 192 384s-72.73-22.06-73.38-22.62c-12.22-12.25-32.28-12.16-44.89-.3438c-.6562 .5938-16.27 14.94-47.5 20.66c-17.38 3.188-28.89 19.84-25.72 37.22C3.713 436.3 20.31 448 37.78 444.6C63.1 440 82.49 431.3 95.96 423.4c19.5 11.53 51.51 24.62 96.08 24.62c44.55 0 76.45-13.06 95.96-24.59C307.5 434.9 339.5 448 384.1 448c44.58 0 76.5-13.09 95.1-24.62c13.47 7.938 32.86 16.62 58.19 21.25C555.8 448 572.3 436.3 575.5 418.9C578.7 401.5 567.2 384.9 549.8 381.7zM37.78 156.4c25.33-4.625 44.72-13.31 58.19-21.25c19.5 11.53 51.47 24.68 96.04 24.68c44.55 0 76.49-13.12 96-24.65c19.52 11.53 51.45 24.59 96 24.59c44.58 0 76.55-13.09 96.05-24.62c13.47 7.938 32.86 16.62 58.19 21.25c17.56 3.375 34.06-8.344 37.25-25.72c3.172-17.38-8.344-34.03-25.72-37.22c-31.23-5.719-46.84-20.06-47.13-20.31c-12.22-12.19-32.31-12.12-44.91-.375c-1 .9375-25.14 23-73.73 23s-72.73-22.06-73.38-22.62c-12.22-12.25-32.3-12.12-44.89-.375c-1 .9375-25.14 23-73.73 23S119.3 73.76 118.6 73.2C106.4 60.95 86.35 61.04 73.74 72.85C73.09 73.45 57.48 87.79 26.24 93.51c-17.38 3.188-28.89 19.84-25.72 37.22C3.713 148.1 20.31 159.8 37.78 156.4z\"><\/path><\/svg><\/div><div class=\"uagb-ifb-title-wrap\"><h3 class=\"uagb-ifb-title\">Surf na <br>Barra<\/h3><\/div><div class=\"uagb-ifb-button-wrapper wp-block-button\"><\/div><\/div><\/div>\n<\/div>\n\n\n\n<div class=\"wp-block-column is-layout-flow wp-block-column-is-layout-flow\" style=\"flex-basis:500px\">\n<div class=\"wp-block-uagb-info-box uagb-block-33792f8e uagb-infobox__content-wrap  uagb-infobox-icon-above-title uagb-infobox-image-valign-top\"><div class=\"uagb-ifb-content\"><div class=\"uagb-ifb-title-wrap\"><\/div><p class=\"uagb-ifb-desc\">A Barra \u00e9 sinonimo de surf! Com mais de 16km de praias ideais para surf, aqui \u00e9 o lugar para voc\u00ea se divertir. Se voc\u00ea trouxe a prancha, \u00e9 s\u00f3 pegar a balsa e ir pras ondas. Mas se voc\u00ea precisa alugar, ou fazer umas aulas de surf, d\u00e1 uma olhada aqui nas dicas &#8211; d\u00e1 pra ir a p\u00e9!<\/p><\/div><\/div>\n<\/div>\n\n\n\n<div class=\"wp-block-column is-layout-flow wp-block-column-is-layout-flow\">\n<figure class=\"wp-block-image size-thumbnail\"><img loading=\"lazy\" decoding=\"async\" width=\"150\" height=\"150\" src=\"https:\/\/martinhasflatrio.com.br\/wp-content\/uploads\/2022\/08\/Surfista-150x150.jpg\" alt=\"\" class=\"wp-image-960\"\/><\/figure>\n<\/div>\n<\/div>\n<\/div><\/section>\n","protected":false},"excerpt":{"rendered":"","protected":false},"author":1,"featured_media":0,"parent":0,"menu_order":0,"comment_status":"closed","ping_status":"closed","template":"","meta":{"_uag_custom_page_level_css":"","site-sidebar-layout":"default","site-content-layout":"default","ast-global-header-display":"","ast-main-header-display":"","ast-hfb-above-header-display":"","ast-hfb-below-header-display":"","ast-hfb-mobile-header-display":"","site-post-title":"disabled","ast-breadcrumbs-content":"","ast-featured-img":"","footer-sml-layout":"","theme-transparent-header-meta":"","adv-header-id-meta":"","stick-header-meta":"","header-above-stick-meta":"","header-main-stick-meta":"","header-below-stick-meta":"","footnotes":""},"class_list":["post-952","page","type-page","status-publish","hentry"],"uagb_featured_image_src":{"full":false,"thumbnail":false,"medium":false,"medium_large":false,"large":false,"1536x1536":false,"2048x2048":false},"uagb_author_info":{"display_name":"Augusto","author_link":"https:\/\/martinhasflatrio.com.br\/?author=1"},"uagb_comment_info":0,"uagb_excerpt":null,"_links":{"self":[{"href":"https:\/\/martinhasflatrio.com.br\/index.php?rest_route=\/wp\/v2\/pages\/952","targetHints":{"allow":["GET"]}}],"collection":[{"href":"https:\/\/martinhasflatrio.com.br\/index.php?rest_route=\/wp\/v2\/pages"}],"about":[{"href":"https:\/\/martinhasflatrio.com.br\/index.php?rest_route=\/wp\/v2\/types\/page"}],"author":[{"embeddable":true,"href":"https:\/\/martinhasflatrio.com.br\/index.php?rest_route=\/wp\/v2\/users\/1"}],"replies":[{"embeddable":true,"href":"https:\/\/martinhasflatrio.com.br\/index.php?rest_route=%2Fwp%2Fv2%2Fcomments&post=952"}],"version-history":[{"count":22,"href":"https:\/\/martinhasflatrio.com.br\/index.php?rest_route=\/wp\/v2\/pages\/952\/revisions"}],"predecessor-version":[{"id":1706,"href":"https:\/\/martinhasflatrio.com.br\/index.php?rest_route=\/wp\/v2\/pages\/952\/revisions\/1706"}],"wp:attachment":[{"href":"https:\/\/martinhasflatrio.com.br\/index.php?rest_route=%2Fwp%2Fv2%2Fmedia&parent=952"}],"curies":[{"name":"wp","href":"https:\/\/api.w.org\/{rel}","templated":true}]}}