{"id":949,"date":"2022-08-08T18:20:51","date_gmt":"2022-08-08T21:20:51","guid":{"rendered":"https:\/\/martinhasflatrio.com.br\/?page_id=949"},"modified":"2023-02-18T11:07:36","modified_gmt":"2023-02-18T14:07:36","slug":"card-5","status":"publish","type":"page","link":"https:\/\/martinhasflatrio.com.br\/?page_id=949","title":{"rendered":"Card Surf na Barra"},"content":{"rendered":"\n<div class=\"wp-block-cover alignfull has-parallax\" style=\"padding-top:200px;padding-right:200px;padding-bottom:200px;padding-left:200px;min-height:181px;aspect-ratio:unset;\"><span aria-hidden=\"true\" class=\"wp-block-cover__background has-ast-global-color-0-background-color has-background-dim-70 has-background-dim\"><\/span><div role=\"img\" class=\"wp-block-cover__image-background wp-image-438 has-parallax\" style=\"background-position:50% 50%;background-image:url(http:\/\/martinhasflatrio.com.br\/wp-content\/uploads\/2022\/06\/Canoa-por-do-sol-1.jpeg)\"><\/div><div class=\"wp-block-cover__inner-container is-layout-flow wp-block-cover-is-layout-flow\">\n<p class=\"has-text-align-center has-large-font-size\"><\/p>\n<\/div><\/div>\n\n\n\n<section class=\"wp-block-uagb-section uagb-section__wrap uagb-section__background-image uagb-block-dce90763\"><div class=\"uagb-section__overlay\"><\/div><div class=\"uagb-section__inner-wrap\">\n<section class=\"wp-block-uagb-columns uagb-columns__wrap uagb-columns__background-none uagb-columns__stack-mobile uagb-columns__valign- uagb-columns__gap-10 align uagb-block-7b111667 uagb-columns__columns-1 uagb-columns__max_width-theme\"><div class=\"uagb-columns__overlay\"><\/div><div class=\"uagb-columns__inner-wrap uagb-columns__columns-1\">\n<div class=\"wp-block-uagb-column uagb-column__wrap uagb-column__background-undefined uagb-block-44b642a8\"><div class=\"uagb-column__overlay\"><\/div>\n<div class=\"wp-block-uagb-info-box uagb-block-8fbd2933 uagb-infobox__content-wrap  uagb-infobox-icon-above-title uagb-infobox-image-valign-top uagb-infobox__outer-wrap\"><div class=\"uagb-ifb-content\"><div class=\"uagb-ifb-icon-wrap\"><svg xmlns=\"https:\/\/www.w3.org\/2000\/svg\" viewBox=\"0 0 576 512\"><path d=\"M352 176C369.7 176 384 190.3 384 208C384 225.7 369.7 240 352 240H320V448H368C421 448 464 405 464 352V345.9L456.1 352.1C447.6 362.3 432.4 362.3 423 352.1C413.7 343.6 413.7 328.4 423 319L479 263C488.4 253.7 503.6 253.7 512.1 263L568.1 319C578.3 328.4 578.3 343.6 568.1 352.1C559.6 362.3 544.4 362.3 535 352.1L528 345.9V352C528 440.4 456.4 512 368 512H208C119.6 512 48 440.4 48 352V345.9L40.97 352.1C31.6 362.3 16.4 362.3 7.029 352.1C-2.343 343.6-2.343 328.4 7.029 319L63.03 263C72.4 253.7 87.6 253.7 96.97 263L152.1 319C162.3 328.4 162.3 343.6 152.1 352.1C143.6 362.3 128.4 362.3 119 352.1L112 345.9V352C112 405 154.1 448 208 448H256V240H224C206.3 240 192 225.7 192 208C192 190.3 206.3 176 224 176H234.9C209 158.8 192 129.4 192 96C192 42.98 234.1 0 288 0C341 0 384 42.98 384 96C384 129.4 366.1 158.8 341.1 176H352zM288 128C305.7 128 320 113.7 320 96C320 78.33 305.7 64 288 64C270.3 64 256 78.33 256 96C256 113.7 270.3 128 288 128z\"><\/path><\/svg><\/div><div class=\"uagb-ifb-title-wrap\"><h2 class=\"uagb-ifb-title\">Surf na Barra<\/h2><\/div><p class=\"uagb-ifb-desc\">A praia da Barra \u00e9 sin\u00f4nimo de surf e ondas perfeitas. Se voc\u00ea \u00e9 experiente ou quer aprender a surfar, veio ao lugar certo!<br>No flat a prancha do Augusto est\u00e1 \u00e0 disposi\u00e7\u00e3o dos iniciados &#8211; \u00e9 s\u00f3 passar uma parafina e se jogar no mar!<br>Se voc\u00ea prefere ir com calma e fazer uma aula avulsa, h\u00e1 v\u00e1rias op\u00e7\u00f5es na praia. Basta ir a p\u00e9 at\u00e9 a praia (veja nas dicas do ap) e andar para a esquerda. Voc\u00ea vai ver alguns grupos de surfistas com camisas iguais, que indicam uma escolinha de surf ali. Basta procurar um dos instrutores e dizer que quer fazer uma aula avulsa. As pranchas s\u00e3o mais longas e macias, favorecendo o aprendizado. <br>Aqui n\u00e3o recomendamos nenhuma escola em espec\u00edfico, por n\u00e3o termos experimentado pessoalmente \ud83d\ude09<\/p><\/div><\/div>\n<\/div>\n<\/div><\/section>\n\n\n\n<section class=\"wp-block-uagb-columns uagb-columns__wrap uagb-columns__background-none uagb-columns__stack-mobile uagb-columns__valign- uagb-columns__gap-10 align uagb-block-61b9a8e5 uagb-columns__columns-3 uagb-columns__max_width-theme\"><div class=\"uagb-columns__overlay\"><\/div><div class=\"uagb-columns__inner-wrap uagb-columns__columns-3\">\n<div class=\"wp-block-uagb-column uagb-column__wrap uagb-column__background-undefined uagb-block-53d509b4\"><div class=\"uagb-column__overlay\"><\/div>\n<div class=\"wp-block-uagb-info-box uagb-block-531f9fb9 uagb-infobox__content-wrap  uagb-infobox-icon-above-title uagb-infobox-image-valign-top uagb-infobox__outer-wrap\"><div class=\"uagb-ifb-content\"><div class=\"uagb-ifb-icon-wrap\"><svg xmlns=\"https:\/\/www.w3.org\/2000\/svg\" viewBox=\"0 0 512 512\"><path d=\"M0 256C0 114.6 114.6 0 256 0C397.4 0 512 114.6 512 256C512 397.4 397.4 512 256 512C114.6 512 0 397.4 0 256zM371.8 211.8C382.7 200.9 382.7 183.1 371.8 172.2C360.9 161.3 343.1 161.3 332.2 172.2L224 280.4L179.8 236.2C168.9 225.3 151.1 225.3 140.2 236.2C129.3 247.1 129.3 264.9 140.2 275.8L204.2 339.8C215.1 350.7 232.9 350.7 243.8 339.8L371.8 211.8z\"><\/path><\/svg><\/div><div class=\"uagb-ifb-title-wrap\"><h3 class=\"uagb-ifb-title\">O que \u00e9<\/h3><\/div><p class=\"uagb-ifb-desc\">As escolinhas de surf oferecem pranchas de espuma (evitam impactos) e instrutores que acompanham os alunos dentro d\u00b4\u00e1gua. T\u00eam aulas te\u00f3ricas e pr\u00e1ticas, bem como dicas sobre seguran\u00e7a e correntezas. Ideal para iniciantes, principalmente mulheres e crian\u00e7as. <\/p><\/div><\/div>\n<\/div>\n\n\n\n<div class=\"wp-block-uagb-column uagb-column__wrap uagb-column__background-image uagb-block-63a37a30\"><div class=\"uagb-column__overlay\"><\/div>\n<div class=\"wp-block-uagb-info-box uagb-block-fd9571a8 uagb-infobox__content-wrap  uagb-infobox-icon-above-title uagb-infobox-image-valign-top uagb-infobox__outer-wrap\"><div class=\"uagb-ifb-content\"><div class=\"uagb-ifb-icon-wrap\"><svg xmlns=\"https:\/\/www.w3.org\/2000\/svg\" viewBox=\"0 0 384 512\"><path d=\"M168.3 499.2C116.1 435 0 279.4 0 192C0 85.96 85.96 0 192 0C298 0 384 85.96 384 192C384 279.4 267 435 215.7 499.2C203.4 514.5 180.6 514.5 168.3 499.2H168.3zM192 256C227.3 256 256 227.3 256 192C256 156.7 227.3 128 192 128C156.7 128 128 156.7 128 192C128 227.3 156.7 256 192 256z\"><\/path><\/svg><\/div><div class=\"uagb-ifb-title-wrap\"><h3 class=\"uagb-ifb-title\">Como chegar<\/h3><\/div><p class=\"uagb-ifb-desc\">V\u00e1 para a praia (dicas do ap) e siga pelo cal\u00e7ad\u00e3o ou pela areia \u00e0 esquerda, em dire\u00e7\u00e3o ao Quebra-mar. Ao avistar grupos de surfistas com camisas iguais, procure um instrutor e pe\u00e7a as informa\u00e7\u00f5es necess\u00e1rias.<\/p><\/div><\/div>\n<\/div>\n\n\n\n<div class=\"wp-block-uagb-column uagb-column__wrap uagb-column__background-undefined uagb-block-9ed7e9af\"><div class=\"uagb-column__overlay\"><\/div>\n<div class=\"wp-block-uagb-info-box uagb-block-8ad74a74 uagb-infobox__content-wrap  uagb-infobox-icon-above-title uagb-infobox-image-valign-top uagb-infobox__outer-wrap\"><div class=\"uagb-ifb-content\"><div class=\"uagb-ifb-icon-wrap\"><svg xmlns=\"https:\/\/www.w3.org\/2000\/svg\" viewBox=\"0 0 448 512\"><path d=\"M380.9 97.1C339 55.1 283.2 32 223.9 32c-122.4 0-222 99.6-222 222 0 39.1 10.2 77.3 29.6 111L0 480l117.7-30.9c32.4 17.7 68.9 27 106.1 27h.1c122.3 0 224.1-99.6 224.1-222 0-59.3-25.2-115-67.1-157zm-157 341.6c-33.2 0-65.7-8.9-94-25.7l-6.7-4-69.8 18.3L72 359.2l-4.4-7c-18.5-29.4-28.2-63.3-28.2-98.2 0-101.7 82.8-184.5 184.6-184.5 49.3 0 95.6 19.2 130.4 54.1 34.8 34.9 56.2 81.2 56.1 130.5 0 101.8-84.9 184.6-186.6 184.6zm101.2-138.2c-5.5-2.8-32.8-16.2-37.9-18-5.1-1.9-8.8-2.8-12.5 2.8-3.7 5.6-14.3 18-17.6 21.8-3.2 3.7-6.5 4.2-12 1.4-32.6-16.3-54-29.1-75.5-66-5.7-9.8 5.7-9.1 16.3-30.3 1.8-3.7 .9-6.9-.5-9.7-1.4-2.8-12.5-30.1-17.1-41.2-4.5-10.8-9.1-9.3-12.5-9.5-3.2-.2-6.9-.2-10.6-.2-3.7 0-9.7 1.4-14.8 6.9-5.1 5.6-19.4 19-19.4 46.3 0 27.3 19.9 53.7 22.6 57.4 2.8 3.7 39.1 59.7 94.8 83.8 35.2 15.2 49 16.5 66.6 13.9 10.7-1.6 32.8-13.4 37.4-26.4 4.6-13 4.6-24.1 3.2-26.4-1.3-2.5-5-3.9-10.5-6.6z\"><\/path><\/svg><\/div><div class=\"uagb-ifb-title-wrap\"><h3 class=\"uagb-ifb-title\">Contatos<\/h3><\/div><p class=\"uagb-ifb-desc\">Ainda n\u00e3o temos nenhuma recomenda\u00e7\u00e3o pessoal<\/p><\/div><\/div>\n\n\n\n<ul class=\"wp-block-social-links aligncenter has-normal-icon-size has-visible-labels is-style-logos-only is-horizontal is-content-justification-left is-layout-flex wp-container-core-social-links-is-layout-f89de26e wp-block-social-links-is-layout-flex\"><\/ul>\n<\/div>\n<\/div><\/section>\n\n\n\n<section class=\"wp-block-uagb-columns uagb-columns__wrap uagb-columns__background-none uagb-columns__stack-mobile uagb-columns__valign- uagb-columns__gap-10 align uagb-block-ac082292 uagb-columns__columns-3 uagb-columns__max_width-theme\"><div class=\"uagb-columns__overlay\"><\/div><div class=\"uagb-columns__inner-wrap uagb-columns__columns-3\">\n<div class=\"wp-block-uagb-column uagb-column__wrap uagb-column__background-undefined uagb-block-dadf683c\"><div class=\"uagb-column__overlay\"><\/div>\n<div class=\"wp-block-uagb-info-box uagb-block-0a0d599d uagb-infobox__content-wrap  uagb-infobox-icon-above-title uagb-infobox-image-valign-top uagb-infobox__outer-wrap\"><div class=\"uagb-ifb-content\"><div class=\"uagb-ifb-icon-wrap\"><svg xmlns=\"https:\/\/www.w3.org\/2000\/svg\" viewBox=\"0 0 448 512\"><path d=\"M112 112C112 50.14 162.1 0 224 0C285.9 0 336 50.14 336 112V160H400C426.5 160 448 181.5 448 208V416C448 469 405 512 352 512H96C42.98 512 0 469 0 416V208C0 181.5 21.49 160 48 160H112V112zM160 160H288V112C288 76.65 259.3 48 224 48C188.7 48 160 76.65 160 112V160zM136 256C149.3 256 160 245.3 160 232C160 218.7 149.3 208 136 208C122.7 208 112 218.7 112 232C112 245.3 122.7 256 136 256zM312 208C298.7 208 288 218.7 288 232C288 245.3 298.7 256 312 256C325.3 256 336 245.3 336 232C336 218.7 325.3 208 312 208z\"><\/path><\/svg><\/div><div class=\"uagb-ifb-title-wrap\"><h3 class=\"uagb-ifb-title\">O que levar<\/h3><\/div><p class=\"uagb-ifb-desc\">As escolas normalmente oferecem a camisa UV, que tamb\u00e9m protege a barriga e peito da fric\u00e7\u00e3o com  a prancha. V\u00e1 com cal\u00e7\u00e3o de praia, chinelos e um bom chap\u00e9u ou bon\u00e9. Leve protetor solar e use em abund\u00e2ncia! Nunca \u00e9 demais \ud83d\ude09<\/p><\/div><\/div>\n<\/div>\n\n\n\n<div class=\"wp-block-uagb-column uagb-column__wrap uagb-column__background-image uagb-block-049b15f5\"><div class=\"uagb-column__overlay\"><\/div>\n<div class=\"wp-block-uagb-info-box uagb-block-512dcc1e uagb-infobox__content-wrap  uagb-infobox-icon-above-title uagb-infobox-image-valign-top uagb-infobox__outer-wrap\"><div class=\"uagb-ifb-content\"><div class=\"uagb-ifb-icon-wrap\"><svg xmlns=\"https:\/\/www.w3.org\/2000\/svg\" viewBox=\"0 0 320 512\"><path d=\"M160 0C177.7 0 192 14.33 192 32V67.68C193.6 67.89 195.1 68.12 196.7 68.35C207.3 69.93 238.9 75.02 251.9 78.31C268.1 82.65 279.4 100.1 275 117.2C270.7 134.3 253.3 144.7 236.1 140.4C226.8 137.1 198.5 133.3 187.3 131.7C155.2 126.9 127.7 129.3 108.8 136.5C90.52 143.5 82.93 153.4 80.92 164.5C78.98 175.2 80.45 181.3 82.21 185.1C84.1 189.1 87.79 193.6 95.14 198.5C111.4 209.2 136.2 216.4 168.4 225.1L171.2 225.9C199.6 233.6 234.4 243.1 260.2 260.2C274.3 269.6 287.6 282.3 295.8 299.9C304.1 317.7 305.9 337.7 302.1 358.1C295.1 397 268.1 422.4 236.4 435.6C222.8 441.2 207.8 444.8 192 446.6V480C192 497.7 177.7 512 160 512C142.3 512 128 497.7 128 480V445.1C127.6 445.1 127.1 444.1 126.7 444.9L126.5 444.9C102.2 441.1 62.07 430.6 35 418.6C18.85 411.4 11.58 392.5 18.76 376.3C25.94 360.2 44.85 352.9 60.1 360.1C81.9 369.4 116.3 378.5 136.2 381.6C168.2 386.4 194.5 383.6 212.3 376.4C229.2 369.5 236.9 359.5 239.1 347.5C241 336.8 239.6 330.7 237.8 326.9C235.9 322.9 232.2 318.4 224.9 313.5C208.6 302.8 183.8 295.6 151.6 286.9L148.8 286.1C120.4 278.4 85.58 268.9 59.76 251.8C45.65 242.4 32.43 229.7 24.22 212.1C15.89 194.3 14.08 174.3 17.95 153C25.03 114.1 53.05 89.29 85.96 76.73C98.98 71.76 113.1 68.49 128 66.73V32C128 14.33 142.3 0 160 0V0z\"><\/path><\/svg><\/div><div class=\"uagb-ifb-title-wrap\"><h3 class=\"uagb-ifb-title\">Custo e Requisitos<\/h3><\/div><p class=\"uagb-ifb-desc\"> O custo de aula avulsa n\u00e3o \u00e9 alto. Tamb\u00e9m podem ser negociados pacotes para o per\u00edodo da estadia.<\/p><\/div><\/div>\n<\/div>\n\n\n\n<div class=\"wp-block-uagb-column uagb-column__wrap uagb-column__background-undefined uagb-block-3de50984\"><div class=\"uagb-column__overlay\"><\/div>\n<div class=\"wp-block-uagb-info-box uagb-block-b5b1966f uagb-infobox__content-wrap  uagb-infobox-icon-above-title uagb-infobox-image-valign-top uagb-infobox__outer-wrap\"><div class=\"uagb-ifb-content\"><div class=\"uagb-ifb-icon-wrap\"><svg xmlns=\"https:\/\/www.w3.org\/2000\/svg\" viewBox=\"0 0 512 512\"><path d=\"M256 512C114.6 512 0 397.4 0 256C0 114.6 114.6 0 256 0C397.4 0 512 114.6 512 256C512 397.4 397.4 512 256 512zM232 256C232 264 236 271.5 242.7 275.1L338.7 339.1C349.7 347.3 364.6 344.3 371.1 333.3C379.3 322.3 376.3 307.4 365.3 300L280 243.2V120C280 106.7 269.3 96 255.1 96C242.7 96 231.1 106.7 231.1 120L232 256z\"><\/path><\/svg><\/div><div class=\"uagb-ifb-title-wrap\"><h3 class=\"uagb-ifb-title\">Horarios<\/h3><\/div><p class=\"uagb-ifb-desc\">A maioria das escolas funciona na parte da manh\u00e3, quando venta menos. <\/p><\/div><\/div>\n<\/div>\n<\/div><\/section>\n\n\n\n<section class=\"wp-block-uagb-section uagb-section__wrap uagb-section__background-undefined uagb-block-1cab7369\"><div class=\"uagb-section__overlay\"><\/div><div class=\"uagb-section__inner-wrap\">\t\t\t<div \n\t\t\tclass=\"wp-block-uagb-google-map uagb-google-map__wrap uagb-block-43d1b7c8     \"\n\t\t\tstyle=\"\" >\n\t\t\t\t<embed\n\t\t\t\t\tclass=\"uagb-google-map__iframe\"\n\t\t\t\t\ttitle=\"Google Map for \"\n\t\t\t\t\tsrc=\"https:\/\/maps.google.com\/maps?q=Av%20Lucio%20Costa%2C%203500&#038;z=16&#038;hl=en&#038;t=m&#038;output=embed&#038;iwloc=near\"\n\t\t\t\t\twidth=\"640\"\n\t\t\t\t\theight=\"400\"\n\t\t\t\t\tloading=\"lazy\"\n\t\t\t\t><\/embed>\n\t\t\t<\/div>\n\t\t\t<\/div><\/section>\n\n\n\n<div class=\"wp-block-uagb-advanced-heading uagb-block-6ab37d24 uagb-heading-text\"><h2 class=\"uagb-heading-text\"><h2 class=\"uagb-heading-text\"><\/h2><h2 class=\"uagb-heading-text\">Galeria de Fotos<\/h2><div class=\"uagb-separator\"><\/div><div class=\"uagb-separator\"><\/div><\/h2><div class=\"uagb-separator\"><\/div><\/div>\n\n\n\n<figure class=\"wp-block-gallery has-nested-images columns-1 is-cropped uag-masonry uagb-block-22e588f0 wp-block-gallery-1 is-layout-flex wp-block-gallery-is-layout-flex\">\n<figure class=\"wp-block-image size-large has-custom-border\"><a href=\"https:\/\/martinhasflatrio.com.br\/wp-content\/uploads\/2022\/11\/20220128_090616-scaled.jpg\"><img loading=\"lazy\" decoding=\"async\" width=\"768\" height=\"1024\" data-id=\"1734\" src=\"https:\/\/martinhasflatrio.com.br\/wp-content\/uploads\/2022\/11\/20220128_090616-768x1024.jpg\" alt=\"\" class=\"wp-image-1734\" style=\"border-radius:50px\" srcset=\"https:\/\/martinhasflatrio.com.br\/wp-content\/uploads\/2022\/11\/20220128_090616-768x1024.jpg 768w, https:\/\/martinhasflatrio.com.br\/wp-content\/uploads\/2022\/11\/20220128_090616-225x300.jpg 225w, https:\/\/martinhasflatrio.com.br\/wp-content\/uploads\/2022\/11\/20220128_090616-1152x1536.jpg 1152w, https:\/\/martinhasflatrio.com.br\/wp-content\/uploads\/2022\/11\/20220128_090616-1536x2048.jpg 1536w, https:\/\/martinhasflatrio.com.br\/wp-content\/uploads\/2022\/11\/20220128_090616-scaled.jpg 1920w\" sizes=\"auto, (max-width: 768px) 100vw, 768px\" \/><\/a><\/figure>\n\n\n\n<figure class=\"wp-block-image size-large\"><a href=\"https:\/\/martinhasflatrio.com.br\/wp-content\/uploads\/2022\/11\/20210501_104534-scaled.jpg\"><img loading=\"lazy\" decoding=\"async\" width=\"1024\" height=\"768\" data-id=\"1736\" src=\"https:\/\/martinhasflatrio.com.br\/wp-content\/uploads\/2022\/11\/20210501_104534-1024x768.jpg\" alt=\"\" class=\"wp-image-1736\" srcset=\"https:\/\/martinhasflatrio.com.br\/wp-content\/uploads\/2022\/11\/20210501_104534-1024x768.jpg 1024w, https:\/\/martinhasflatrio.com.br\/wp-content\/uploads\/2022\/11\/20210501_104534-300x225.jpg 300w, https:\/\/martinhasflatrio.com.br\/wp-content\/uploads\/2022\/11\/20210501_104534-768x576.jpg 768w, https:\/\/martinhasflatrio.com.br\/wp-content\/uploads\/2022\/11\/20210501_104534-1536x1152.jpg 1536w, https:\/\/martinhasflatrio.com.br\/wp-content\/uploads\/2022\/11\/20210501_104534-2048x1536.jpg 2048w\" sizes=\"auto, (max-width: 1024px) 100vw, 1024px\" \/><\/a><\/figure>\n\n\n\n<figure class=\"wp-block-image size-large\"><a href=\"https:\/\/martinhasflatrio.com.br\/wp-content\/uploads\/2022\/11\/20220128_085755-scaled.jpg\"><img loading=\"lazy\" decoding=\"async\" width=\"1024\" height=\"768\" data-id=\"1740\" src=\"https:\/\/martinhasflatrio.com.br\/wp-content\/uploads\/2022\/11\/20220128_085755-1024x768.jpg\" alt=\"\" class=\"wp-image-1740\" srcset=\"https:\/\/martinhasflatrio.com.br\/wp-content\/uploads\/2022\/11\/20220128_085755-1024x768.jpg 1024w, https:\/\/martinhasflatrio.com.br\/wp-content\/uploads\/2022\/11\/20220128_085755-300x225.jpg 300w, https:\/\/martinhasflatrio.com.br\/wp-content\/uploads\/2022\/11\/20220128_085755-768x576.jpg 768w, https:\/\/martinhasflatrio.com.br\/wp-content\/uploads\/2022\/11\/20220128_085755-1536x1152.jpg 1536w, https:\/\/martinhasflatrio.com.br\/wp-content\/uploads\/2022\/11\/20220128_085755-2048x1536.jpg 2048w\" sizes=\"auto, (max-width: 1024px) 100vw, 1024px\" \/><\/a><\/figure>\n\n\n\n<figure class=\"wp-block-image size-large\"><a href=\"https:\/\/martinhasflatrio.com.br\/wp-content\/uploads\/2022\/11\/20210501_105616-scaled.jpg\"><img loading=\"lazy\" decoding=\"async\" width=\"1024\" height=\"768\" data-id=\"1737\" src=\"https:\/\/martinhasflatrio.com.br\/wp-content\/uploads\/2022\/11\/20210501_105616-1024x768.jpg\" alt=\"\" class=\"wp-image-1737\" srcset=\"https:\/\/martinhasflatrio.com.br\/wp-content\/uploads\/2022\/11\/20210501_105616-1024x768.jpg 1024w, https:\/\/martinhasflatrio.com.br\/wp-content\/uploads\/2022\/11\/20210501_105616-300x225.jpg 300w, https:\/\/martinhasflatrio.com.br\/wp-content\/uploads\/2022\/11\/20210501_105616-768x576.jpg 768w, https:\/\/martinhasflatrio.com.br\/wp-content\/uploads\/2022\/11\/20210501_105616-1536x1152.jpg 1536w, https:\/\/martinhasflatrio.com.br\/wp-content\/uploads\/2022\/11\/20210501_105616-2048x1536.jpg 2048w\" sizes=\"auto, (max-width: 1024px) 100vw, 1024px\" \/><\/a><\/figure>\n\n\n\n<figure class=\"wp-block-image size-large\"><a href=\"https:\/\/martinhasflatrio.com.br\/wp-content\/uploads\/2022\/11\/20210501_110351-scaled.jpg\"><img loading=\"lazy\" decoding=\"async\" width=\"1024\" height=\"768\" data-id=\"1738\" src=\"https:\/\/martinhasflatrio.com.br\/wp-content\/uploads\/2022\/11\/20210501_110351-1024x768.jpg\" alt=\"\" class=\"wp-image-1738\" srcset=\"https:\/\/martinhasflatrio.com.br\/wp-content\/uploads\/2022\/11\/20210501_110351-1024x768.jpg 1024w, https:\/\/martinhasflatrio.com.br\/wp-content\/uploads\/2022\/11\/20210501_110351-300x225.jpg 300w, https:\/\/martinhasflatrio.com.br\/wp-content\/uploads\/2022\/11\/20210501_110351-768x576.jpg 768w, https:\/\/martinhasflatrio.com.br\/wp-content\/uploads\/2022\/11\/20210501_110351-1536x1152.jpg 1536w, https:\/\/martinhasflatrio.com.br\/wp-content\/uploads\/2022\/11\/20210501_110351-2048x1536.jpg 2048w\" sizes=\"auto, (max-width: 1024px) 100vw, 1024px\" \/><\/a><\/figure>\n\n\n\n<figure class=\"wp-block-image size-large\"><a href=\"https:\/\/martinhasflatrio.com.br\/wp-content\/uploads\/2022\/11\/20220128_085725-scaled.jpg\"><img loading=\"lazy\" decoding=\"async\" width=\"1024\" height=\"768\" data-id=\"1739\" src=\"https:\/\/martinhasflatrio.com.br\/wp-content\/uploads\/2022\/11\/20220128_085725-1024x768.jpg\" alt=\"\" class=\"wp-image-1739\" srcset=\"https:\/\/martinhasflatrio.com.br\/wp-content\/uploads\/2022\/11\/20220128_085725-1024x768.jpg 1024w, https:\/\/martinhasflatrio.com.br\/wp-content\/uploads\/2022\/11\/20220128_085725-300x225.jpg 300w, https:\/\/martinhasflatrio.com.br\/wp-content\/uploads\/2022\/11\/20220128_085725-768x576.jpg 768w, https:\/\/martinhasflatrio.com.br\/wp-content\/uploads\/2022\/11\/20220128_085725-1536x1152.jpg 1536w, https:\/\/martinhasflatrio.com.br\/wp-content\/uploads\/2022\/11\/20220128_085725-2048x1536.jpg 2048w\" sizes=\"auto, (max-width: 1024px) 100vw, 1024px\" \/><\/a><\/figure>\n<\/figure>\n<\/div><\/section>\n","protected":false},"excerpt":{"rendered":"","protected":false},"author":1,"featured_media":0,"parent":0,"menu_order":0,"comment_status":"closed","ping_status":"closed","template":"","meta":{"_uag_custom_page_level_css":"","site-sidebar-layout":"default","site-content-layout":"default","ast-global-header-display":"","ast-main-header-display":"","ast-hfb-above-header-display":"","ast-hfb-below-header-display":"","ast-hfb-mobile-header-display":"","site-post-title":"disabled","ast-breadcrumbs-content":"","ast-featured-img":"","footer-sml-layout":"","theme-transparent-header-meta":"","adv-header-id-meta":"","stick-header-meta":"","header-above-stick-meta":"","header-main-stick-meta":"","header-below-stick-meta":"","footnotes":""},"class_list":["post-949","page","type-page","status-publish","hentry"],"uagb_featured_image_src":{"full":false,"thumbnail":false,"medium":false,"medium_large":false,"large":false,"1536x1536":false,"2048x2048":false},"uagb_author_info":{"display_name":"Augusto","author_link":"https:\/\/martinhasflatrio.com.br\/?author=1"},"uagb_comment_info":0,"uagb_excerpt":null,"_links":{"self":[{"href":"https:\/\/martinhasflatrio.com.br\/index.php?rest_route=\/wp\/v2\/pages\/949","targetHints":{"allow":["GET"]}}],"collection":[{"href":"https:\/\/martinhasflatrio.com.br\/index.php?rest_route=\/wp\/v2\/pages"}],"about":[{"href":"https:\/\/martinhasflatrio.com.br\/index.php?rest_route=\/wp\/v2\/types\/page"}],"author":[{"embeddable":true,"href":"https:\/\/martinhasflatrio.com.br\/index.php?rest_route=\/wp\/v2\/users\/1"}],"replies":[{"embeddable":true,"href":"https:\/\/martinhasflatrio.com.br\/index.php?rest_route=%2Fwp%2Fv2%2Fcomments&post=949"}],"version-history":[{"count":8,"href":"https:\/\/martinhasflatrio.com.br\/index.php?rest_route=\/wp\/v2\/pages\/949\/revisions"}],"predecessor-version":[{"id":1860,"href":"https:\/\/martinhasflatrio.com.br\/index.php?rest_route=\/wp\/v2\/pages\/949\/revisions\/1860"}],"wp:attachment":[{"href":"https:\/\/martinhasflatrio.com.br\/index.php?rest_route=%2Fwp%2Fv2%2Fmedia&parent=949"}],"curies":[{"name":"wp","href":"https:\/\/api.w.org\/{rel}","templated":true}]}}