{"id":844,"date":"2022-08-06T11:49:00","date_gmt":"2022-08-06T14:49:00","guid":{"rendered":"https:\/\/martinhasflatrio.com.br\/?page_id=844"},"modified":"2022-12-15T17:37:32","modified_gmt":"2022-12-15T20:37:32","slug":"balsa","status":"publish","type":"page","link":"https:\/\/martinhasflatrio.com.br\/?page_id=844","title":{"rendered":"Balsa"},"content":{"rendered":"\n<div class=\"wp-block-cover alignfull is-light has-parallax\"><span aria-hidden=\"true\" class=\"wp-block-cover__background has-light-green-cyan-background-color has-background-dim-60 has-background-dim\"><\/span><div role=\"img\" class=\"wp-block-cover__image-background wp-image-752 has-parallax\" style=\"background-position:50% 50%;background-image:url(https:\/\/martinhasflatrio.com.br\/wp-content\/uploads\/2022\/08\/20200502_092141-scaled.jpg)\"><\/div><div class=\"wp-block-cover__inner-container is-layout-flow wp-block-cover-is-layout-flow\">\n<p class=\"has-text-align-center has-large-font-size\"><\/p>\n<\/div><\/div>\n\n\n\n<div class=\"wp-block-columns is-layout-flex wp-container-core-columns-is-layout-28f84493 wp-block-columns-is-layout-flex\">\n<div class=\"wp-block-column is-layout-flow wp-block-column-is-layout-flow\" style=\"flex-basis:100%\">\n<section class=\"wp-block-uagb-section uagb-section__wrap uagb-section__background-none uagb-block-4ae5da9e\"><div class=\"uagb-section__overlay\"><\/div><div class=\"uagb-section__inner-wrap\">\n<div class=\"wp-block-uagb-info-box uagb-block-19f5a8f4 uagb-infobox__content-wrap  uagb-infobox-icon-above-title uagb-infobox-image-valign-middle uagb-infobox__outer-wrap\"><div class=\"uagb-ifb-content\"><div class=\"uagb-ifb-icon-wrap\"><svg xmlns=\"https:\/\/www.w3.org\/2000\/svg\" viewBox=\"0 0 576 512\"><path d=\"M192 32C192 14.33 206.3 0 224 0H352C369.7 0 384 14.33 384 32V64H432C458.5 64 480 85.49 480 112V240L524.4 254.8C547.6 262.5 553.9 292.3 535.9 308.7L434.9 401.4C418.7 410.7 400.2 416.5 384 416.5C364.4 416.5 343.2 408.8 324.8 396.1C302.8 380.6 273.3 380.6 251.2 396.1C234 407.9 213.2 416.5 192 416.5C175.8 416.5 157.3 410.7 141.1 401.3L40.09 308.7C22.1 292.3 28.45 262.5 51.59 254.8L96 239.1V111.1C96 85.49 117.5 63.1 144 63.1H192V32zM160 218.7L267.8 182.7C280.9 178.4 295.1 178.4 308.2 182.7L416 218.7V128H160V218.7zM384 448C410.9 448 439.4 437.2 461.4 421.9L461.5 421.9C473.4 413.4 489.5 414.1 500.7 423.6C515 435.5 533.2 444.6 551.3 448.8C568.5 452.8 579.2 470.1 575.2 487.3C571.2 504.5 553.1 515.2 536.7 511.2C512.2 505.4 491.9 494.6 478.5 486.2C449.5 501.7 417 512 384 512C352.1 512 323.4 502.1 303.6 493.1C297.7 490.5 292.5 487.8 288 485.4C283.5 487.8 278.3 490.5 272.4 493.1C252.6 502.1 223.9 512 192 512C158.1 512 126.5 501.7 97.5 486.2C84.12 494.6 63.79 505.4 39.27 511.2C22.06 515.2 4.853 504.5 .8422 487.3C-3.169 470.1 7.532 452.8 24.74 448.8C42.84 444.6 60.96 435.5 75.31 423.6C86.46 414.1 102.6 413.4 114.5 421.9L114.6 421.9C136.7 437.2 165.1 448 192 448C219.5 448 247 437.4 269.5 421.9C280.6 414 295.4 414 306.5 421.9C328.1 437.4 356.5 448 384 448H384z\"><\/path><\/svg><\/div><div class=\"uagb-ifb-title-wrap\"><h3 class=\"uagb-ifb-title\">Balsa para a praia<\/h3><\/div><\/div><\/div>\n\n\n\n<div class=\"wp-block-columns is-layout-flex wp-container-core-columns-is-layout-28f84493 wp-block-columns-is-layout-flex\">\n<div class=\"wp-block-column is-layout-flow wp-block-column-is-layout-flow\">\n<div class=\"wp-block-uagb-info-box uagb-block-e6e71301 uagb-infobox__content-wrap  uagb-infobox-icon-right uagb-infobox-right uagb-infobox-stacked-mobile uagb-infobox-reverse-order-mobile uagb-infobox-image-valign-top\"><div class=\"uagb-ifb-content\"><div class=\"uagb-ifb-title-wrap\"><h3 class=\"uagb-ifb-title\">1 Encontre o cart\u00e3o da balsa<\/h3><\/div><p class=\"uagb-ifb-desc\">Os cart\u00f5es est\u00e3o na caixinha sobre o buffet da sala.<br>No flat tem 2 cart\u00f5es e cada um d\u00e1 direito a um passageiro e um convidado<strong> sem nenhum custo<\/strong> na balsa.<br>O cart\u00e3o \u00e9 necess\u00e1rio na ida e na volta.<br>Guarde com carinho para n\u00e3o perder o cart\u00e3o!<\/p><\/div><div class=\"uagb-ifb-image-content\"><img decoding=\"async\" src=\"https:\/\/martinhasflatrio.com.br\/wp-content\/uploads\/2022\/08\/Cartoes-da-Balsa-150x150.jpeg\" alt=\"\" width=\"120\" height=\"120\" loading=\"lazy\"\/><\/div><\/div>\n<\/div>\n\n\n\n<div class=\"wp-block-column is-layout-flow wp-block-column-is-layout-flow\">\n<div class=\"wp-block-uagb-info-box uagb-block-ebb51d79 uagb-infobox__content-wrap  uagb-infobox-icon-left uagb-infobox-left uagb-infobox-stacked-tablet uagb-infobox-image-valign-top\"><div class=\"uagb-ifb-image-content\"><img decoding=\"async\" src=\"https:\/\/martinhasflatrio.com.br\/wp-content\/uploads\/2022\/09\/Deck-2-balsa-150x150.jpg\" alt=\"\" width=\"120\" height=\"120\" loading=\"lazy\"\/><\/div><div class=\"uagb-ifb-content\"><div class=\"uagb-ifb-title-wrap\"><h3 class=\"uagb-ifb-title\">2 Siga pela ciclovia<\/h3><\/div><p class=\"uagb-ifb-desc\">Saia do pr\u00e9dio, atravesse a rua e siga \u00e0 esquerda ou \u00e0 direita na ciclovia (s\u00e3o 2 balsas, uma de cada lado).  <br>Aproximadamente a 100m voc\u00ea encontrar\u00e1 um pier (esquerda = pier 1, direita = pier 2) &#8211; ali funciona a balsa do condom\u00ednio. Se for em uma <strong>segunda ou ter\u00e7a-feira<\/strong>, cuidado! As balsas param para manuten\u00e7\u00e3o (segunda para o p\u00eder 2 e ter\u00e7a para o p\u00eder 1). Nestes dias s\u00f3 uma delas funciona.<\/p><\/div><\/div>\n<\/div>\n<\/div>\n\n\n\n<div class=\"wp-block-columns is-layout-flex wp-container-core-columns-is-layout-28f84493 wp-block-columns-is-layout-flex\">\n<div class=\"wp-block-column is-layout-flow wp-block-column-is-layout-flow\"><\/div>\n\n\n\n<div class=\"wp-block-column is-layout-flow wp-block-column-is-layout-flow\"><\/div>\n<\/div>\n\n\n\n<div class=\"wp-block-columns is-layout-flex wp-container-core-columns-is-layout-28f84493 wp-block-columns-is-layout-flex\">\n<div class=\"wp-block-column is-layout-flow wp-block-column-is-layout-flow\">\n<div class=\"wp-block-uagb-info-box uagb-block-e92d5808 uagb-infobox__content-wrap  uagb-infobox-icon-right uagb-infobox-right uagb-infobox-stacked-tablet uagb-infobox-reverse-order-tablet uagb-infobox-image-valign-top\"><div class=\"uagb-ifb-content\"><div class=\"uagb-ifb-title-wrap\"><h3 class=\"uagb-ifb-title\">3 Entre na balsa e apresente o cart\u00e3o ao balseiro<\/h3><\/div><p class=\"uagb-ifb-desc\">A travessia buc\u00f3lica e gratuita para os cond\u00f4minos. Dura menos de 5 min.<br>Os balseiros s\u00e3o \u00f3timos para um papo r\u00e1pido \ud83d\ude09<br>Se estiver interessado em um passeio mais longo pela lagoa, pergunte ao balseiro como funciona &#8211; a empresa das balsas tem um passeio bem legal nos fins de semana.<\/p><\/div><div class=\"uagb-ifb-image-content\"><img decoding=\"async\" src=\"https:\/\/martinhasflatrio.com.br\/wp-content\/uploads\/2022\/08\/20200502_092141-150x150.jpg\" alt=\"\" width=\"120\" height=\"120\" loading=\"lazy\"\/><\/div><\/div>\n<\/div>\n\n\n\n<div class=\"wp-block-column is-layout-flow wp-block-column-is-layout-flow\">\n<div class=\"wp-block-uagb-info-box uagb-block-30cabe74 uagb-infobox__content-wrap  uagb-infobox-icon-left uagb-infobox-left uagb-infobox-stacked-tablet uagb-infobox-image-valign-top\"><div class=\"uagb-ifb-image-content\"><img decoding=\"async\" src=\"https:\/\/martinhasflatrio.com.br\/wp-content\/uploads\/2022\/09\/20220903_111219-150x150.jpg\" alt=\"\" width=\"120\" height=\"120\" loading=\"lazy\"\/><\/div><div class=\"uagb-ifb-content\"><div class=\"uagb-ifb-title-wrap\"><h3 class=\"uagb-ifb-title\">4 Siga at\u00e9 a praia<\/h3><\/div><p class=\"uagb-ifb-desc\">Siga pela rua bem em frente (com o canteiro central) at\u00e9 a praia. Voc\u00ea andar\u00e1 aproximadamente 300m at\u00e9 a orla.<br>Alguns dias da semana, deste lado do canal tem um onibus-feira estacionado &#8211; boa op\u00e7\u00e3o para comprar frutas e legumes fresquinhos na volta da praia!<\/p><\/div><\/div>\n<\/div>\n<\/div>\n\n\n\n<div class=\"wp-block-columns is-layout-flex wp-container-core-columns-is-layout-28f84493 wp-block-columns-is-layout-flex\">\n<div class=\"wp-block-column is-layout-flow wp-block-column-is-layout-flow\"><\/div>\n\n\n\n<div class=\"wp-block-column is-layout-flow wp-block-column-is-layout-flow\"><\/div>\n<\/div>\n\n\n\n<div class=\"wp-block-columns is-layout-flex wp-container-core-columns-is-layout-28f84493 wp-block-columns-is-layout-flex\">\n<div class=\"wp-block-column is-layout-flow wp-block-column-is-layout-flow\">\n<div class=\"wp-block-uagb-info-box uagb-block-231305fb uagb-infobox__content-wrap  uagb-infobox-icon-above-title uagb-infobox-image-valign-top\"><div class=\"uagb-ifb-content\"><div class=\"uagb-ifb-image-content\"><img decoding=\"async\" src=\"https:\/\/martinhasflatrio.com.br\/wp-content\/uploads\/2022\/09\/Praia-Zona-Sul-150x150.jpg\" alt=\"\" width=\"120\" height=\"120\" loading=\"lazy\"\/><\/div><div class=\"uagb-ifb-title-wrap\"><h3 class=\"uagb-ifb-title\">5 Chegou!<\/h3><\/div><p class=\"uagb-ifb-desc\">Se voc\u00ea veio pelo p\u00eder 1 vai notar que tem um supermercado <strong>Zona Sul<\/strong> bem na esquina da praia &#8211; use ele como refer\u00eancia para achar o caminho de volta! O posto mais perto aqui \u00e9 o posto 5.<br>J\u00e1 se foi pelo p\u00eder 2, vai notar que tem um posto de gasolina (<strong>Golden<\/strong>) na esquina da praia &#8211; pode marcar o local para n\u00e3o se perder na volta. Aqui o posto mais perto \u00e9 o 6.<br>Ali\u00e1s, os tanto o Zona Sul quando o Golden t\u00eam \u00f3tima estrutura para caf\u00e9 da manh\u00e3!<br>Boa praia!<br><br>Resumo dos hor\u00e1rios de funcionamento:<br>SEG: p\u00eder 1 (esq) 7:30 \u00e0s 21:00<br>TER: p\u00eder 2 (dir) 7:30 \u00e0s 20:00<br>QUA a DOM:<br>p\u00eder 1 &#8211; 7:30 \u00e0s 21:00<br>p\u00eder 2 &#8211; 7:30 \u00e0s 18:00<\/p><\/div><\/div>\n<\/div>\n<\/div>\n<\/div><\/section>\n<\/div>\n<\/div>\n\n\n\n<div class=\"wp-block-uagb-container uagb-block-b6978aa5 alignfull uagb-is-root-container\"><div class=\"uagb-container-inner-blocks-wrap\"><\/div><\/div>\n","protected":false},"excerpt":{"rendered":"","protected":false},"author":1,"featured_media":0,"parent":0,"menu_order":0,"comment_status":"closed","ping_status":"closed","template":"","meta":{"_uag_custom_page_level_css":"","site-sidebar-layout":"default","site-content-layout":"default","ast-global-header-display":"","ast-main-header-display":"","ast-hfb-above-header-display":"","ast-hfb-below-header-display":"","ast-hfb-mobile-header-display":"","site-post-title":"disabled","ast-breadcrumbs-content":"","ast-featured-img":"","footer-sml-layout":"","theme-transparent-header-meta":"","adv-header-id-meta":"","stick-header-meta":"","header-above-stick-meta":"","header-main-stick-meta":"","header-below-stick-meta":"","footnotes":""},"class_list":["post-844","page","type-page","status-publish","hentry"],"uagb_featured_image_src":{"full":false,"thumbnail":false,"medium":false,"medium_large":false,"large":false,"1536x1536":false,"2048x2048":false},"uagb_author_info":{"display_name":"Augusto","author_link":"https:\/\/martinhasflatrio.com.br\/?author=1"},"uagb_comment_info":0,"uagb_excerpt":null,"_links":{"self":[{"href":"https:\/\/martinhasflatrio.com.br\/index.php?rest_route=\/wp\/v2\/pages\/844","targetHints":{"allow":["GET"]}}],"collection":[{"href":"https:\/\/martinhasflatrio.com.br\/index.php?rest_route=\/wp\/v2\/pages"}],"about":[{"href":"https:\/\/martinhasflatrio.com.br\/index.php?rest_route=\/wp\/v2\/types\/page"}],"author":[{"embeddable":true,"href":"https:\/\/martinhasflatrio.com.br\/index.php?rest_route=\/wp\/v2\/users\/1"}],"replies":[{"embeddable":true,"href":"https:\/\/martinhasflatrio.com.br\/index.php?rest_route=%2Fwp%2Fv2%2Fcomments&post=844"}],"version-history":[{"count":35,"href":"https:\/\/martinhasflatrio.com.br\/index.php?rest_route=\/wp\/v2\/pages\/844\/revisions"}],"predecessor-version":[{"id":1839,"href":"https:\/\/martinhasflatrio.com.br\/index.php?rest_route=\/wp\/v2\/pages\/844\/revisions\/1839"}],"wp:attachment":[{"href":"https:\/\/martinhasflatrio.com.br\/index.php?rest_route=%2Fwp%2Fv2%2Fmedia&parent=844"}],"curies":[{"name":"wp","href":"https:\/\/api.w.org\/{rel}","templated":true}]}}