{"id":747,"date":"2022-08-04T18:44:31","date_gmt":"2022-08-04T21:44:31","guid":{"rendered":"https:\/\/martinhasflatrio.com.br\/?page_id=747"},"modified":"2023-02-18T11:10:25","modified_gmt":"2023-02-18T14:10:25","slug":"ta-chovendo-2","status":"publish","type":"page","link":"https:\/\/martinhasflatrio.com.br\/?page_id=747","title":{"rendered":"Pedal sentido Recreio"},"content":{"rendered":"\n<div class=\"wp-block-cover alignfull has-parallax\"><span aria-hidden=\"true\" class=\"wp-block-cover__background has-ast-global-color-0-background-color has-background-dim-70 has-background-dim\"><\/span><div role=\"img\" class=\"wp-block-cover__image-background wp-image-763 has-parallax\" style=\"background-position:50% 50%;background-image:url(https:\/\/martinhasflatrio.com.br\/wp-content\/uploads\/2022\/08\/20201225_093438-scaled.jpg)\"><\/div><div class=\"wp-block-cover__inner-container is-layout-flow wp-block-cover-is-layout-flow\">\n<p class=\"has-text-align-center has-large-font-size\">Pedal sentido Recreio<\/p>\n<\/div><\/div>\n\n\n\n<section class=\"wp-block-uagb-section uagb-section__wrap uagb-section__background-undefined uagb-block-7e572960\"><div class=\"uagb-section__overlay\"><\/div><div class=\"uagb-section__inner-wrap\">\n<p><\/p>\n\n\n\n<div class=\"wp-block-columns has-ast-global-color-5-background-color has-background is-layout-flex wp-container-core-columns-is-layout-28f84493 wp-block-columns-is-layout-flex\">\n<div class=\"wp-block-column is-layout-flow wp-block-column-is-layout-flow\" style=\"flex-basis:250px\">\n<div class=\"wp-block-uagb-info-box uagb-block-c9d100fd uagb-infobox__content-wrap  uagb-infobox-icon-above-title uagb-infobox-image-valign-top uagb-infobox__outer-wrap\"><div class=\"uagb-ifb-content\"><div class=\"uagb-ifb-icon-wrap\"><svg xmlns=\"https:\/\/www.w3.org\/2000\/svg\" viewBox=\"0 0 640 512\"><path d=\"M347.2 32C358.1 32 369.8 38.44 375.4 48.78L473.3 229.1C485.5 226.1 498.5 224 512 224C582.7 224 640 281.3 640 352C640 422.7 582.7 480 512 480C441.3 480 384 422.7 384 352C384 311.1 402.4 276.3 431.1 252.8L409.4 212.7L324.7 356.2C320.3 363.5 312.5 368 304 368H255C247.1 431.1 193.3 480 128 480C57.31 480 0 422.7 0 352C0 281.3 57.31 224 128 224C138.7 224 149.2 225.3 159.2 227.8L185.8 174.7L163.7 144H120C106.7 144 96 133.3 96 120C96 106.7 106.7 96 120 96H176C183.7 96 190.1 99.71 195.5 105.1L222.9 144H372.3L337.7 80H311.1C298.7 80 287.1 69.25 287.1 56C287.1 42.75 298.7 32 311.1 32H347.2zM440 352C440 391.8 472.2 424 512 424C551.8 424 584 391.8 584 352C584 312.2 551.8 280 512 280C508.2 280 504.5 280.3 500.8 280.9L533.1 340.6C539.4 352.2 535.1 366.8 523.4 373.1C511.8 379.4 497.2 375.1 490.9 363.4L458.6 303.7C447 316.5 440 333.4 440 352V352zM108.8 328.6L133.1 280.2C131.4 280.1 129.7 280 127.1 280C88.24 280 55.1 312.2 55.1 352C55.1 391.8 88.24 424 127.1 424C162.3 424 190.9 400.1 198.2 368H133.2C112.1 368 99.81 346.7 108.8 328.6H108.8zM290.3 320L290.4 319.9L217.5 218.7L166.8 320H290.3zM257.4 192L317 274.8L365.9 192H257.4z\"><\/path><\/svg><\/div><div class=\"uagb-ifb-title-wrap\"><h3 class=\"uagb-ifb-title\">Ciclovia sentido Recreio<\/h3><\/div><\/div><\/div>\n<\/div>\n\n\n\n<div class=\"wp-block-column is-layout-flow wp-block-column-is-layout-flow\">\n<div class=\"wp-block-uagb-info-box uagb-block-f0473fed uagb-infobox__content-wrap  uagb-infobox-icon-above-title uagb-infobox-image-valign-top\"><div class=\"uagb-ifb-content\"><div class=\"uagb-ifb-title-wrap\"><\/div><p class=\"uagb-ifb-desc\">Ao chegar \u00e0 praia, vire \u00e0 direita na ciclovia e v\u00e1 at\u00e9 onde sua energia permitir. <br>Em uma ciclovia segura e cheia de visuais, voc\u00ea vai andar at\u00e9 o final dos pr\u00e9dios (3km) e come\u00e7ar na parte da praia da reserva, onde a ciclovia sai da beira da praia e passa a correr paralela \u00e0 praia, junto \u00e0 reserva de Marapendi. Ali voc\u00ea percorre 10km at\u00e9 chegar nos primeiros pr\u00e9dios do Recreio, onde a ciclovia volta para a beira. Mais 2km e voc\u00ea chega na ilha do Pontal, que tem uma trilha bem legal para subir e fotografar a jun\u00e7\u00e3o das 2 praias. Continuando ap\u00f3s a ilha do Pontal, voc\u00ea percorrer\u00e1 a praia da Macumba (4km) seguindo sempre pela ciclovia (ela d\u00e1 uma desviada para contornar a pedra da Macumba, mas volta logo para a praia) at\u00e9 chegar no canto do Rio Morto, onde tem um pastel delicioso com caldo de cana. Com as energias renovadas, continue seguindo e, ap\u00f3s cruzar a ponte do Rio Morto, suba a estrada \u00e0 esquerda, em dire\u00e7\u00e3o \u00e0 Prainha (4km). Aqui come\u00e7a a primeira subida para testar seu preparo! Mas a vista da Prainha vale a pena! <br>Passando a Prainha, nova subida um pouco mais \u00edngreme at\u00e9 um ponto perfeito para fotos, antes de come\u00e7ar a descer para Grumari. Grumari \u00e9 uma praia linda e selvagem (junto com a Prainha, fazem parte de uma reserva) e se voc\u00ea ainda tiver g\u00e1s, pode seguir depois dela e subir a serrinha, mas essa subida \u00e9 para poucos! Curta mas muito inclinada! Ap\u00f3s a serrinha, come\u00e7a a descida para Barra de Guaratiba. Ao final da descida vire \u00e0 esquerda e v\u00e1 contornando o canal at\u00e9 chegar na praia da Barra de Guaratiba. Ali \u00e9 perfeito para curtir um prato de frutos do mar da melhor qualidade! Se voc\u00ea ainda vai voltar pedalando, melhor n\u00e3o comer muito! Ida e volta d\u00e3o aproximadamente 50km<\/p><\/div><\/div>\n<\/div>\n<\/div>\n\n\n\n<figure class=\"wp-block-image size-full is-resized\"><img loading=\"lazy\" decoding=\"async\" src=\"https:\/\/martinhasflatrio.com.br\/wp-content\/uploads\/2022\/08\/de-23.0052180-43.3512090-a-Barra-de-Guaratiba-Rio-de-Janeiro-RJ-Google-Maps-Google-Chrome-04_08_2022-19_31_21.png\" alt=\"\" class=\"wp-image-790\" width=\"1200\" height=\"400\"\/><\/figure>\n\n\n\n<figure class=\"wp-block-gallery has-nested-images columns-1 is-cropped uag-masonry uagb-block-74e01827 wp-block-gallery-1 is-layout-flex wp-block-gallery-is-layout-flex\">\n<figure class=\"wp-block-image size-large\"><a href=\"https:\/\/martinhasflatrio.com.br\/wp-content\/uploads\/2022\/08\/20200418_112158-scaled.jpg\"><img loading=\"lazy\" decoding=\"async\" width=\"2560\" height=\"1920\" data-id=\"750\" src=\"https:\/\/martinhasflatrio.com.br\/wp-content\/uploads\/2022\/08\/20200418_112158-scaled.jpg\" alt=\"\" class=\"wp-image-750\" srcset=\"https:\/\/martinhasflatrio.com.br\/wp-content\/uploads\/2022\/08\/20200418_112158-scaled.jpg 2560w, https:\/\/martinhasflatrio.com.br\/wp-content\/uploads\/2022\/08\/20200418_112158-300x225.jpg 300w, https:\/\/martinhasflatrio.com.br\/wp-content\/uploads\/2022\/08\/20200418_112158-1024x768.jpg 1024w, https:\/\/martinhasflatrio.com.br\/wp-content\/uploads\/2022\/08\/20200418_112158-768x576.jpg 768w, https:\/\/martinhasflatrio.com.br\/wp-content\/uploads\/2022\/08\/20200418_112158-1536x1152.jpg 1536w, https:\/\/martinhasflatrio.com.br\/wp-content\/uploads\/2022\/08\/20200418_112158-2048x1536.jpg 2048w\" sizes=\"auto, (max-width: 2560px) 100vw, 2560px\" \/><\/a><\/figure>\n\n\n\n<figure class=\"wp-block-image size-large has-custom-border\"><a href=\"https:\/\/martinhasflatrio.com.br\/wp-content\/uploads\/2022\/08\/IMG_20211228_095635-scaled.jpg\"><img loading=\"lazy\" decoding=\"async\" width=\"2560\" height=\"1920\" data-id=\"766\" src=\"https:\/\/martinhasflatrio.com.br\/wp-content\/uploads\/2022\/08\/IMG_20211228_095635-scaled.jpg\" alt=\"\" class=\"wp-image-766\" style=\"border-radius:50px\" srcset=\"https:\/\/martinhasflatrio.com.br\/wp-content\/uploads\/2022\/08\/IMG_20211228_095635-scaled.jpg 2560w, https:\/\/martinhasflatrio.com.br\/wp-content\/uploads\/2022\/08\/IMG_20211228_095635-300x225.jpg 300w, https:\/\/martinhasflatrio.com.br\/wp-content\/uploads\/2022\/08\/IMG_20211228_095635-1024x768.jpg 1024w, https:\/\/martinhasflatrio.com.br\/wp-content\/uploads\/2022\/08\/IMG_20211228_095635-768x576.jpg 768w, https:\/\/martinhasflatrio.com.br\/wp-content\/uploads\/2022\/08\/IMG_20211228_095635-1536x1152.jpg 1536w, https:\/\/martinhasflatrio.com.br\/wp-content\/uploads\/2022\/08\/IMG_20211228_095635-2048x1536.jpg 2048w\" sizes=\"auto, (max-width: 2560px) 100vw, 2560px\" \/><\/a><\/figure>\n\n\n\n<figure class=\"wp-block-image size-large\"><a href=\"https:\/\/martinhasflatrio.com.br\/wp-content\/uploads\/2022\/08\/Trilha-do-Pontal.jpeg\"><img loading=\"lazy\" decoding=\"async\" width=\"1076\" height=\"1080\" data-id=\"1001\" src=\"https:\/\/martinhasflatrio.com.br\/wp-content\/uploads\/2022\/08\/Trilha-do-Pontal.jpeg\" alt=\"\" class=\"wp-image-1001\" srcset=\"https:\/\/martinhasflatrio.com.br\/wp-content\/uploads\/2022\/08\/Trilha-do-Pontal.jpeg 1076w, https:\/\/martinhasflatrio.com.br\/wp-content\/uploads\/2022\/08\/Trilha-do-Pontal-300x300.jpeg 300w, https:\/\/martinhasflatrio.com.br\/wp-content\/uploads\/2022\/08\/Trilha-do-Pontal-1020x1024.jpeg 1020w, https:\/\/martinhasflatrio.com.br\/wp-content\/uploads\/2022\/08\/Trilha-do-Pontal-150x150.jpeg 150w, https:\/\/martinhasflatrio.com.br\/wp-content\/uploads\/2022\/08\/Trilha-do-Pontal-768x771.jpeg 768w\" sizes=\"auto, (max-width: 1076px) 100vw, 1076px\" \/><\/a><\/figure>\n\n\n\n<figure class=\"wp-block-image size-large\"><a href=\"https:\/\/martinhasflatrio.com.br\/wp-content\/uploads\/2022\/08\/Por-do-sol-c-2-mae-e-filha.jpeg\"><img loading=\"lazy\" decoding=\"async\" width=\"960\" height=\"1280\" data-id=\"833\" src=\"https:\/\/martinhasflatrio.com.br\/wp-content\/uploads\/2022\/08\/Por-do-sol-c-2-mae-e-filha.jpeg\" alt=\"\" class=\"wp-image-833\" srcset=\"https:\/\/martinhasflatrio.com.br\/wp-content\/uploads\/2022\/08\/Por-do-sol-c-2-mae-e-filha.jpeg 960w, https:\/\/martinhasflatrio.com.br\/wp-content\/uploads\/2022\/08\/Por-do-sol-c-2-mae-e-filha-225x300.jpeg 225w, https:\/\/martinhasflatrio.com.br\/wp-content\/uploads\/2022\/08\/Por-do-sol-c-2-mae-e-filha-768x1024.jpeg 768w\" sizes=\"auto, (max-width: 960px) 100vw, 960px\" \/><\/a><\/figure>\n\n\n\n<figure class=\"wp-block-image size-large has-custom-border\"><a href=\"https:\/\/martinhasflatrio.com.br\/wp-content\/uploads\/2022\/08\/20201225_093438-scaled.jpg\"><img loading=\"lazy\" decoding=\"async\" width=\"2560\" height=\"1244\" data-id=\"763\" src=\"https:\/\/martinhasflatrio.com.br\/wp-content\/uploads\/2022\/08\/20201225_093438-scaled.jpg\" alt=\"\" class=\"wp-image-763\" style=\"border-radius:50px\" srcset=\"https:\/\/martinhasflatrio.com.br\/wp-content\/uploads\/2022\/08\/20201225_093438-scaled.jpg 2560w, https:\/\/martinhasflatrio.com.br\/wp-content\/uploads\/2022\/08\/20201225_093438-300x146.jpg 300w, https:\/\/martinhasflatrio.com.br\/wp-content\/uploads\/2022\/08\/20201225_093438-1024x498.jpg 1024w, https:\/\/martinhasflatrio.com.br\/wp-content\/uploads\/2022\/08\/20201225_093438-768x373.jpg 768w, https:\/\/martinhasflatrio.com.br\/wp-content\/uploads\/2022\/08\/20201225_093438-1536x747.jpg 1536w, https:\/\/martinhasflatrio.com.br\/wp-content\/uploads\/2022\/08\/20201225_093438-2048x996.jpg 2048w\" sizes=\"auto, (max-width: 2560px) 100vw, 2560px\" \/><\/a><\/figure>\n\n\n\n<figure class=\"wp-block-image size-large has-custom-border\"><a href=\"https:\/\/martinhasflatrio.com.br\/wp-content\/uploads\/2022\/08\/Martinha-e-Augusto-no-Telegrafo-2.jpeg\"><img loading=\"lazy\" decoding=\"async\" width=\"1200\" height=\"1600\" data-id=\"825\" src=\"https:\/\/martinhasflatrio.com.br\/wp-content\/uploads\/2022\/08\/Martinha-e-Augusto-no-Telegrafo-2.jpeg\" alt=\"\" class=\"wp-image-825\" style=\"border-radius:50px\" srcset=\"https:\/\/martinhasflatrio.com.br\/wp-content\/uploads\/2022\/08\/Martinha-e-Augusto-no-Telegrafo-2.jpeg 1200w, https:\/\/martinhasflatrio.com.br\/wp-content\/uploads\/2022\/08\/Martinha-e-Augusto-no-Telegrafo-2-225x300.jpeg 225w, https:\/\/martinhasflatrio.com.br\/wp-content\/uploads\/2022\/08\/Martinha-e-Augusto-no-Telegrafo-2-768x1024.jpeg 768w, https:\/\/martinhasflatrio.com.br\/wp-content\/uploads\/2022\/08\/Martinha-e-Augusto-no-Telegrafo-2-1152x1536.jpeg 1152w\" sizes=\"auto, (max-width: 1200px) 100vw, 1200px\" \/><\/a><\/figure>\n\n\n\n<figure class=\"wp-block-image size-large\"><a href=\"https:\/\/martinhasflatrio.com.br\/wp-content\/uploads\/2022\/08\/Martinha-arqueiro-na-Pedra-Bonita.jpeg\"><img loading=\"lazy\" decoding=\"async\" width=\"1080\" height=\"810\" data-id=\"850\" src=\"https:\/\/martinhasflatrio.com.br\/wp-content\/uploads\/2022\/08\/Martinha-arqueiro-na-Pedra-Bonita.jpeg\" alt=\"\" class=\"wp-image-850\" srcset=\"https:\/\/martinhasflatrio.com.br\/wp-content\/uploads\/2022\/08\/Martinha-arqueiro-na-Pedra-Bonita.jpeg 1080w, https:\/\/martinhasflatrio.com.br\/wp-content\/uploads\/2022\/08\/Martinha-arqueiro-na-Pedra-Bonita-300x225.jpeg 300w, https:\/\/martinhasflatrio.com.br\/wp-content\/uploads\/2022\/08\/Martinha-arqueiro-na-Pedra-Bonita-1024x768.jpeg 1024w, https:\/\/martinhasflatrio.com.br\/wp-content\/uploads\/2022\/08\/Martinha-arqueiro-na-Pedra-Bonita-768x576.jpeg 768w\" sizes=\"auto, (max-width: 1080px) 100vw, 1080px\" \/><\/a><\/figure>\n\n\n\n<figure class=\"wp-block-image size-large\"><img loading=\"lazy\" decoding=\"async\" width=\"1024\" height=\"768\" data-id=\"1744\" src=\"https:\/\/martinhasflatrio.com.br\/wp-content\/uploads\/2022\/11\/20210410_093344-1024x768.jpg\" alt=\"\" class=\"wp-image-1744\" srcset=\"https:\/\/martinhasflatrio.com.br\/wp-content\/uploads\/2022\/11\/20210410_093344-1024x768.jpg 1024w, https:\/\/martinhasflatrio.com.br\/wp-content\/uploads\/2022\/11\/20210410_093344-300x225.jpg 300w, https:\/\/martinhasflatrio.com.br\/wp-content\/uploads\/2022\/11\/20210410_093344-768x576.jpg 768w, https:\/\/martinhasflatrio.com.br\/wp-content\/uploads\/2022\/11\/20210410_093344-1536x1152.jpg 1536w, https:\/\/martinhasflatrio.com.br\/wp-content\/uploads\/2022\/11\/20210410_093344-2048x1536.jpg 2048w\" sizes=\"auto, (max-width: 1024px) 100vw, 1024px\" \/><\/figure>\n\n\n\n<figure class=\"wp-block-image size-large\"><img loading=\"lazy\" decoding=\"async\" width=\"1024\" height=\"768\" data-id=\"1748\" src=\"https:\/\/martinhasflatrio.com.br\/wp-content\/uploads\/2022\/11\/20210410_094311-1024x768.jpg\" alt=\"\" class=\"wp-image-1748\" srcset=\"https:\/\/martinhasflatrio.com.br\/wp-content\/uploads\/2022\/11\/20210410_094311-1024x768.jpg 1024w, https:\/\/martinhasflatrio.com.br\/wp-content\/uploads\/2022\/11\/20210410_094311-300x225.jpg 300w, https:\/\/martinhasflatrio.com.br\/wp-content\/uploads\/2022\/11\/20210410_094311-768x576.jpg 768w, https:\/\/martinhasflatrio.com.br\/wp-content\/uploads\/2022\/11\/20210410_094311-1536x1152.jpg 1536w, https:\/\/martinhasflatrio.com.br\/wp-content\/uploads\/2022\/11\/20210410_094311-2048x1536.jpg 2048w\" sizes=\"auto, (max-width: 1024px) 100vw, 1024px\" \/><\/figure>\n\n\n\n<figure class=\"wp-block-image size-large has-custom-border\"><img loading=\"lazy\" decoding=\"async\" width=\"768\" height=\"1024\" data-id=\"1747\" src=\"https:\/\/martinhasflatrio.com.br\/wp-content\/uploads\/2022\/11\/20210410_094846-768x1024.jpg\" alt=\"\" class=\"wp-image-1747\" style=\"border-radius:30px\" srcset=\"https:\/\/martinhasflatrio.com.br\/wp-content\/uploads\/2022\/11\/20210410_094846-768x1024.jpg 768w, https:\/\/martinhasflatrio.com.br\/wp-content\/uploads\/2022\/11\/20210410_094846-225x300.jpg 225w, https:\/\/martinhasflatrio.com.br\/wp-content\/uploads\/2022\/11\/20210410_094846-1152x1536.jpg 1152w, https:\/\/martinhasflatrio.com.br\/wp-content\/uploads\/2022\/11\/20210410_094846-1536x2048.jpg 1536w, https:\/\/martinhasflatrio.com.br\/wp-content\/uploads\/2022\/11\/20210410_094846-scaled.jpg 1920w\" sizes=\"auto, (max-width: 768px) 100vw, 768px\" \/><\/figure>\n\n\n\n<figure class=\"wp-block-image size-large\"><img loading=\"lazy\" decoding=\"async\" width=\"1024\" height=\"768\" data-id=\"1749\" src=\"https:\/\/martinhasflatrio.com.br\/wp-content\/uploads\/2022\/11\/20210410_095520-1024x768.jpg\" alt=\"\" class=\"wp-image-1749\" srcset=\"https:\/\/martinhasflatrio.com.br\/wp-content\/uploads\/2022\/11\/20210410_095520-1024x768.jpg 1024w, https:\/\/martinhasflatrio.com.br\/wp-content\/uploads\/2022\/11\/20210410_095520-300x225.jpg 300w, https:\/\/martinhasflatrio.com.br\/wp-content\/uploads\/2022\/11\/20210410_095520-768x576.jpg 768w, https:\/\/martinhasflatrio.com.br\/wp-content\/uploads\/2022\/11\/20210410_095520-1536x1152.jpg 1536w, https:\/\/martinhasflatrio.com.br\/wp-content\/uploads\/2022\/11\/20210410_095520-2048x1536.jpg 2048w\" sizes=\"auto, (max-width: 1024px) 100vw, 1024px\" \/><\/figure>\n\n\n\n<figure class=\"wp-block-image size-large has-custom-border\"><img loading=\"lazy\" decoding=\"async\" width=\"1024\" height=\"768\" data-id=\"1745\" src=\"https:\/\/martinhasflatrio.com.br\/wp-content\/uploads\/2022\/11\/20210410_105706-1024x768.jpg\" alt=\"\" class=\"wp-image-1745\" style=\"border-style:none;border-width:0px\" srcset=\"https:\/\/martinhasflatrio.com.br\/wp-content\/uploads\/2022\/11\/20210410_105706-1024x768.jpg 1024w, https:\/\/martinhasflatrio.com.br\/wp-content\/uploads\/2022\/11\/20210410_105706-300x225.jpg 300w, https:\/\/martinhasflatrio.com.br\/wp-content\/uploads\/2022\/11\/20210410_105706-768x576.jpg 768w, https:\/\/martinhasflatrio.com.br\/wp-content\/uploads\/2022\/11\/20210410_105706-1536x1152.jpg 1536w, https:\/\/martinhasflatrio.com.br\/wp-content\/uploads\/2022\/11\/20210410_105706-2048x1536.jpg 2048w\" sizes=\"auto, (max-width: 1024px) 100vw, 1024px\" \/><\/figure>\n\n\n\n<figure class=\"wp-block-image size-large\"><img loading=\"lazy\" decoding=\"async\" width=\"1024\" height=\"768\" data-id=\"1746\" src=\"https:\/\/martinhasflatrio.com.br\/wp-content\/uploads\/2022\/11\/20210410_110356-1024x768.jpg\" alt=\"\" class=\"wp-image-1746\" srcset=\"https:\/\/martinhasflatrio.com.br\/wp-content\/uploads\/2022\/11\/20210410_110356-1024x768.jpg 1024w, https:\/\/martinhasflatrio.com.br\/wp-content\/uploads\/2022\/11\/20210410_110356-300x225.jpg 300w, https:\/\/martinhasflatrio.com.br\/wp-content\/uploads\/2022\/11\/20210410_110356-768x576.jpg 768w, https:\/\/martinhasflatrio.com.br\/wp-content\/uploads\/2022\/11\/20210410_110356-1536x1152.jpg 1536w, https:\/\/martinhasflatrio.com.br\/wp-content\/uploads\/2022\/11\/20210410_110356-2048x1536.jpg 2048w\" sizes=\"auto, (max-width: 1024px) 100vw, 1024px\" \/><\/figure>\n\n\n\n<figure class=\"wp-block-image size-large\"><img loading=\"lazy\" decoding=\"async\" width=\"1024\" height=\"768\" data-id=\"1750\" src=\"https:\/\/martinhasflatrio.com.br\/wp-content\/uploads\/2022\/11\/20210511_093018-1024x768.jpg\" alt=\"\" class=\"wp-image-1750\" srcset=\"https:\/\/martinhasflatrio.com.br\/wp-content\/uploads\/2022\/11\/20210511_093018-1024x768.jpg 1024w, https:\/\/martinhasflatrio.com.br\/wp-content\/uploads\/2022\/11\/20210511_093018-300x225.jpg 300w, https:\/\/martinhasflatrio.com.br\/wp-content\/uploads\/2022\/11\/20210511_093018-768x576.jpg 768w, https:\/\/martinhasflatrio.com.br\/wp-content\/uploads\/2022\/11\/20210511_093018-1536x1152.jpg 1536w, https:\/\/martinhasflatrio.com.br\/wp-content\/uploads\/2022\/11\/20210511_093018-2048x1536.jpg 2048w\" sizes=\"auto, (max-width: 1024px) 100vw, 1024px\" \/><\/figure>\n\n\n\n<figure class=\"wp-block-image size-large has-custom-border\"><img loading=\"lazy\" decoding=\"async\" width=\"1024\" height=\"768\" data-id=\"1751\" src=\"https:\/\/martinhasflatrio.com.br\/wp-content\/uploads\/2022\/11\/20210511_095734-1024x768.jpg\" alt=\"\" class=\"wp-image-1751\" style=\"border-radius:31px\" srcset=\"https:\/\/martinhasflatrio.com.br\/wp-content\/uploads\/2022\/11\/20210511_095734-1024x768.jpg 1024w, https:\/\/martinhasflatrio.com.br\/wp-content\/uploads\/2022\/11\/20210511_095734-300x225.jpg 300w, https:\/\/martinhasflatrio.com.br\/wp-content\/uploads\/2022\/11\/20210511_095734-768x576.jpg 768w, https:\/\/martinhasflatrio.com.br\/wp-content\/uploads\/2022\/11\/20210511_095734-1536x1152.jpg 1536w, https:\/\/martinhasflatrio.com.br\/wp-content\/uploads\/2022\/11\/20210511_095734-2048x1536.jpg 2048w\" sizes=\"auto, (max-width: 1024px) 100vw, 1024px\" \/><\/figure>\n\n\n\n<figure class=\"wp-block-image size-large\"><img loading=\"lazy\" decoding=\"async\" width=\"1024\" height=\"768\" data-id=\"1753\" src=\"https:\/\/martinhasflatrio.com.br\/wp-content\/uploads\/2022\/11\/20210511_100130-1024x768.jpg\" alt=\"\" class=\"wp-image-1753\" srcset=\"https:\/\/martinhasflatrio.com.br\/wp-content\/uploads\/2022\/11\/20210511_100130-1024x768.jpg 1024w, https:\/\/martinhasflatrio.com.br\/wp-content\/uploads\/2022\/11\/20210511_100130-300x225.jpg 300w, https:\/\/martinhasflatrio.com.br\/wp-content\/uploads\/2022\/11\/20210511_100130-768x576.jpg 768w, https:\/\/martinhasflatrio.com.br\/wp-content\/uploads\/2022\/11\/20210511_100130-1536x1152.jpg 1536w, https:\/\/martinhasflatrio.com.br\/wp-content\/uploads\/2022\/11\/20210511_100130-2048x1536.jpg 2048w\" sizes=\"auto, (max-width: 1024px) 100vw, 1024px\" \/><\/figure>\n\n\n\n<figure class=\"wp-block-image size-large\"><img loading=\"lazy\" decoding=\"async\" width=\"1024\" height=\"768\" data-id=\"1752\" src=\"https:\/\/martinhasflatrio.com.br\/wp-content\/uploads\/2022\/11\/20210602_123553-1024x768.jpg\" alt=\"\" class=\"wp-image-1752\" srcset=\"https:\/\/martinhasflatrio.com.br\/wp-content\/uploads\/2022\/11\/20210602_123553-1024x768.jpg 1024w, https:\/\/martinhasflatrio.com.br\/wp-content\/uploads\/2022\/11\/20210602_123553-300x225.jpg 300w, https:\/\/martinhasflatrio.com.br\/wp-content\/uploads\/2022\/11\/20210602_123553-768x576.jpg 768w, https:\/\/martinhasflatrio.com.br\/wp-content\/uploads\/2022\/11\/20210602_123553-1536x1152.jpg 1536w, https:\/\/martinhasflatrio.com.br\/wp-content\/uploads\/2022\/11\/20210602_123553-2048x1536.jpg 2048w\" sizes=\"auto, (max-width: 1024px) 100vw, 1024px\" \/><\/figure>\n\n\n\n<figure class=\"wp-block-image size-large has-custom-border\"><img loading=\"lazy\" decoding=\"async\" width=\"1024\" height=\"768\" data-id=\"1755\" src=\"https:\/\/martinhasflatrio.com.br\/wp-content\/uploads\/2022\/11\/20210602_125846-1024x768.jpg\" alt=\"\" class=\"wp-image-1755\" style=\"border-style:none;border-width:0px;border-radius:28px\" srcset=\"https:\/\/martinhasflatrio.com.br\/wp-content\/uploads\/2022\/11\/20210602_125846-1024x768.jpg 1024w, https:\/\/martinhasflatrio.com.br\/wp-content\/uploads\/2022\/11\/20210602_125846-300x225.jpg 300w, https:\/\/martinhasflatrio.com.br\/wp-content\/uploads\/2022\/11\/20210602_125846-768x576.jpg 768w, https:\/\/martinhasflatrio.com.br\/wp-content\/uploads\/2022\/11\/20210602_125846-1536x1152.jpg 1536w, https:\/\/martinhasflatrio.com.br\/wp-content\/uploads\/2022\/11\/20210602_125846-2048x1536.jpg 2048w\" sizes=\"auto, (max-width: 1024px) 100vw, 1024px\" \/><\/figure>\n\n\n\n<figure class=\"wp-block-image size-large\"><img loading=\"lazy\" decoding=\"async\" width=\"1024\" height=\"768\" data-id=\"1754\" src=\"https:\/\/martinhasflatrio.com.br\/wp-content\/uploads\/2022\/11\/image-ff2c3091-d30f-46a6-9431-200bbdf16b37-1024x768.jpg\" alt=\"\" class=\"wp-image-1754\" srcset=\"https:\/\/martinhasflatrio.com.br\/wp-content\/uploads\/2022\/11\/image-ff2c3091-d30f-46a6-9431-200bbdf16b37-1024x768.jpg 1024w, https:\/\/martinhasflatrio.com.br\/wp-content\/uploads\/2022\/11\/image-ff2c3091-d30f-46a6-9431-200bbdf16b37-300x225.jpg 300w, https:\/\/martinhasflatrio.com.br\/wp-content\/uploads\/2022\/11\/image-ff2c3091-d30f-46a6-9431-200bbdf16b37-768x576.jpg 768w, https:\/\/martinhasflatrio.com.br\/wp-content\/uploads\/2022\/11\/image-ff2c3091-d30f-46a6-9431-200bbdf16b37-1536x1152.jpg 1536w, https:\/\/martinhasflatrio.com.br\/wp-content\/uploads\/2022\/11\/image-ff2c3091-d30f-46a6-9431-200bbdf16b37-2048x1536.jpg 2048w\" sizes=\"auto, (max-width: 1024px) 100vw, 1024px\" \/><\/figure>\n<\/figure>\n<\/div><\/section>\n","protected":false},"excerpt":{"rendered":"","protected":false},"author":1,"featured_media":0,"parent":0,"menu_order":0,"comment_status":"closed","ping_status":"closed","template":"","meta":{"_uag_custom_page_level_css":"","site-sidebar-layout":"default","site-content-layout":"default","ast-global-header-display":"","ast-main-header-display":"","ast-hfb-above-header-display":"","ast-hfb-below-header-display":"","ast-hfb-mobile-header-display":"","site-post-title":"","ast-breadcrumbs-content":"","ast-featured-img":"","footer-sml-layout":"","theme-transparent-header-meta":"","adv-header-id-meta":"","stick-header-meta":"","header-above-stick-meta":"","header-main-stick-meta":"","header-below-stick-meta":"","footnotes":""},"class_list":["post-747","page","type-page","status-publish","hentry"],"uagb_featured_image_src":{"full":false,"thumbnail":false,"medium":false,"medium_large":false,"large":false,"1536x1536":false,"2048x2048":false},"uagb_author_info":{"display_name":"Augusto","author_link":"https:\/\/martinhasflatrio.com.br\/?author=1"},"uagb_comment_info":0,"uagb_excerpt":null,"_links":{"self":[{"href":"https:\/\/martinhasflatrio.com.br\/index.php?rest_route=\/wp\/v2\/pages\/747","targetHints":{"allow":["GET"]}}],"collection":[{"href":"https:\/\/martinhasflatrio.com.br\/index.php?rest_route=\/wp\/v2\/pages"}],"about":[{"href":"https:\/\/martinhasflatrio.com.br\/index.php?rest_route=\/wp\/v2\/types\/page"}],"author":[{"embeddable":true,"href":"https:\/\/martinhasflatrio.com.br\/index.php?rest_route=\/wp\/v2\/users\/1"}],"replies":[{"embeddable":true,"href":"https:\/\/martinhasflatrio.com.br\/index.php?rest_route=%2Fwp%2Fv2%2Fcomments&post=747"}],"version-history":[{"count":20,"href":"https:\/\/martinhasflatrio.com.br\/index.php?rest_route=\/wp\/v2\/pages\/747\/revisions"}],"predecessor-version":[{"id":1863,"href":"https:\/\/martinhasflatrio.com.br\/index.php?rest_route=\/wp\/v2\/pages\/747\/revisions\/1863"}],"wp:attachment":[{"href":"https:\/\/martinhasflatrio.com.br\/index.php?rest_route=%2Fwp%2Fv2%2Fmedia&parent=747"}],"curies":[{"name":"wp","href":"https:\/\/api.w.org\/{rel}","templated":true}]}}