{"id":1830,"date":"2022-12-15T17:21:57","date_gmt":"2022-12-15T20:21:57","guid":{"rendered":"https:\/\/martinhasflatrio.com.br\/?page_id=1830"},"modified":"2022-12-15T17:27:37","modified_gmt":"2022-12-15T20:27:37","slug":"ta-chovendo-2-3-2","status":"publish","type":"page","link":"https:\/\/martinhasflatrio.com.br\/?page_id=1830","title":{"rendered":"Telefones \u00fateis"},"content":{"rendered":"\n<div class=\"wp-block-cover alignfull has-parallax\" style=\"min-height:430px;aspect-ratio:unset;\"><span aria-hidden=\"true\" class=\"wp-block-cover__background has-ast-global-color-0-background-color has-background-dim-70 has-background-dim\"><\/span><div role=\"img\" class=\"wp-block-cover__image-background wp-image-1039 has-parallax\" style=\"background-position:50% 50%;background-image:url(https:\/\/martinhasflatrio.com.br\/wp-content\/uploads\/2022\/09\/Baia-de-Guanabara-440-x-370.png)\"><\/div><div class=\"wp-block-cover__inner-container is-layout-flow wp-block-cover-is-layout-flow\">\n<p class=\"has-text-align-center has-large-font-size\">Telefones \u00dateis<\/p>\n<\/div><\/div>\n\n\n\n<section class=\"wp-block-uagb-section uagb-section__wrap uagb-section__background-undefined uagb-block-928f9949\"><div class=\"uagb-section__overlay\"><\/div><div class=\"uagb-section__inner-wrap\">\n<div class=\"wp-block-columns has-ast-global-color-5-background-color has-background is-layout-flex wp-container-core-columns-is-layout-28f84493 wp-block-columns-is-layout-flex\">\n<div class=\"wp-block-column is-layout-flow wp-block-column-is-layout-flow\">\n<div class=\"wp-block-uagb-advanced-heading uagb-block-f3bc0549\"><h2 class=\"uagb-heading-text\">Telefones dos Principais \u00d3rg\u00e3o P\u00fablicos do RJ<\/h2><\/div>\n<\/div>\n<\/div>\n\n\n\n<table id=\"tablepress-5\" class=\"tablepress tablepress-id-5\">\n<thead>\n<tr class=\"row-1 odd\">\n\t<th class=\"column-1\">\u00d3rg\u00e3o<\/th><th class=\"column-2\">Telefone<\/th><th class=\"column-3\">Endere\u00e7o<\/th>\n<\/tr>\n<\/thead>\n<tbody class=\"row-hover\">\n<tr class=\"row-2 even\">\n\t<td class=\"column-1\">Defesa Civil<\/td><td class=\"column-2\">199<\/td><td class=\"column-3\"><\/td>\n<\/tr>\n<tr class=\"row-3 odd\">\n\t<td class=\"column-1\">Pol\u00edcia Federal<\/td><td class=\"column-2\">194<\/td><td class=\"column-3\"><\/td>\n<\/tr>\n<tr class=\"row-4 even\">\n\t<td class=\"column-1\">Corpo de Bombeiros<\/td><td class=\"column-2\">193<\/td><td class=\"column-3\"><\/td>\n<\/tr>\n<tr class=\"row-5 odd\">\n\t<td class=\"column-1\">SAMU<\/td><td class=\"column-2\">192<\/td><td class=\"column-3\"><\/td>\n<\/tr>\n<tr class=\"row-6 even\">\n\t<td class=\"column-1\">Pol\u00edcia Militar<\/td><td class=\"column-2\">190<\/td><td class=\"column-3\"><\/td>\n<\/tr>\n<tr class=\"row-7 odd\">\n\t<td class=\"column-1\">Delegacia da Mulher<\/td><td class=\"column-2\">180<\/td><td class=\"column-3\"><\/td>\n<\/tr>\n<tr class=\"row-8 even\">\n\t<td class=\"column-1\">Disk Intoxica\u00e7\u00e3o<\/td><td class=\"column-2\">+55 (21) 2573-3244<\/td><td class=\"column-3\"><\/td>\n<\/tr>\n<tr class=\"row-9 odd\">\n\t<td class=\"column-1\">Disk Den\u00fancia<\/td><td class=\"column-2\">+55 (21) 2253-1177<\/td><td class=\"column-3\"><\/td>\n<\/tr>\n<tr class=\"row-10 even\">\n\t<td class=\"column-1\">Aeroporto Internacional do Gale\u00e3o<\/td><td class=\"column-2\">+55 (21) 3398-5050 \/ 4526 \/ 4527<\/td><td class=\"column-3\"><\/td>\n<\/tr>\n<tr class=\"row-11 odd\">\n\t<td class=\"column-1\">Aeroporto Santos Dumont<\/td><td class=\"column-2\">+55 (21) 3814-7070<\/td><td class=\"column-3\"><\/td>\n<\/tr>\n<tr class=\"row-12 even\">\n\t<td class=\"column-1\">Achados e Perdidos (8h \u00e0s 17h)<\/td><td class=\"column-2\">+55 (21) 2563-1159<\/td><td class=\"column-3\"><\/td>\n<\/tr>\n<tr class=\"row-13 odd\">\n\t<td class=\"column-1\">Metr\u00f4<\/td><td class=\"column-2\">0800 595 1111<\/td><td class=\"column-3\"><\/td>\n<\/tr>\n<tr class=\"row-14 even\">\n\t<td class=\"column-1\">Informa\u00e7\u00f5es Tur\u00edsticas do Munic\u00edpio<\/td><td class=\"column-2\">0800 282 2007<\/td><td class=\"column-3\"><\/td>\n<\/tr>\n<tr class=\"row-15 odd\">\n\t<td class=\"column-1\">Delegacia de Atendimento ao Turista<\/td><td class=\"column-2\">+55 (21) 2332-2924\/ 2885\/ 2889<\/td><td class=\"column-3\"><\/td>\n<\/tr>\n<tr class=\"row-16 even\">\n\t<td class=\"column-1\">Hospital Municipal Louren\u00e7o Jorge<\/td><td class=\"column-2\">+55 (21) 3111-4652 \/ 4602 \/ 4686<\/td><td class=\"column-3\">Av. Ayrton Senna, 2000 \u2013 Barra da Tijuca \u2013 Rio de Janeiro (7km de dist\u00e2ncia do Flat)<\/td>\n<\/tr>\n<tr class=\"row-17 odd\">\n\t<td class=\"column-1\">Hospital Municipal Miguel Couto<\/td><td class=\"column-2\">+55 (21) 3111-3600\/ 3610\/ 3712<\/td><td class=\"column-3\">Rua M\u00e1rio Ribeiro, 117 \u2013 Leblon \u2013 Rio de Janeiro (15km de dist\u00e2ncia do Flat)<\/td>\n<\/tr>\n<\/tbody>\n<\/table>\n<!-- #tablepress-5 from cache -->\n<\/div><\/section>\n","protected":false},"excerpt":{"rendered":"","protected":false},"author":1,"featured_media":0,"parent":0,"menu_order":0,"comment_status":"closed","ping_status":"closed","template":"","meta":{"_uag_custom_page_level_css":"","site-sidebar-layout":"default","site-content-layout":"default","ast-global-header-display":"","ast-main-header-display":"","ast-hfb-above-header-display":"","ast-hfb-below-header-display":"","ast-hfb-mobile-header-display":"","site-post-title":"disabled","ast-breadcrumbs-content":"","ast-featured-img":"","footer-sml-layout":"","theme-transparent-header-meta":"","adv-header-id-meta":"","stick-header-meta":"","header-above-stick-meta":"","header-main-stick-meta":"","header-below-stick-meta":"","footnotes":""},"class_list":["post-1830","page","type-page","status-publish","hentry"],"uagb_featured_image_src":{"full":false,"thumbnail":false,"medium":false,"medium_large":false,"large":false,"1536x1536":false,"2048x2048":false},"uagb_author_info":{"display_name":"Augusto","author_link":"https:\/\/martinhasflatrio.com.br\/?author=1"},"uagb_comment_info":0,"uagb_excerpt":null,"_links":{"self":[{"href":"https:\/\/martinhasflatrio.com.br\/index.php?rest_route=\/wp\/v2\/pages\/1830","targetHints":{"allow":["GET"]}}],"collection":[{"href":"https:\/\/martinhasflatrio.com.br\/index.php?rest_route=\/wp\/v2\/pages"}],"about":[{"href":"https:\/\/martinhasflatrio.com.br\/index.php?rest_route=\/wp\/v2\/types\/page"}],"author":[{"embeddable":true,"href":"https:\/\/martinhasflatrio.com.br\/index.php?rest_route=\/wp\/v2\/users\/1"}],"replies":[{"embeddable":true,"href":"https:\/\/martinhasflatrio.com.br\/index.php?rest_route=%2Fwp%2Fv2%2Fcomments&post=1830"}],"version-history":[{"count":5,"href":"https:\/\/martinhasflatrio.com.br\/index.php?rest_route=\/wp\/v2\/pages\/1830\/revisions"}],"predecessor-version":[{"id":1835,"href":"https:\/\/martinhasflatrio.com.br\/index.php?rest_route=\/wp\/v2\/pages\/1830\/revisions\/1835"}],"wp:attachment":[{"href":"https:\/\/martinhasflatrio.com.br\/index.php?rest_route=%2Fwp%2Fv2%2Fmedia&parent=1830"}],"curies":[{"name":"wp","href":"https:\/\/api.w.org\/{rel}","templated":true}]}}