{"id":1688,"date":"2022-11-02T13:21:20","date_gmt":"2022-11-02T16:21:20","guid":{"rendered":"https:\/\/martinhasflatrio.com.br\/?page_id=1688"},"modified":"2023-02-18T11:11:19","modified_gmt":"2023-02-18T14:11:19","slug":"ta-chovendo-2-2-3","status":"publish","type":"page","link":"https:\/\/martinhasflatrio.com.br\/?page_id=1688","title":{"rendered":"Trilha da Pedra Bonita"},"content":{"rendered":"\n<div class=\"wp-block-cover alignfull has-parallax\"><span aria-hidden=\"true\" class=\"wp-block-cover__background has-ast-global-color-0-background-color has-background-dim-70 has-background-dim\"><\/span><div role=\"img\" class=\"wp-block-cover__image-background wp-image-763 has-parallax\" style=\"background-position:50% 50%;background-image:url(https:\/\/martinhasflatrio.com.br\/wp-content\/uploads\/2022\/08\/20201225_093438-scaled.jpg)\"><\/div><div class=\"wp-block-cover__inner-container is-layout-flow wp-block-cover-is-layout-flow\">\n<p class=\"has-text-align-center has-large-font-size\">Trilha da Pedra Bonita<\/p>\n<\/div><\/div>\n\n\n\n<section class=\"wp-block-uagb-section uagb-section__wrap uagb-section__background-undefined uagb-block-d7636ddc\"><div class=\"uagb-section__overlay\"><\/div><div class=\"uagb-section__inner-wrap\">\n<p><\/p>\n\n\n\n<div class=\"wp-block-columns has-ast-global-color-5-background-color has-background is-layout-flex wp-container-core-columns-is-layout-28f84493 wp-block-columns-is-layout-flex\">\n<div class=\"wp-block-column is-layout-flow wp-block-column-is-layout-flow\" style=\"flex-basis:250px\">\n<div class=\"wp-block-uagb-info-box uagb-block-2ba679c2 uagb-infobox__content-wrap  uagb-infobox-icon-above-title uagb-infobox-image-valign-top uagb-infobox__outer-wrap\"><div class=\"uagb-ifb-content\"><div class=\"uagb-ifb-icon-wrap\"><svg xmlns=\"https:\/\/www.w3.org\/2000\/svg\" viewBox=\"0 0 320 512\"><path d=\"M256 48C256 74.51 234.5 96 208 96C181.5 96 160 74.51 160 48C160 21.49 181.5 0 208 0C234.5 0 256 21.49 256 48zM126.5 199.3C125.6 199.7 124.6 200.1 123.7 200.5L112.7 205.4C97.41 212.2 85.42 224.6 79.22 240.1L77.71 243.9C71.15 260.3 52.53 268.3 36.12 261.7C19.71 255.1 11.73 236.5 18.29 220.1L19.8 216.3C32.19 185.4 56.18 160.5 86.66 146.9L97.66 142C118.5 132.8 140.1 128 163.7 128C208.3 128 248.5 154.8 265.6 195.9L280.1 232.7L302.3 243.4C318.1 251.3 324.5 270.5 316.6 286.3C308.7 302.1 289.5 308.5 273.7 300.6L247 287.3C236.7 282.1 228.6 273.4 224.2 262.8L214.6 239.8L195.3 305.3L244.8 359.4C250.2 365.3 254.1 372.4 256 380.2L279 472.2C283.3 489.4 272.9 506.8 255.8 511C238.6 515.3 221.2 504.9 216.1 487.8L194.9 399.6L124.3 322.5C109.5 306.4 103.1 283.9 109.6 262.8L126.5 199.3zM68.73 398L93.69 335.6C95.84 338.6 98.16 341.4 100.7 344.2L141.4 388.6L126.9 424.8C124.5 430.9 120.9 436.4 116.3 440.9L54.63 502.6C42.13 515.1 21.87 515.1 9.372 502.6C-3.124 490.1-3.124 469.9 9.372 457.4L68.73 398z\"><\/path><\/svg><\/div><div class=\"uagb-ifb-title-wrap\"><h3 class=\"uagb-ifb-title\">Trilha da Pedra Bonita<\/h3><\/div><\/div><\/div>\n<\/div>\n\n\n\n<div class=\"wp-block-column is-layout-flow wp-block-column-is-layout-flow\">\n<div class=\"wp-block-uagb-info-box uagb-block-58d778b9 uagb-infobox__content-wrap  uagb-infobox-icon-above-title uagb-infobox-image-valign-top\"><div class=\"uagb-ifb-content\"><div class=\"uagb-ifb-title-wrap\"><\/div><p class=\"uagb-ifb-desc\">A Pedra Bonita \u00e9 o morro ao lado da Pedra da G\u00e1vea, onde fica a rampa de v\u00f4o livre mais conhecida do Rio. Com vista para a praia de S\u00e3o Conrado, \u00e9 um dos pontos de grande visita\u00e7\u00e3o do Rio. <br>Al\u00e9m da vista da rampa, que \u00e9 sensacional, tem uma trilha pela mata atl\u00e2ntica que vai at\u00e9 a ponta do morro, onde a vista \u00e9 deslumbrante. <br>A trilha, de n\u00edvel f\u00e1cil, leva aproximadamente  40 minutos. Para chegar l\u00e1, o ideal \u00e9 ir de Uber at\u00e9 a entrada da rampa, na Estrada das Canoas. Dali, suba a ladeira da rampa at\u00e9 o estacionamento e entre na trilha \u00e0 direita. Ali tem uma casa de apoio com lanchonete e banheiros. A subida leva em torno de 40 minutos e \u00e9 bem agrad\u00e1vel e segura. Ao final da trilha tire muitas fotos! D\u00e1 pra ver toda a Barra, S\u00e3o Conrado, Ipanema e at\u00e9 as praias oce\u00e2nicas de Niter\u00f3i!<br>Na volta, pare na rampa de salto (fica 150m acima do estacionamento, subindo a ladeira) para curtir as decolagens de asas e parapentes. \u00c9 lindo!<\/p><\/div><\/div>\n<\/div>\n<\/div>\n\n\n\n<figure class=\"wp-block-image size-large is-resized\"><img loading=\"lazy\" decoding=\"async\" src=\"https:\/\/martinhasflatrio.com.br\/wp-content\/uploads\/2022\/11\/Google-Maps-Trilha-da-Pedra-Bonita-Editado-1024x645.jpg\" alt=\"\" class=\"wp-image-1791\" width=\"1108\" height=\"698\" srcset=\"https:\/\/martinhasflatrio.com.br\/wp-content\/uploads\/2022\/11\/Google-Maps-Trilha-da-Pedra-Bonita-Editado-1024x645.jpg 1024w, https:\/\/martinhasflatrio.com.br\/wp-content\/uploads\/2022\/11\/Google-Maps-Trilha-da-Pedra-Bonita-Editado-300x189.jpg 300w, https:\/\/martinhasflatrio.com.br\/wp-content\/uploads\/2022\/11\/Google-Maps-Trilha-da-Pedra-Bonita-Editado-768x483.jpg 768w, https:\/\/martinhasflatrio.com.br\/wp-content\/uploads\/2022\/11\/Google-Maps-Trilha-da-Pedra-Bonita-Editado.jpg 1131w\" sizes=\"auto, (max-width: 1108px) 100vw, 1108px\" \/><\/figure>\n\n\n\n<figure class=\"wp-block-gallery has-nested-images columns-1 is-cropped uag-masonry uagb-block-c642431c wp-block-gallery-1 is-layout-flex wp-block-gallery-is-layout-flex\">\n<figure class=\"wp-block-image size-large\"><a href=\"https:\/\/martinhasflatrio.com.br\/wp-content\/uploads\/2022\/11\/20220715_092035-scaled.jpg\"><img loading=\"lazy\" decoding=\"async\" width=\"768\" height=\"1024\" data-id=\"1792\" src=\"https:\/\/martinhasflatrio.com.br\/wp-content\/uploads\/2022\/11\/20220715_092035-768x1024.jpg\" alt=\"\" class=\"wp-image-1792\" srcset=\"https:\/\/martinhasflatrio.com.br\/wp-content\/uploads\/2022\/11\/20220715_092035-768x1024.jpg 768w, https:\/\/martinhasflatrio.com.br\/wp-content\/uploads\/2022\/11\/20220715_092035-225x300.jpg 225w, https:\/\/martinhasflatrio.com.br\/wp-content\/uploads\/2022\/11\/20220715_092035-1152x1536.jpg 1152w, https:\/\/martinhasflatrio.com.br\/wp-content\/uploads\/2022\/11\/20220715_092035-1536x2048.jpg 1536w, https:\/\/martinhasflatrio.com.br\/wp-content\/uploads\/2022\/11\/20220715_092035-scaled.jpg 1920w\" sizes=\"auto, (max-width: 768px) 100vw, 768px\" \/><\/a><\/figure>\n\n\n\n<figure class=\"wp-block-image size-large\"><img loading=\"lazy\" decoding=\"async\" width=\"768\" height=\"1024\" data-id=\"1793\" src=\"https:\/\/martinhasflatrio.com.br\/wp-content\/uploads\/2022\/11\/20220715_105027-768x1024.jpg\" alt=\"\" class=\"wp-image-1793\" srcset=\"https:\/\/martinhasflatrio.com.br\/wp-content\/uploads\/2022\/11\/20220715_105027-768x1024.jpg 768w, https:\/\/martinhasflatrio.com.br\/wp-content\/uploads\/2022\/11\/20220715_105027-225x300.jpg 225w, https:\/\/martinhasflatrio.com.br\/wp-content\/uploads\/2022\/11\/20220715_105027-1152x1536.jpg 1152w, https:\/\/martinhasflatrio.com.br\/wp-content\/uploads\/2022\/11\/20220715_105027-1536x2048.jpg 1536w, https:\/\/martinhasflatrio.com.br\/wp-content\/uploads\/2022\/11\/20220715_105027-scaled.jpg 1920w\" sizes=\"auto, (max-width: 768px) 100vw, 768px\" \/><\/figure>\n\n\n\n<figure class=\"wp-block-image size-large has-custom-border\"><img loading=\"lazy\" decoding=\"async\" width=\"768\" height=\"1024\" data-id=\"1795\" src=\"https:\/\/martinhasflatrio.com.br\/wp-content\/uploads\/2022\/11\/20220715_120632-768x1024.jpg\" alt=\"\" class=\"wp-image-1795\" style=\"border-radius:31px\" srcset=\"https:\/\/martinhasflatrio.com.br\/wp-content\/uploads\/2022\/11\/20220715_120632-768x1024.jpg 768w, https:\/\/martinhasflatrio.com.br\/wp-content\/uploads\/2022\/11\/20220715_120632-225x300.jpg 225w, https:\/\/martinhasflatrio.com.br\/wp-content\/uploads\/2022\/11\/20220715_120632-1152x1536.jpg 1152w, https:\/\/martinhasflatrio.com.br\/wp-content\/uploads\/2022\/11\/20220715_120632-1536x2048.jpg 1536w, https:\/\/martinhasflatrio.com.br\/wp-content\/uploads\/2022\/11\/20220715_120632-scaled.jpg 1920w\" sizes=\"auto, (max-width: 768px) 100vw, 768px\" \/><\/figure>\n\n\n\n<figure class=\"wp-block-image size-large\"><img loading=\"lazy\" decoding=\"async\" width=\"1024\" height=\"768\" data-id=\"1794\" src=\"https:\/\/martinhasflatrio.com.br\/wp-content\/uploads\/2022\/11\/20220715_121435-1024x768.jpg\" alt=\"\" class=\"wp-image-1794\" srcset=\"https:\/\/martinhasflatrio.com.br\/wp-content\/uploads\/2022\/11\/20220715_121435-1024x768.jpg 1024w, https:\/\/martinhasflatrio.com.br\/wp-content\/uploads\/2022\/11\/20220715_121435-300x225.jpg 300w, https:\/\/martinhasflatrio.com.br\/wp-content\/uploads\/2022\/11\/20220715_121435-768x576.jpg 768w, https:\/\/martinhasflatrio.com.br\/wp-content\/uploads\/2022\/11\/20220715_121435-1536x1152.jpg 1536w, https:\/\/martinhasflatrio.com.br\/wp-content\/uploads\/2022\/11\/20220715_121435-2048x1536.jpg 2048w\" sizes=\"auto, (max-width: 1024px) 100vw, 1024px\" \/><\/figure>\n\n\n\n<figure class=\"wp-block-image size-large has-custom-border\"><img loading=\"lazy\" decoding=\"async\" width=\"768\" height=\"1024\" data-id=\"1797\" src=\"https:\/\/martinhasflatrio.com.br\/wp-content\/uploads\/2022\/11\/20220715_141750-768x1024.jpg\" alt=\"\" class=\"wp-image-1797\" style=\"border-radius:43px\" srcset=\"https:\/\/martinhasflatrio.com.br\/wp-content\/uploads\/2022\/11\/20220715_141750-768x1024.jpg 768w, https:\/\/martinhasflatrio.com.br\/wp-content\/uploads\/2022\/11\/20220715_141750-225x300.jpg 225w, https:\/\/martinhasflatrio.com.br\/wp-content\/uploads\/2022\/11\/20220715_141750-1152x1536.jpg 1152w, https:\/\/martinhasflatrio.com.br\/wp-content\/uploads\/2022\/11\/20220715_141750-1536x2048.jpg 1536w, https:\/\/martinhasflatrio.com.br\/wp-content\/uploads\/2022\/11\/20220715_141750-scaled.jpg 1920w\" sizes=\"auto, (max-width: 768px) 100vw, 768px\" \/><\/figure>\n\n\n\n<figure class=\"wp-block-image size-large\"><img loading=\"lazy\" decoding=\"async\" width=\"768\" height=\"1024\" data-id=\"1796\" src=\"https:\/\/martinhasflatrio.com.br\/wp-content\/uploads\/2022\/11\/20220715_143215-768x1024.jpg\" alt=\"\" class=\"wp-image-1796\" srcset=\"https:\/\/martinhasflatrio.com.br\/wp-content\/uploads\/2022\/11\/20220715_143215-768x1024.jpg 768w, https:\/\/martinhasflatrio.com.br\/wp-content\/uploads\/2022\/11\/20220715_143215-225x300.jpg 225w, https:\/\/martinhasflatrio.com.br\/wp-content\/uploads\/2022\/11\/20220715_143215-1152x1536.jpg 1152w, https:\/\/martinhasflatrio.com.br\/wp-content\/uploads\/2022\/11\/20220715_143215-1536x2048.jpg 1536w, https:\/\/martinhasflatrio.com.br\/wp-content\/uploads\/2022\/11\/20220715_143215-scaled.jpg 1920w\" sizes=\"auto, (max-width: 768px) 100vw, 768px\" \/><\/figure>\n\n\n\n<figure class=\"wp-block-image size-large\"><img loading=\"lazy\" decoding=\"async\" width=\"1024\" height=\"768\" data-id=\"1798\" src=\"https:\/\/martinhasflatrio.com.br\/wp-content\/uploads\/2022\/11\/20220715_143915-1024x768.jpg\" alt=\"\" class=\"wp-image-1798\" srcset=\"https:\/\/martinhasflatrio.com.br\/wp-content\/uploads\/2022\/11\/20220715_143915-1024x768.jpg 1024w, https:\/\/martinhasflatrio.com.br\/wp-content\/uploads\/2022\/11\/20220715_143915-300x225.jpg 300w, https:\/\/martinhasflatrio.com.br\/wp-content\/uploads\/2022\/11\/20220715_143915-768x576.jpg 768w, https:\/\/martinhasflatrio.com.br\/wp-content\/uploads\/2022\/11\/20220715_143915-1536x1152.jpg 1536w, https:\/\/martinhasflatrio.com.br\/wp-content\/uploads\/2022\/11\/20220715_143915-2048x1536.jpg 2048w\" sizes=\"auto, (max-width: 1024px) 100vw, 1024px\" \/><\/figure>\n\n\n\n<figure class=\"wp-block-image size-large\"><img loading=\"lazy\" decoding=\"async\" width=\"768\" height=\"1024\" data-id=\"1799\" src=\"https:\/\/martinhasflatrio.com.br\/wp-content\/uploads\/2022\/11\/20220730_113117-768x1024.jpg\" alt=\"\" class=\"wp-image-1799\" srcset=\"https:\/\/martinhasflatrio.com.br\/wp-content\/uploads\/2022\/11\/20220730_113117-768x1024.jpg 768w, https:\/\/martinhasflatrio.com.br\/wp-content\/uploads\/2022\/11\/20220730_113117-225x300.jpg 225w, https:\/\/martinhasflatrio.com.br\/wp-content\/uploads\/2022\/11\/20220730_113117-1152x1536.jpg 1152w, https:\/\/martinhasflatrio.com.br\/wp-content\/uploads\/2022\/11\/20220730_113117-1536x2048.jpg 1536w, https:\/\/martinhasflatrio.com.br\/wp-content\/uploads\/2022\/11\/20220730_113117-scaled.jpg 1920w\" sizes=\"auto, (max-width: 768px) 100vw, 768px\" \/><\/figure>\n\n\n\n<figure class=\"wp-block-image size-large has-custom-border\"><img loading=\"lazy\" decoding=\"async\" width=\"960\" height=\"640\" data-id=\"1800\" src=\"https:\/\/martinhasflatrio.com.br\/wp-content\/uploads\/2022\/11\/FB_IMG_1587390641756.jpg\" alt=\"\" class=\"wp-image-1800\" style=\"border-radius:31px\" srcset=\"https:\/\/martinhasflatrio.com.br\/wp-content\/uploads\/2022\/11\/FB_IMG_1587390641756.jpg 960w, https:\/\/martinhasflatrio.com.br\/wp-content\/uploads\/2022\/11\/FB_IMG_1587390641756-300x200.jpg 300w, https:\/\/martinhasflatrio.com.br\/wp-content\/uploads\/2022\/11\/FB_IMG_1587390641756-768x512.jpg 768w\" sizes=\"auto, (max-width: 960px) 100vw, 960px\" \/><\/figure>\n<\/figure>\n<\/div><\/section>\n","protected":false},"excerpt":{"rendered":"","protected":false},"author":1,"featured_media":0,"parent":0,"menu_order":0,"comment_status":"closed","ping_status":"closed","template":"","meta":{"_uag_custom_page_level_css":"","site-sidebar-layout":"default","site-content-layout":"default","ast-global-header-display":"","ast-main-header-display":"","ast-hfb-above-header-display":"","ast-hfb-below-header-display":"","ast-hfb-mobile-header-display":"","site-post-title":"disabled","ast-breadcrumbs-content":"","ast-featured-img":"","footer-sml-layout":"","theme-transparent-header-meta":"","adv-header-id-meta":"","stick-header-meta":"","header-above-stick-meta":"","header-main-stick-meta":"","header-below-stick-meta":"","footnotes":""},"class_list":["post-1688","page","type-page","status-publish","hentry"],"uagb_featured_image_src":{"full":false,"thumbnail":false,"medium":false,"medium_large":false,"large":false,"1536x1536":false,"2048x2048":false},"uagb_author_info":{"display_name":"Augusto","author_link":"https:\/\/martinhasflatrio.com.br\/?author=1"},"uagb_comment_info":0,"uagb_excerpt":null,"_links":{"self":[{"href":"https:\/\/martinhasflatrio.com.br\/index.php?rest_route=\/wp\/v2\/pages\/1688","targetHints":{"allow":["GET"]}}],"collection":[{"href":"https:\/\/martinhasflatrio.com.br\/index.php?rest_route=\/wp\/v2\/pages"}],"about":[{"href":"https:\/\/martinhasflatrio.com.br\/index.php?rest_route=\/wp\/v2\/types\/page"}],"author":[{"embeddable":true,"href":"https:\/\/martinhasflatrio.com.br\/index.php?rest_route=\/wp\/v2\/users\/1"}],"replies":[{"embeddable":true,"href":"https:\/\/martinhasflatrio.com.br\/index.php?rest_route=%2Fwp%2Fv2%2Fcomments&post=1688"}],"version-history":[{"count":5,"href":"https:\/\/martinhasflatrio.com.br\/index.php?rest_route=\/wp\/v2\/pages\/1688\/revisions"}],"predecessor-version":[{"id":1865,"href":"https:\/\/martinhasflatrio.com.br\/index.php?rest_route=\/wp\/v2\/pages\/1688\/revisions\/1865"}],"wp:attachment":[{"href":"https:\/\/martinhasflatrio.com.br\/index.php?rest_route=%2Fwp%2Fv2%2Fmedia&parent=1688"}],"curies":[{"name":"wp","href":"https:\/\/api.w.org\/{rel}","templated":true}]}}