{"id":1663,"date":"2022-11-02T10:54:07","date_gmt":"2022-11-02T13:54:07","guid":{"rendered":"https:\/\/martinhasflatrio.com.br\/?page_id=1663"},"modified":"2022-11-02T11:38:07","modified_gmt":"2022-11-02T14:38:07","slug":"ta-chovendo-4-2","status":"publish","type":"page","link":"https:\/\/martinhasflatrio.com.br\/?page_id=1663","title":{"rendered":"Comidas praticas"},"content":{"rendered":"\n<div class=\"wp-block-cover alignfull has-parallax\"><span aria-hidden=\"true\" class=\"wp-block-cover__background has-ast-global-color-0-background-color has-background-dim-70 has-background-dim\"><\/span><div role=\"img\" class=\"wp-block-cover__image-background wp-image-1032 has-parallax\" style=\"background-position:50% 50%;background-image:url(https:\/\/martinhasflatrio.com.br\/wp-content\/uploads\/2022\/09\/Gigoia-augusto-e-Marta-scaled.jpg)\"><\/div><div class=\"wp-block-cover__inner-container is-layout-flow wp-block-cover-is-layout-flow\">\n<p class=\"has-text-align-center has-large-font-size\" style=\"margin-top:var(--wp--preset--spacing--20);margin-right:var(--wp--preset--spacing--20);margin-bottom:var(--wp--preset--spacing--20);margin-left:var(--wp--preset--spacing--20)\">Quer comida boa, com mais conveni\u00eancia ?<\/p>\n\n\n\n<p class=\"has-text-align-center has-medium-font-size\" style=\"margin-top:0;margin-right:0;margin-bottom:0;margin-left:0\">Clica nos t\u00edtulos para ver algumas op\u00e7\u00f5es<\/p>\n<\/div><\/div>\n\n\n\n<section class=\"wp-block-uagb-section uagb-section__wrap uagb-section__background-undefined uagb-block-91ac8be3\"><div class=\"uagb-section__overlay\"><\/div><div class=\"uagb-section__inner-wrap\">\n<p><\/p>\n\n\n\n<div class=\"wp-block-columns has-ast-global-color-5-background-color has-background is-layout-flex wp-container-core-columns-is-layout-28f84493 wp-block-columns-is-layout-flex\">\n<div class=\"wp-block-column is-layout-flow wp-block-column-is-layout-flow\" style=\"flex-basis:250px\">\n<div class=\"wp-block-uagb-info-box uagb-block-07fe4f5f uagb-infobox__content-wrap  uagb-infobox_cta-type-all uagb-infobox-icon-above-title uagb-infobox-image-valign-top uagb-infobox__outer-wrap\"><a href=\"https:\/\/www.ifood.com.br\/delivery\/rio-de-janeiro-rj\/forneria-original---barra-da-tijuca-barra-da-tijuca\/e568e445-62b8-4551-90f6-b2089d4913d6\" class=\"uagb-infobox-link-wrap uagb-infbox__link-to-all\" target=\"_blank\" aria-label=\"Infobox Link\" rel=\"noopener noreferrer\"><\/a><div class=\"uagb-ifb-content\"><div class=\"uagb-ifb-icon-wrap\"><svg xmlns=\"https:\/\/www.w3.org\/2000\/svg\" viewBox=\"0 0 576 512\"><path d=\"M208 72C208 58.75 218.7 48 232 48H248C261.3 48 272 58.75 272 72C272 85.25 261.3 96 248 96H232C218.7 96 208 85.25 208 72zM208 152C208 138.7 218.7 128 232 128H248C261.3 128 272 138.7 272 152C272 165.3 261.3 176 248 176H232C218.7 176 208 165.3 208 152zM16 232C16 218.7 26.75 208 40 208H56C69.25 208 80 218.7 80 232C80 245.3 69.25 256 56 256H40C26.75 256 16 245.3 16 232zM532.6 288C547.7 288 560 300.3 560 315.4C560 388.3 512.6 450.2 446.9 471.8C447.6 474.4 448 477.2 448 480C448 497.7 433.7 512 416 512H160C142.3 512 128 497.7 128 480C128 477.2 128.4 474.4 129.1 471.8C63.4 450.2 16 388.3 16 315.4C16 300.3 28.28 288 43.43 288H532.6zM248 208C261.3 208 272 218.7 272 232C272 245.3 261.3 256 248 256H232C218.7 256 208 245.3 208 232C208 218.7 218.7 208 232 208H248zM152 208C165.3 208 176 218.7 176 232C176 245.3 165.3 256 152 256H136C122.7 256 112 245.3 112 232C112 218.7 122.7 208 136 208H152zM112 152C112 138.7 122.7 128 136 128H152C165.3 128 176 138.7 176 152C176 165.3 165.3 176 152 176H136C122.7 176 112 165.3 112 152zM344 208C357.3 208 368 218.7 368 232C368 245.3 357.3 256 344 256H328C314.7 256 304 245.3 304 232C304 218.7 314.7 208 328 208H344zM304 152C304 138.7 314.7 128 328 128H344C357.3 128 368 138.7 368 152C368 165.3 357.3 176 344 176H328C314.7 176 304 165.3 304 152zM440 208C453.3 208 464 218.7 464 232C464 245.3 453.3 256 440 256H424C410.7 256 400 245.3 400 232C400 218.7 410.7 208 424 208H440zM400 152C400 138.7 410.7 128 424 128H440C453.3 128 464 138.7 464 152C464 165.3 453.3 176 440 176H424C410.7 176 400 165.3 400 152zM536 208C549.3 208 560 218.7 560 232C560 245.3 549.3 256 536 256H520C506.7 256 496 245.3 496 232C496 218.7 506.7 208 520 208H536zM344 48C357.3 48 368 58.75 368 72C368 85.25 357.3 96 344 96H328C314.7 96 304 85.25 304 72C304 58.75 314.7 48 328 48H344z\"><\/path><\/svg><\/div><div class=\"uagb-ifb-title-wrap\"><h3 class=\"uagb-ifb-title\">Forneria Original<\/h3><\/div><div class=\"uagb-ifb-button-wrapper wp-block-button\"><\/div><\/div><\/div>\n<\/div>\n\n\n\n<div class=\"wp-block-column is-layout-flow wp-block-column-is-layout-flow\" style=\"flex-basis:500px\">\n<div class=\"wp-block-uagb-info-box uagb-block-a594334b uagb-infobox__content-wrap  uagb-infobox-icon-above-title uagb-infobox-image-valign-top\"><div class=\"uagb-ifb-content\"><div class=\"uagb-ifb-title-wrap\"><\/div><p class=\"uagb-ifb-desc\">Que tal aquela pizza deliciosa com um vinhozinho, sem sair de casa ?<br>Nossa recomenda\u00e7\u00e3o \u00e9 a Forneria Original (pelo iFood)!<br>Cada pizza mais gostosa que a outra (nossas preferidas s\u00e3o a Napolitana e a Marguerita Especial) e entrga r\u00e1pida, \u00e9 nosso programa ideal para dias de chuva ou pregui\u00e7a \ud83d\ude09<\/p><\/div><\/div>\n<\/div>\n\n\n\n<div class=\"wp-block-column is-layout-flow wp-block-column-is-layout-flow\">\n<div class=\"wp-block-uagb-info-box uagb-block-bd632711 uagb-infobox__content-wrap  uagb-infobox_cta-type-all uagb-infobox-icon-above-title uagb-infobox-image-valign-top\"><a href=\"https:\/\/www.ifood.com.br\/delivery\/rio-de-janeiro-rj\/forneria-original---barra-da-tijuca-barra-da-tijuca\/e568e445-62b8-4551-90f6-b2089d4913d6\" class=\"uagb-infobox-link-wrap uagb-infbox__link-to-all\" target=\"_blank\" aria-label=\"Infobox Link\" rel=\"noopener noreferrer\"><\/a><div class=\"uagb-ifb-content\"><div class=\"uagb-ifb-image-content\"><img decoding=\"async\" src=\"https:\/\/martinhasflatrio.com.br\/wp-content\/uploads\/2022\/11\/ifood-logo-verm-gran-9800797-150x150.png\" alt=\"\"\/><\/div><div class=\"uagb-ifb-title-wrap\"><\/div><div class=\"uagb-ifb-button-wrapper wp-block-button\"><\/div><\/div><\/div>\n<\/div>\n<\/div>\n\n\n\n<div class=\"wp-block-columns has-ast-global-color-8-background-color has-background is-layout-flex wp-container-core-columns-is-layout-28f84493 wp-block-columns-is-layout-flex\">\n<div class=\"wp-block-column is-layout-flow wp-block-column-is-layout-flow\" style=\"flex-basis:250px\">\n<div class=\"wp-block-uagb-info-box uagb-block-24e31ca0 uagb-infobox__content-wrap  uagb-infobox_cta-type-all uagb-infobox-icon-above-title uagb-infobox-image-valign-top uagb-infobox__outer-wrap\"><a href=\"https:\/\/www.instagram.com\/baladamix_parquedasrosas\/\" class=\"uagb-infobox-link-wrap uagb-infbox__link-to-all\" target=\"_blank\" aria-label=\"Infobox Link\" rel=\"noopener noreferrer\"><\/a><div class=\"uagb-ifb-content\"><div class=\"uagb-ifb-icon-wrap\"><svg xmlns=\"https:\/\/www.w3.org\/2000\/svg\" viewBox=\"0 0 576 512\"><path d=\"M208 72C208 58.75 218.7 48 232 48H248C261.3 48 272 58.75 272 72C272 85.25 261.3 96 248 96H232C218.7 96 208 85.25 208 72zM208 152C208 138.7 218.7 128 232 128H248C261.3 128 272 138.7 272 152C272 165.3 261.3 176 248 176H232C218.7 176 208 165.3 208 152zM16 232C16 218.7 26.75 208 40 208H56C69.25 208 80 218.7 80 232C80 245.3 69.25 256 56 256H40C26.75 256 16 245.3 16 232zM532.6 288C547.7 288 560 300.3 560 315.4C560 388.3 512.6 450.2 446.9 471.8C447.6 474.4 448 477.2 448 480C448 497.7 433.7 512 416 512H160C142.3 512 128 497.7 128 480C128 477.2 128.4 474.4 129.1 471.8C63.4 450.2 16 388.3 16 315.4C16 300.3 28.28 288 43.43 288H532.6zM248 208C261.3 208 272 218.7 272 232C272 245.3 261.3 256 248 256H232C218.7 256 208 245.3 208 232C208 218.7 218.7 208 232 208H248zM152 208C165.3 208 176 218.7 176 232C176 245.3 165.3 256 152 256H136C122.7 256 112 245.3 112 232C112 218.7 122.7 208 136 208H152zM112 152C112 138.7 122.7 128 136 128H152C165.3 128 176 138.7 176 152C176 165.3 165.3 176 152 176H136C122.7 176 112 165.3 112 152zM344 208C357.3 208 368 218.7 368 232C368 245.3 357.3 256 344 256H328C314.7 256 304 245.3 304 232C304 218.7 314.7 208 328 208H344zM304 152C304 138.7 314.7 128 328 128H344C357.3 128 368 138.7 368 152C368 165.3 357.3 176 344 176H328C314.7 176 304 165.3 304 152zM440 208C453.3 208 464 218.7 464 232C464 245.3 453.3 256 440 256H424C410.7 256 400 245.3 400 232C400 218.7 410.7 208 424 208H440zM400 152C400 138.7 410.7 128 424 128H440C453.3 128 464 138.7 464 152C464 165.3 453.3 176 440 176H424C410.7 176 400 165.3 400 152zM536 208C549.3 208 560 218.7 560 232C560 245.3 549.3 256 536 256H520C506.7 256 496 245.3 496 232C496 218.7 506.7 208 520 208H536zM344 48C357.3 48 368 58.75 368 72C368 85.25 357.3 96 344 96H328C314.7 96 304 85.25 304 72C304 58.75 314.7 48 328 48H344z\"><\/path><\/svg><\/div><div class=\"uagb-ifb-title-wrap\"><h3 class=\"uagb-ifb-title\">Balada Mix no Barra Square<\/h3><\/div><div class=\"uagb-ifb-button-wrapper wp-block-button\"><\/div><\/div><\/div>\n<\/div>\n\n\n\n<div class=\"wp-block-column is-layout-flow wp-block-column-is-layout-flow\" style=\"flex-basis:500px\">\n<div class=\"wp-block-uagb-info-box uagb-block-0a512790 uagb-infobox__content-wrap  uagb-infobox-icon-above-title uagb-infobox-image-valign-top\"><div class=\"uagb-ifb-content\"><div class=\"uagb-ifb-title-wrap\"><\/div><p class=\"uagb-ifb-desc\">Restaurante com comidas saud\u00e1veis e sucos deliciosos bem pertinho &#8211; no mesmo quarteir\u00e3o!<br>O Balada Mix do Parque das Rosas fica do lado do supermercado Zona Sul na Av Marechal Henrique Lott (seguindo a cal\u00e7ada, sempre \u00e0 esquerda, voc\u00ea encontra ele junto \u00e0 \u00e1rea de lojas e restaurantes do Parque das Rosas<\/p><\/div><\/div>\n<\/div>\n\n\n\n<div class=\"wp-block-column is-layout-flow wp-block-column-is-layout-flow\">\t\t\t<div \n\t\t\tclass=\"wp-block-uagb-google-map uagb-google-map__wrap uagb-block-bd80f47a     \"\n\t\t\tstyle=\"\" >\n\t\t\t\t<embed\n\t\t\t\t\tclass=\"uagb-google-map__iframe\"\n\t\t\t\t\ttitle=\"Google Map for \"\n\t\t\t\t\tsrc=\"https:\/\/maps.google.com\/maps?q=balada%20mix%20parque%20das%20rosas&#038;z=12&#038;hl=pt&#038;t=m&#038;output=embed&#038;iwloc=near\"\n\t\t\t\t\twidth=\"640\"\n\t\t\t\t\theight=\"200\"\n\t\t\t\t\tloading=\"lazy\"\n\t\t\t\t><\/embed>\n\t\t\t<\/div>\n\t\t\t<\/div>\n<\/div>\n\n\n\n<div class=\"wp-block-columns has-ast-global-color-5-background-color has-background is-layout-flex wp-container-core-columns-is-layout-28f84493 wp-block-columns-is-layout-flex\">\n<div class=\"wp-block-column is-layout-flow wp-block-column-is-layout-flow\" style=\"flex-basis:250px\">\n<div class=\"wp-block-uagb-info-box uagb-block-3aa4fa8c uagb-infobox__content-wrap  uagb-infobox_cta-type-all uagb-infobox-icon-above-title uagb-infobox-image-valign-top uagb-infobox__outer-wrap\"><a href=\"https:\/\/www.instagram.com\/bigpolissucos\/\" class=\"uagb-infobox-link-wrap uagb-infbox__link-to-all\" target=\"_blank\" aria-label=\"Infobox Link\" rel=\"noopener noreferrer\"><\/a><div class=\"uagb-ifb-content\"><div class=\"uagb-ifb-icon-wrap\"><svg xmlns=\"https:\/\/www.w3.org\/2000\/svg\" viewBox=\"0 0 576 512\"><path d=\"M208 72C208 58.75 218.7 48 232 48H248C261.3 48 272 58.75 272 72C272 85.25 261.3 96 248 96H232C218.7 96 208 85.25 208 72zM208 152C208 138.7 218.7 128 232 128H248C261.3 128 272 138.7 272 152C272 165.3 261.3 176 248 176H232C218.7 176 208 165.3 208 152zM16 232C16 218.7 26.75 208 40 208H56C69.25 208 80 218.7 80 232C80 245.3 69.25 256 56 256H40C26.75 256 16 245.3 16 232zM532.6 288C547.7 288 560 300.3 560 315.4C560 388.3 512.6 450.2 446.9 471.8C447.6 474.4 448 477.2 448 480C448 497.7 433.7 512 416 512H160C142.3 512 128 497.7 128 480C128 477.2 128.4 474.4 129.1 471.8C63.4 450.2 16 388.3 16 315.4C16 300.3 28.28 288 43.43 288H532.6zM248 208C261.3 208 272 218.7 272 232C272 245.3 261.3 256 248 256H232C218.7 256 208 245.3 208 232C208 218.7 218.7 208 232 208H248zM152 208C165.3 208 176 218.7 176 232C176 245.3 165.3 256 152 256H136C122.7 256 112 245.3 112 232C112 218.7 122.7 208 136 208H152zM112 152C112 138.7 122.7 128 136 128H152C165.3 128 176 138.7 176 152C176 165.3 165.3 176 152 176H136C122.7 176 112 165.3 112 152zM344 208C357.3 208 368 218.7 368 232C368 245.3 357.3 256 344 256H328C314.7 256 304 245.3 304 232C304 218.7 314.7 208 328 208H344zM304 152C304 138.7 314.7 128 328 128H344C357.3 128 368 138.7 368 152C368 165.3 357.3 176 344 176H328C314.7 176 304 165.3 304 152zM440 208C453.3 208 464 218.7 464 232C464 245.3 453.3 256 440 256H424C410.7 256 400 245.3 400 232C400 218.7 410.7 208 424 208H440zM400 152C400 138.7 410.7 128 424 128H440C453.3 128 464 138.7 464 152C464 165.3 453.3 176 440 176H424C410.7 176 400 165.3 400 152zM536 208C549.3 208 560 218.7 560 232C560 245.3 549.3 256 536 256H520C506.7 256 496 245.3 496 232C496 218.7 506.7 208 520 208H536zM344 48C357.3 48 368 58.75 368 72C368 85.25 357.3 96 344 96H328C314.7 96 304 85.25 304 72C304 58.75 314.7 48 328 48H344z\"><\/path><\/svg><\/div><div class=\"uagb-ifb-title-wrap\"><h3 class=\"uagb-ifb-title\">Big Polis<\/h3><\/div><div class=\"uagb-ifb-button-wrapper wp-block-button\"><\/div><\/div><\/div>\n<\/div>\n\n\n\n<div class=\"wp-block-column is-layout-flow wp-block-column-is-layout-flow\" style=\"flex-basis:500px\">\n<div class=\"wp-block-uagb-info-box uagb-block-20a04ae8 uagb-infobox__content-wrap  uagb-infobox-icon-above-title uagb-infobox-image-valign-top\"><div class=\"uagb-ifb-content\"><div class=\"uagb-ifb-title-wrap\"><\/div><p class=\"uagb-ifb-desc\">Nossa prefer\u00eancia quando o assunto \u00e9 uma refei\u00e7\u00e3o leve ap\u00f3s um pedal. Fica na Rua Oleg\u00e1rio Maciel, esquina com Gilberto Amado. \u00c9 uma lanchonete pequena, mas muito charmosa e com \u00f3timo atendimento. <br>Nosso preferido \u00e9 o A\u00e7a\u00ed com Abacate &#8211; uma del\u00edcia!<br>Junto com os sandu\u00edches, forma um lanche leve e delicioso.<\/p><\/div><\/div>\n<\/div>\n\n\n\n<div class=\"wp-block-column is-layout-flow wp-block-column-is-layout-flow\">\t\t\t<div \n\t\t\tclass=\"wp-block-uagb-google-map uagb-google-map__wrap uagb-block-c512240b     \"\n\t\t\tstyle=\"\" >\n\t\t\t\t<embed\n\t\t\t\t\tclass=\"uagb-google-map__iframe\"\n\t\t\t\t\ttitle=\"Google Map for \"\n\t\t\t\t\tsrc=\"https:\/\/maps.google.com\/maps?q=big%20polis&#038;z=12&#038;hl=pt&#038;t=m&#038;output=embed&#038;iwloc=near\"\n\t\t\t\t\twidth=\"640\"\n\t\t\t\t\theight=\"200\"\n\t\t\t\t\tloading=\"lazy\"\n\t\t\t\t><\/embed>\n\t\t\t<\/div>\n\t\t\t<\/div>\n<\/div>\n\n\n\n<div class=\"wp-block-columns has-ast-global-color-4-background-color has-background is-layout-flex wp-container-core-columns-is-layout-28f84493 wp-block-columns-is-layout-flex\">\n<div class=\"wp-block-column is-layout-flow wp-block-column-is-layout-flow\" style=\"flex-basis:250px\">\n<div class=\"wp-block-uagb-info-box uagb-block-0eecf420 uagb-infobox__content-wrap  uagb-infobox_cta-type-all uagb-infobox-icon-above-title uagb-infobox-image-valign-top uagb-infobox__outer-wrap\"><a href=\"https:\/\/www.evoradeli.com.br\/\" class=\"uagb-infobox-link-wrap uagb-infbox__link-to-all\" target=\"_blank\" aria-label=\"Infobox Link\" rel=\"noopener noreferrer\"><\/a><div class=\"uagb-ifb-content\"><div class=\"uagb-ifb-icon-wrap\"><svg xmlns=\"https:\/\/www.w3.org\/2000\/svg\" viewBox=\"0 0 576 512\"><path d=\"M208 72C208 58.75 218.7 48 232 48H248C261.3 48 272 58.75 272 72C272 85.25 261.3 96 248 96H232C218.7 96 208 85.25 208 72zM208 152C208 138.7 218.7 128 232 128H248C261.3 128 272 138.7 272 152C272 165.3 261.3 176 248 176H232C218.7 176 208 165.3 208 152zM16 232C16 218.7 26.75 208 40 208H56C69.25 208 80 218.7 80 232C80 245.3 69.25 256 56 256H40C26.75 256 16 245.3 16 232zM532.6 288C547.7 288 560 300.3 560 315.4C560 388.3 512.6 450.2 446.9 471.8C447.6 474.4 448 477.2 448 480C448 497.7 433.7 512 416 512H160C142.3 512 128 497.7 128 480C128 477.2 128.4 474.4 129.1 471.8C63.4 450.2 16 388.3 16 315.4C16 300.3 28.28 288 43.43 288H532.6zM248 208C261.3 208 272 218.7 272 232C272 245.3 261.3 256 248 256H232C218.7 256 208 245.3 208 232C208 218.7 218.7 208 232 208H248zM152 208C165.3 208 176 218.7 176 232C176 245.3 165.3 256 152 256H136C122.7 256 112 245.3 112 232C112 218.7 122.7 208 136 208H152zM112 152C112 138.7 122.7 128 136 128H152C165.3 128 176 138.7 176 152C176 165.3 165.3 176 152 176H136C122.7 176 112 165.3 112 152zM344 208C357.3 208 368 218.7 368 232C368 245.3 357.3 256 344 256H328C314.7 256 304 245.3 304 232C304 218.7 314.7 208 328 208H344zM304 152C304 138.7 314.7 128 328 128H344C357.3 128 368 138.7 368 152C368 165.3 357.3 176 344 176H328C314.7 176 304 165.3 304 152zM440 208C453.3 208 464 218.7 464 232C464 245.3 453.3 256 440 256H424C410.7 256 400 245.3 400 232C400 218.7 410.7 208 424 208H440zM400 152C400 138.7 410.7 128 424 128H440C453.3 128 464 138.7 464 152C464 165.3 453.3 176 440 176H424C410.7 176 400 165.3 400 152zM536 208C549.3 208 560 218.7 560 232C560 245.3 549.3 256 536 256H520C506.7 256 496 245.3 496 232C496 218.7 506.7 208 520 208H536zM344 48C357.3 48 368 58.75 368 72C368 85.25 357.3 96 344 96H328C314.7 96 304 85.25 304 72C304 58.75 314.7 48 328 48H344z\"><\/path><\/svg><\/div><div class=\"uagb-ifb-title-wrap\"><h3 class=\"uagb-ifb-title\">\u00c9vora Restaurante<\/h3><\/div><div class=\"uagb-ifb-button-wrapper wp-block-button\"><\/div><\/div><\/div>\n<\/div>\n\n\n\n<div class=\"wp-block-column is-layout-flow wp-block-column-is-layout-flow\" style=\"flex-basis:500px\">\n<div class=\"wp-block-uagb-info-box uagb-block-5407c79d uagb-infobox__content-wrap  uagb-infobox-icon-above-title uagb-infobox-image-valign-top\"><div class=\"uagb-ifb-content\"><div class=\"uagb-ifb-title-wrap\"><\/div><p class=\"uagb-ifb-desc\">Se o que voc\u00ea procura \u00e9 um restaurante a quilo, com qualidade 5 estrelas, pertinho do flat (a p\u00e9) tem o \u00c9vora. Fica dentro do Shopping Barra Square, do outro lado do Parque das Rosas &#8211; segundo pela cal\u00e7ada sempre \u00e0 esquerda voc\u00ea chega no complexo de lojas e restaurantes, a aproximadamente 800m. Olhando para o outro lado da rua voc\u00ea ver\u00e1 um pequeno shopping &#8211; Barra Square. Ali, na pra\u00e7a de alimenta\u00e7\u00e3o do 2o piso, est\u00e1 o \u00c9vora. Perfeito para uma refei\u00e7\u00e3o r\u00e1pida e deliciosa.<\/p><\/div><\/div>\n<\/div>\n\n\n\n<div class=\"wp-block-column is-layout-flow wp-block-column-is-layout-flow\">\t\t\t<div \n\t\t\tclass=\"wp-block-uagb-google-map uagb-google-map__wrap uagb-block-0bde3313     \"\n\t\t\tstyle=\"\" >\n\t\t\t\t<embed\n\t\t\t\t\tclass=\"uagb-google-map__iframe\"\n\t\t\t\t\ttitle=\"Google Map for \"\n\t\t\t\t\tsrc=\"https:\/\/maps.google.com\/maps?q=Barra%20Square&#038;z=12&#038;hl=pt&#038;t=m&#038;output=embed&#038;iwloc=near\"\n\t\t\t\t\twidth=\"640\"\n\t\t\t\t\theight=\"200\"\n\t\t\t\t\tloading=\"lazy\"\n\t\t\t\t><\/embed>\n\t\t\t<\/div>\n\t\t\t<\/div>\n<\/div>\n\n\n\n<div class=\"wp-block-columns has-ast-global-color-5-background-color has-background is-layout-flex wp-container-core-columns-is-layout-28f84493 wp-block-columns-is-layout-flex\">\n<div class=\"wp-block-column is-layout-flow wp-block-column-is-layout-flow\" style=\"flex-basis:250px\">\n<div class=\"wp-block-uagb-info-box uagb-block-71c5e9e2 uagb-infobox__content-wrap  uagb-infobox_cta-type-all uagb-infobox-icon-above-title uagb-infobox-image-valign-top uagb-infobox__outer-wrap\"><a href=\"https:\/\/www.instagram.com\/zonasulsupermercado\/\" class=\"uagb-infobox-link-wrap uagb-infbox__link-to-all\" target=\"_blank\" aria-label=\"Infobox Link\" rel=\"noopener noreferrer\"><\/a><div class=\"uagb-ifb-content\"><div class=\"uagb-ifb-icon-wrap\"><svg xmlns=\"https:\/\/www.w3.org\/2000\/svg\" viewBox=\"0 0 576 512\"><path d=\"M208 72C208 58.75 218.7 48 232 48H248C261.3 48 272 58.75 272 72C272 85.25 261.3 96 248 96H232C218.7 96 208 85.25 208 72zM208 152C208 138.7 218.7 128 232 128H248C261.3 128 272 138.7 272 152C272 165.3 261.3 176 248 176H232C218.7 176 208 165.3 208 152zM16 232C16 218.7 26.75 208 40 208H56C69.25 208 80 218.7 80 232C80 245.3 69.25 256 56 256H40C26.75 256 16 245.3 16 232zM532.6 288C547.7 288 560 300.3 560 315.4C560 388.3 512.6 450.2 446.9 471.8C447.6 474.4 448 477.2 448 480C448 497.7 433.7 512 416 512H160C142.3 512 128 497.7 128 480C128 477.2 128.4 474.4 129.1 471.8C63.4 450.2 16 388.3 16 315.4C16 300.3 28.28 288 43.43 288H532.6zM248 208C261.3 208 272 218.7 272 232C272 245.3 261.3 256 248 256H232C218.7 256 208 245.3 208 232C208 218.7 218.7 208 232 208H248zM152 208C165.3 208 176 218.7 176 232C176 245.3 165.3 256 152 256H136C122.7 256 112 245.3 112 232C112 218.7 122.7 208 136 208H152zM112 152C112 138.7 122.7 128 136 128H152C165.3 128 176 138.7 176 152C176 165.3 165.3 176 152 176H136C122.7 176 112 165.3 112 152zM344 208C357.3 208 368 218.7 368 232C368 245.3 357.3 256 344 256H328C314.7 256 304 245.3 304 232C304 218.7 314.7 208 328 208H344zM304 152C304 138.7 314.7 128 328 128H344C357.3 128 368 138.7 368 152C368 165.3 357.3 176 344 176H328C314.7 176 304 165.3 304 152zM440 208C453.3 208 464 218.7 464 232C464 245.3 453.3 256 440 256H424C410.7 256 400 245.3 400 232C400 218.7 410.7 208 424 208H440zM400 152C400 138.7 410.7 128 424 128H440C453.3 128 464 138.7 464 152C464 165.3 453.3 176 440 176H424C410.7 176 400 165.3 400 152zM536 208C549.3 208 560 218.7 560 232C560 245.3 549.3 256 536 256H520C506.7 256 496 245.3 496 232C496 218.7 506.7 208 520 208H536zM344 48C357.3 48 368 58.75 368 72C368 85.25 357.3 96 344 96H328C314.7 96 304 85.25 304 72C304 58.75 314.7 48 328 48H344z\"><\/path><\/svg><\/div><div class=\"uagb-ifb-title-wrap\"><h3 class=\"uagb-ifb-title\">Zona Sul da praia<\/h3><\/div><div class=\"uagb-ifb-button-wrapper wp-block-button\"><\/div><\/div><\/div>\n<\/div>\n\n\n\n<div class=\"wp-block-column is-layout-flow wp-block-column-is-layout-flow\" style=\"flex-basis:500px\">\n<div class=\"wp-block-uagb-info-box uagb-block-84257aa7 uagb-infobox__content-wrap  uagb-infobox-icon-above-title uagb-infobox-image-valign-top\"><div class=\"uagb-ifb-content\"><div class=\"uagb-ifb-title-wrap\"><\/div><p class=\"uagb-ifb-desc\">Se est\u00e1 perto da praia e quer um restaurante gostoso e pr\u00e1tico, experimente o que tem dentro do supermercado Zona Sul  da praia. Bem na chegada \u00e0 praia pelo deck 1 (dicas do flat) voc\u00ea encontra o mercado Zona Sul. Ali na lateral dele tem um restaurante a quilo muito bom, inclusive com caf\u00e9 da manh\u00e3 a quilo!<\/p><\/div><\/div>\n<\/div>\n\n\n\n<div class=\"wp-block-column is-layout-flow wp-block-column-is-layout-flow\">\t\t\t<div \n\t\t\tclass=\"wp-block-uagb-google-map uagb-google-map__wrap uagb-block-ff31ad05     \"\n\t\t\tstyle=\"\" >\n\t\t\t\t<embed\n\t\t\t\t\tclass=\"uagb-google-map__iframe\"\n\t\t\t\t\ttitle=\"Google Map for \"\n\t\t\t\t\tsrc=\"https:\/\/maps.google.com\/maps?q=zona%20sul%20lucio%20cosa&#038;z=12&#038;hl=pt&#038;t=m&#038;output=embed&#038;iwloc=near\"\n\t\t\t\t\twidth=\"640\"\n\t\t\t\t\theight=\"200\"\n\t\t\t\t\tloading=\"lazy\"\n\t\t\t\t><\/embed>\n\t\t\t<\/div>\n\t\t\t<\/div>\n<\/div>\n<\/div><\/section>\n","protected":false},"excerpt":{"rendered":"","protected":false},"author":1,"featured_media":0,"parent":0,"menu_order":0,"comment_status":"closed","ping_status":"closed","template":"","meta":{"_uag_custom_page_level_css":"","site-sidebar-layout":"default","site-content-layout":"default","ast-global-header-display":"","ast-main-header-display":"","ast-hfb-above-header-display":"","ast-hfb-below-header-display":"","ast-hfb-mobile-header-display":"","site-post-title":"disabled","ast-breadcrumbs-content":"","ast-featured-img":"","footer-sml-layout":"","theme-transparent-header-meta":"","adv-header-id-meta":"","stick-header-meta":"","header-above-stick-meta":"","header-main-stick-meta":"","header-below-stick-meta":"","footnotes":""},"class_list":["post-1663","page","type-page","status-publish","hentry"],"uagb_featured_image_src":{"full":false,"thumbnail":false,"medium":false,"medium_large":false,"large":false,"1536x1536":false,"2048x2048":false},"uagb_author_info":{"display_name":"Augusto","author_link":"https:\/\/martinhasflatrio.com.br\/?author=1"},"uagb_comment_info":0,"uagb_excerpt":null,"_links":{"self":[{"href":"https:\/\/martinhasflatrio.com.br\/index.php?rest_route=\/wp\/v2\/pages\/1663","targetHints":{"allow":["GET"]}}],"collection":[{"href":"https:\/\/martinhasflatrio.com.br\/index.php?rest_route=\/wp\/v2\/pages"}],"about":[{"href":"https:\/\/martinhasflatrio.com.br\/index.php?rest_route=\/wp\/v2\/types\/page"}],"author":[{"embeddable":true,"href":"https:\/\/martinhasflatrio.com.br\/index.php?rest_route=\/wp\/v2\/users\/1"}],"replies":[{"embeddable":true,"href":"https:\/\/martinhasflatrio.com.br\/index.php?rest_route=%2Fwp%2Fv2%2Fcomments&post=1663"}],"version-history":[{"count":12,"href":"https:\/\/martinhasflatrio.com.br\/index.php?rest_route=\/wp\/v2\/pages\/1663\/revisions"}],"predecessor-version":[{"id":1682,"href":"https:\/\/martinhasflatrio.com.br\/index.php?rest_route=\/wp\/v2\/pages\/1663\/revisions\/1682"}],"wp:attachment":[{"href":"https:\/\/martinhasflatrio.com.br\/index.php?rest_route=%2Fwp%2Fv2%2Fmedia&parent=1663"}],"curies":[{"name":"wp","href":"https:\/\/api.w.org\/{rel}","templated":true}]}}