{"id":1529,"date":"2022-09-19T16:51:17","date_gmt":"2022-09-19T19:51:17","guid":{"rendered":"https:\/\/martinhasflatrio.com.br\/?page_id=1529"},"modified":"2022-09-19T16:51:17","modified_gmt":"2022-09-19T19:51:17","slug":"ta-chovendo-5","status":"publish","type":"page","link":"https:\/\/martinhasflatrio.com.br\/?page_id=1529","title":{"rendered":"Shoppings"},"content":{"rendered":"\n<div class=\"wp-block-cover alignfull has-parallax\" style=\"background-image:url(https:\/\/martinhasflatrio.com.br\/wp-content\/uploads\/2022\/07\/Chuva-370-x-440.png)\"><span aria-hidden=\"true\" class=\"wp-block-cover__background has-ast-global-color-0-background-color has-background-dim-70 has-background-dim\"><\/span><div class=\"wp-block-cover__inner-container is-layout-flow wp-block-cover-is-layout-flow\">\n<p class=\"has-text-align-center has-large-font-size\">Shoppings<\/p>\n<\/div><\/div>\n\n\n\n<section class=\"wp-block-uagb-section uagb-section__wrap uagb-section__background-undefined uagb-block-36e8b57c\"><div class=\"uagb-section__overlay\"><\/div><div class=\"uagb-section__inner-wrap\">\n<p><\/p>\n\n\n\n<div class=\"wp-block-columns has-ast-global-color-5-background-color has-background is-layout-flex wp-container-core-columns-is-layout-28f84493 wp-block-columns-is-layout-flex\">\n<div class=\"wp-block-column is-layout-flow wp-block-column-is-layout-flow\" style=\"flex-basis:250px\">\n<div class=\"wp-block-uagb-info-box uagb-block-ff86d793 uagb-infobox__content-wrap  uagb-infobox-icon-above-title uagb-infobox-image-valign-top uagb-infobox__outer-wrap\"><div class=\"uagb-ifb-content\"><div class=\"uagb-ifb-icon-wrap\"><svg xmlns=\"https:\/\/www.w3.org\/2000\/svg\" viewBox=\"0 0 448 512\"><path d=\"M388.3 104.1a4.66 4.66 0 0 0 -4.4-4c-2 0-37.23-.8-37.23-.8s-21.61-20.82-29.62-28.83V503.2L442.8 472S388.7 106.5 388.3 104.1zM288.6 70.47a116.7 116.7 0 0 0 -7.21-17.61C271 32.85 255.4 22 237 22a15 15 0 0 0 -4 .4c-.4-.8-1.2-1.2-1.6-2C223.4 11.63 213 7.63 200.6 8c-24 .8-48 18-67.25 48.83-13.61 21.62-24 48.84-26.82 70.06-27.62 8.4-46.83 14.41-47.23 14.81-14 4.4-14.41 4.8-16 18-1.2 10-38 291.8-38 291.8L307.9 504V65.67a41.66 41.66 0 0 0 -4.4 .4S297.9 67.67 288.6 70.47zM233.4 87.69c-16 4.8-33.63 10.4-50.84 15.61 4.8-18.82 14.41-37.63 25.62-50 4.4-4.4 10.41-9.61 17.21-12.81C232.2 54.86 233.8 74.48 233.4 87.69zM200.6 24.44A27.49 27.49 0 0 1 215 28c-6.4 3.2-12.81 8.41-18.81 14.41-15.21 16.42-26.82 42-31.62 66.45-14.42 4.41-28.83 8.81-42 12.81C131.3 83.28 163.8 25.24 200.6 24.44zM154.1 244.6c1.6 25.61 69.25 31.22 73.25 91.66 2.8 47.64-25.22 80.06-65.65 82.47-48.83 3.2-75.65-25.62-75.65-25.62l10.4-44s26.82 20.42 48.44 18.82c14-.8 19.22-12.41 18.81-20.42-2-33.62-57.24-31.62-60.84-86.86-3.2-46.44 27.22-93.27 94.47-97.68 26-1.6 39.23 4.81 39.23 4.81L221.4 225.4s-17.21-8-37.63-6.4C154.1 221 153.8 239.8 154.1 244.6zM249.4 82.88c0-12-1.6-29.22-7.21-43.63 18.42 3.6 27.22 24 31.23 36.43Q262.6 78.68 249.4 82.88z\"><\/path><\/svg><\/div><div class=\"uagb-ifb-title-wrap\"><h3 class=\"uagb-ifb-title\">Barrashopping<\/h3><\/div><\/div><\/div>\n<\/div>\n\n\n\n<div class=\"wp-block-column is-layout-flow wp-block-column-is-layout-flow\" style=\"flex-basis:500px\">\n<div class=\"wp-block-uagb-info-box uagb-block-86d6942b uagb-infobox__content-wrap  uagb-infobox-icon-above-title uagb-infobox-image-valign-top\"><div class=\"uagb-ifb-content\"><div class=\"uagb-ifb-title-wrap\"><\/div><p class=\"uagb-ifb-desc\">O Barrashopping \u00e9 o maior shopping da Barra. Aqui voc\u00ea tem uma enorme variedade de op\u00e7\u00f5es de lojas, restaurantes, cl\u00ednicas, \u00e1reas de lazer e cinemas (no new York, que \u00e9 anexo). Fica bem cheio nos fins de semana, portanto se voc\u00ea gosta de um ambiente mais tranquilo, melhor ir em dias de semana<\/p><\/div><\/div>\n<\/div>\n\n\n\n<div class=\"wp-block-column is-layout-flow wp-block-column-is-layout-flow\">\t\t\t<div \n\t\t\tclass=\"wp-block-uagb-google-map uagb-google-map__wrap uagb-block-bc5324ba     \"\n\t\t\tstyle=\"\" >\n\t\t\t\t<embed\n\t\t\t\t\tclass=\"uagb-google-map__iframe\"\n\t\t\t\t\ttitle=\"Google Map for \"\n\t\t\t\t\tsrc=\"https:\/\/maps.google.com\/maps?q=Barrashopping&#038;z=12&#038;hl=pt&#038;t=m&#038;output=embed&#038;iwloc=near\"\n\t\t\t\t\twidth=\"640\"\n\t\t\t\t\theight=\"200\"\n\t\t\t\t\tloading=\"lazy\"\n\t\t\t\t><\/embed>\n\t\t\t<\/div>\n\t\t\t<\/div>\n<\/div>\n\n\n\n<div class=\"wp-block-columns has-ast-global-color-8-background-color has-background is-layout-flex wp-container-core-columns-is-layout-28f84493 wp-block-columns-is-layout-flex\">\n<div class=\"wp-block-column is-layout-flow wp-block-column-is-layout-flow\" style=\"flex-basis:250px\">\n<div class=\"wp-block-uagb-info-box uagb-block-9ca7e50d uagb-infobox__content-wrap  uagb-infobox-icon-above-title uagb-infobox-image-valign-top uagb-infobox__outer-wrap\"><div class=\"uagb-ifb-content\"><div class=\"uagb-ifb-icon-wrap\"><svg xmlns=\"https:\/\/www.w3.org\/2000\/svg\" viewBox=\"0 0 448 512\"><path d=\"M388.3 104.1a4.66 4.66 0 0 0 -4.4-4c-2 0-37.23-.8-37.23-.8s-21.61-20.82-29.62-28.83V503.2L442.8 472S388.7 106.5 388.3 104.1zM288.6 70.47a116.7 116.7 0 0 0 -7.21-17.61C271 32.85 255.4 22 237 22a15 15 0 0 0 -4 .4c-.4-.8-1.2-1.2-1.6-2C223.4 11.63 213 7.63 200.6 8c-24 .8-48 18-67.25 48.83-13.61 21.62-24 48.84-26.82 70.06-27.62 8.4-46.83 14.41-47.23 14.81-14 4.4-14.41 4.8-16 18-1.2 10-38 291.8-38 291.8L307.9 504V65.67a41.66 41.66 0 0 0 -4.4 .4S297.9 67.67 288.6 70.47zM233.4 87.69c-16 4.8-33.63 10.4-50.84 15.61 4.8-18.82 14.41-37.63 25.62-50 4.4-4.4 10.41-9.61 17.21-12.81C232.2 54.86 233.8 74.48 233.4 87.69zM200.6 24.44A27.49 27.49 0 0 1 215 28c-6.4 3.2-12.81 8.41-18.81 14.41-15.21 16.42-26.82 42-31.62 66.45-14.42 4.41-28.83 8.81-42 12.81C131.3 83.28 163.8 25.24 200.6 24.44zM154.1 244.6c1.6 25.61 69.25 31.22 73.25 91.66 2.8 47.64-25.22 80.06-65.65 82.47-48.83 3.2-75.65-25.62-75.65-25.62l10.4-44s26.82 20.42 48.44 18.82c14-.8 19.22-12.41 18.81-20.42-2-33.62-57.24-31.62-60.84-86.86-3.2-46.44 27.22-93.27 94.47-97.68 26-1.6 39.23 4.81 39.23 4.81L221.4 225.4s-17.21-8-37.63-6.4C154.1 221 153.8 239.8 154.1 244.6zM249.4 82.88c0-12-1.6-29.22-7.21-43.63 18.42 3.6 27.22 24 31.23 36.43Q262.6 78.68 249.4 82.88z\"><\/path><\/svg><\/div><div class=\"uagb-ifb-title-wrap\"><h3 class=\"uagb-ifb-title\">Downtown<\/h3><\/div><\/div><\/div>\n<\/div>\n\n\n\n<div class=\"wp-block-column is-layout-flow wp-block-column-is-layout-flow\" style=\"flex-basis:500px\">\n<div class=\"wp-block-uagb-info-box uagb-block-fb099709 uagb-infobox__content-wrap  uagb-infobox-icon-above-title uagb-infobox-image-valign-top\"><div class=\"uagb-ifb-content\"><div class=\"uagb-ifb-title-wrap\"><\/div><p class=\"uagb-ifb-desc\">Que tal um shopping charmoso, com muitas op\u00e7\u00f5es de restaurantes e lojas, com cinema e ainda por cima pet friendly ?<br>O downtown \u00e9 uma op\u00e7\u00e3o mais agrad\u00e1vel para quem gosta de ar livre e movimento mais tranquilo, com uma pegada mais &#8220;local&#8221;<br>Com chuva fica um pouco mais dif\u00edcil, mas \u00e9 uma \u00f3tima op\u00e7\u00e3o para quem quer um lazer mais protegido. Tem cinemas, \u00e1rea central com atra\u00e7\u00f5es (consultar agenda) e bastante charme<\/p><\/div><\/div>\n<\/div>\n\n\n\n<div class=\"wp-block-column is-layout-flow wp-block-column-is-layout-flow\">\t\t\t<div \n\t\t\tclass=\"wp-block-uagb-google-map uagb-google-map__wrap uagb-block-0a503ff5     \"\n\t\t\tstyle=\"\" >\n\t\t\t\t<embed\n\t\t\t\t\tclass=\"uagb-google-map__iframe\"\n\t\t\t\t\ttitle=\"Google Map for \"\n\t\t\t\t\tsrc=\"https:\/\/maps.google.com\/maps?q=downtown&#038;z=12&#038;hl=pt&#038;t=m&#038;output=embed&#038;iwloc=near\"\n\t\t\t\t\twidth=\"640\"\n\t\t\t\t\theight=\"200\"\n\t\t\t\t\tloading=\"lazy\"\n\t\t\t\t><\/embed>\n\t\t\t<\/div>\n\t\t\t<\/div>\n<\/div>\n\n\n\n<div class=\"wp-block-columns has-ast-global-color-5-background-color has-background is-layout-flex wp-container-core-columns-is-layout-28f84493 wp-block-columns-is-layout-flex\">\n<div class=\"wp-block-column is-layout-flow wp-block-column-is-layout-flow\" style=\"flex-basis:250px\">\n<div class=\"wp-block-uagb-info-box uagb-block-a53d8eae uagb-infobox__content-wrap  uagb-infobox-icon-above-title uagb-infobox-image-valign-top uagb-infobox__outer-wrap\"><div class=\"uagb-ifb-content\"><div class=\"uagb-ifb-icon-wrap\"><svg xmlns=\"https:\/\/www.w3.org\/2000\/svg\" viewBox=\"0 0 448 512\"><path d=\"M388.3 104.1a4.66 4.66 0 0 0 -4.4-4c-2 0-37.23-.8-37.23-.8s-21.61-20.82-29.62-28.83V503.2L442.8 472S388.7 106.5 388.3 104.1zM288.6 70.47a116.7 116.7 0 0 0 -7.21-17.61C271 32.85 255.4 22 237 22a15 15 0 0 0 -4 .4c-.4-.8-1.2-1.2-1.6-2C223.4 11.63 213 7.63 200.6 8c-24 .8-48 18-67.25 48.83-13.61 21.62-24 48.84-26.82 70.06-27.62 8.4-46.83 14.41-47.23 14.81-14 4.4-14.41 4.8-16 18-1.2 10-38 291.8-38 291.8L307.9 504V65.67a41.66 41.66 0 0 0 -4.4 .4S297.9 67.67 288.6 70.47zM233.4 87.69c-16 4.8-33.63 10.4-50.84 15.61 4.8-18.82 14.41-37.63 25.62-50 4.4-4.4 10.41-9.61 17.21-12.81C232.2 54.86 233.8 74.48 233.4 87.69zM200.6 24.44A27.49 27.49 0 0 1 215 28c-6.4 3.2-12.81 8.41-18.81 14.41-15.21 16.42-26.82 42-31.62 66.45-14.42 4.41-28.83 8.81-42 12.81C131.3 83.28 163.8 25.24 200.6 24.44zM154.1 244.6c1.6 25.61 69.25 31.22 73.25 91.66 2.8 47.64-25.22 80.06-65.65 82.47-48.83 3.2-75.65-25.62-75.65-25.62l10.4-44s26.82 20.42 48.44 18.82c14-.8 19.22-12.41 18.81-20.42-2-33.62-57.24-31.62-60.84-86.86-3.2-46.44 27.22-93.27 94.47-97.68 26-1.6 39.23 4.81 39.23 4.81L221.4 225.4s-17.21-8-37.63-6.4C154.1 221 153.8 239.8 154.1 244.6zM249.4 82.88c0-12-1.6-29.22-7.21-43.63 18.42 3.6 27.22 24 31.23 36.43Q262.6 78.68 249.4 82.88z\"><\/path><\/svg><\/div><div class=\"uagb-ifb-title-wrap\"><h3 class=\"uagb-ifb-title\">Rio Design<\/h3><\/div><\/div><\/div>\n<\/div>\n\n\n\n<div class=\"wp-block-column is-layout-flow wp-block-column-is-layout-flow\" style=\"flex-basis:500px\">\n<div class=\"wp-block-uagb-info-box uagb-block-739bd0f8 uagb-infobox__content-wrap  uagb-infobox-icon-above-title uagb-infobox-image-valign-top\"><div class=\"uagb-ifb-content\"><div class=\"uagb-ifb-title-wrap\"><\/div><p class=\"uagb-ifb-desc\">Se voc\u00ea procura um shopping com espa\u00e7os maiores, lojas mais amplas e \u00f3timas op\u00e7\u00f5es de restaurantes, quem sabe o Rio Design Barra seja uma op\u00e7\u00e3o. Originalmente panejado para ser um shopping de decora\u00e7\u00e3o &#8211; da\u00ed as lojas mais amplas &#8211; ao longo do tempo mudou seu dna para um local agrad\u00e1vel com \u00f3timas op\u00e7\u00f5es para comer e beber. Menos movimentado que o Barrashopping, mas um bom programa para um dia de chuva<\/p><\/div><\/div>\n<\/div>\n\n\n\n<div class=\"wp-block-column is-layout-flow wp-block-column-is-layout-flow\">\t\t\t<div \n\t\t\tclass=\"wp-block-uagb-google-map uagb-google-map__wrap uagb-block-c8d1bd58     \"\n\t\t\tstyle=\"\" >\n\t\t\t\t<embed\n\t\t\t\t\tclass=\"uagb-google-map__iframe\"\n\t\t\t\t\ttitle=\"Google Map for \"\n\t\t\t\t\tsrc=\"https:\/\/maps.google.com\/maps?q=rio%20design%20barra&#038;z=12&#038;hl=pt&#038;t=m&#038;output=embed&#038;iwloc=near\"\n\t\t\t\t\twidth=\"640\"\n\t\t\t\t\theight=\"200\"\n\t\t\t\t\tloading=\"lazy\"\n\t\t\t\t><\/embed>\n\t\t\t<\/div>\n\t\t\t<\/div>\n<\/div>\n<\/div><\/section>\n","protected":false},"excerpt":{"rendered":"","protected":false},"author":1,"featured_media":0,"parent":0,"menu_order":0,"comment_status":"closed","ping_status":"closed","template":"","meta":{"_uag_custom_page_level_css":"","site-sidebar-layout":"default","site-content-layout":"default","ast-global-header-display":"","ast-main-header-display":"","ast-hfb-above-header-display":"","ast-hfb-below-header-display":"","ast-hfb-mobile-header-display":"","site-post-title":"disabled","ast-breadcrumbs-content":"","ast-featured-img":"","footer-sml-layout":"","theme-transparent-header-meta":"","adv-header-id-meta":"","stick-header-meta":"","header-above-stick-meta":"","header-main-stick-meta":"","header-below-stick-meta":"","footnotes":""},"class_list":["post-1529","page","type-page","status-publish","hentry"],"uagb_featured_image_src":{"full":false,"thumbnail":false,"medium":false,"medium_large":false,"large":false,"1536x1536":false,"2048x2048":false},"uagb_author_info":{"display_name":"Augusto","author_link":"https:\/\/martinhasflatrio.com.br\/?author=1"},"uagb_comment_info":0,"uagb_excerpt":null,"_links":{"self":[{"href":"https:\/\/martinhasflatrio.com.br\/index.php?rest_route=\/wp\/v2\/pages\/1529","targetHints":{"allow":["GET"]}}],"collection":[{"href":"https:\/\/martinhasflatrio.com.br\/index.php?rest_route=\/wp\/v2\/pages"}],"about":[{"href":"https:\/\/martinhasflatrio.com.br\/index.php?rest_route=\/wp\/v2\/types\/page"}],"author":[{"embeddable":true,"href":"https:\/\/martinhasflatrio.com.br\/index.php?rest_route=\/wp\/v2\/users\/1"}],"replies":[{"embeddable":true,"href":"https:\/\/martinhasflatrio.com.br\/index.php?rest_route=%2Fwp%2Fv2%2Fcomments&post=1529"}],"version-history":[{"count":1,"href":"https:\/\/martinhasflatrio.com.br\/index.php?rest_route=\/wp\/v2\/pages\/1529\/revisions"}],"predecessor-version":[{"id":1530,"href":"https:\/\/martinhasflatrio.com.br\/index.php?rest_route=\/wp\/v2\/pages\/1529\/revisions\/1530"}],"wp:attachment":[{"href":"https:\/\/martinhasflatrio.com.br\/index.php?rest_route=%2Fwp%2Fv2%2Fmedia&parent=1529"}],"curies":[{"name":"wp","href":"https:\/\/api.w.org\/{rel}","templated":true}]}}