{"id":1454,"date":"2022-09-16T15:34:42","date_gmt":"2022-09-16T18:34:42","guid":{"rendered":"https:\/\/martinhasflatrio.com.br\/?page_id=1454"},"modified":"2023-01-12T17:20:05","modified_gmt":"2023-01-12T20:20:05","slug":"card-3-2","status":"publish","type":"page","link":"https:\/\/martinhasflatrio.com.br\/?page_id=1454","title":{"rendered":"Quem \u00e9 a Martinha"},"content":{"rendered":"\n<div class=\"wp-block-cover alignfull has-parallax\" style=\"padding-top:200px;padding-right:200px;padding-bottom:200px;padding-left:200px;min-height:181px;aspect-ratio:unset;\"><span aria-hidden=\"true\" class=\"wp-block-cover__background has-ast-global-color-0-background-color has-background-dim-70 has-background-dim\"><\/span><div role=\"img\" class=\"wp-block-cover__image-background wp-image-837 has-parallax\" style=\"background-position:50% 50%;background-image:url(https:\/\/martinhasflatrio.com.br\/wp-content\/uploads\/2022\/08\/Martinha-com-sol-na-mao-1-scaled.jpg)\"><\/div><div class=\"wp-block-cover__inner-container is-layout-flow wp-block-cover-is-layout-flow\">\n<p class=\"has-large-font-size\">Quem \u00e9 a Martinha<\/p>\n<\/div><\/div>\n\n\n\n<section class=\"wp-block-uagb-section uagb-section__wrap uagb-section__background-image uagb-block-589af8db\"><div class=\"uagb-section__overlay\"><\/div><div class=\"uagb-section__inner-wrap\">\n<div class=\"wp-block-columns is-layout-flex wp-container-core-columns-is-layout-28f84493 wp-block-columns-is-layout-flex\">\n<div class=\"wp-block-column is-layout-flow wp-block-column-is-layout-flow\">\n<div class=\"wp-block-uagb-info-box uagb-block-8af5cfa6 uagb-infobox__content-wrap  uagb-infobox-icon-above-title uagb-infobox-image-valign-top\"><div class=\"uagb-ifb-content\"><div class=\"uagb-ifb-title-wrap\"><h3 class=\"uagb-ifb-title\">Essa sou eu<\/h3><\/div><div class=\"uagb-ifb-separator\"><\/div><p class=\"uagb-ifb-desc\">Oi, tudo bem? Sou a Martinha, muito prazer!<br>Filha de baiana com mineiro, nasci em S\u00e3o Paulo e amo o Rio de Janeiro!<br>De fam\u00edlia simples, me constru\u00ed com estudos e influ\u00eancia boa dos anjos que encontrei pelo caminho. Estudei Turismo, Administra\u00e7\u00e3o de Empresas e constru\u00ed carreira (os \u00faltimos vinte anos como assessora executiva de alto escal\u00e3o de empresa alem\u00e3). Tamb\u00e9m estudei Psican\u00e1lise, PNL e Constela\u00e7\u00e3o Familiar.<br>Apaixonada por esporte e natureza, explorei todo o Brasil, pois quis conhecer o meu pa\u00eds antes de cruzar oceanos. Assim, com uma boa dose de \u201cziriguidum\u201d na bagagem, morei na Alemanha, nos Estados Unidos e voltei t\u00e3o feliz quanto fui.<br><\/p><\/div><\/div>\n<\/div>\n\n\n\n<div class=\"wp-block-column is-layout-flow wp-block-column-is-layout-flow\">\n<figure class=\"wp-block-gallery has-nested-images columns-default is-cropped uag-masonry uagb-block-0c4ca81a wp-block-gallery-1 is-layout-flex wp-block-gallery-is-layout-flex\">\n<figure class=\"wp-block-image size-large\"><img loading=\"lazy\" decoding=\"async\" width=\"768\" height=\"1024\" data-id=\"1765\" src=\"https:\/\/martinhasflatrio.com.br\/wp-content\/uploads\/2022\/11\/20201225_103740-768x1024.jpg\" alt=\"\" class=\"wp-image-1765\" srcset=\"https:\/\/martinhasflatrio.com.br\/wp-content\/uploads\/2022\/11\/20201225_103740-768x1024.jpg 768w, https:\/\/martinhasflatrio.com.br\/wp-content\/uploads\/2022\/11\/20201225_103740-225x300.jpg 225w, https:\/\/martinhasflatrio.com.br\/wp-content\/uploads\/2022\/11\/20201225_103740-1152x1536.jpg 1152w, https:\/\/martinhasflatrio.com.br\/wp-content\/uploads\/2022\/11\/20201225_103740-1536x2048.jpg 1536w, https:\/\/martinhasflatrio.com.br\/wp-content\/uploads\/2022\/11\/20201225_103740-scaled.jpg 1920w\" sizes=\"auto, (max-width: 768px) 100vw, 768px\" \/><\/figure>\n\n\n\n<figure class=\"wp-block-image size-large\"><img loading=\"lazy\" decoding=\"async\" width=\"2560\" height=\"1920\" data-id=\"1034\" src=\"https:\/\/martinhasflatrio.com.br\/wp-content\/uploads\/2022\/09\/Yoga-do-Coracao-em-pe-scaled.jpg\" alt=\"\" class=\"wp-image-1034\" srcset=\"https:\/\/martinhasflatrio.com.br\/wp-content\/uploads\/2022\/09\/Yoga-do-Coracao-em-pe-scaled.jpg 2560w, https:\/\/martinhasflatrio.com.br\/wp-content\/uploads\/2022\/09\/Yoga-do-Coracao-em-pe-300x225.jpg 300w, https:\/\/martinhasflatrio.com.br\/wp-content\/uploads\/2022\/09\/Yoga-do-Coracao-em-pe-1024x768.jpg 1024w, https:\/\/martinhasflatrio.com.br\/wp-content\/uploads\/2022\/09\/Yoga-do-Coracao-em-pe-768x576.jpg 768w, https:\/\/martinhasflatrio.com.br\/wp-content\/uploads\/2022\/09\/Yoga-do-Coracao-em-pe-1536x1152.jpg 1536w, https:\/\/martinhasflatrio.com.br\/wp-content\/uploads\/2022\/09\/Yoga-do-Coracao-em-pe-2048x1536.jpg 2048w\" sizes=\"auto, (max-width: 2560px) 100vw, 2560px\" \/><\/figure>\n\n\n\n<figure class=\"wp-block-image size-large\"><img loading=\"lazy\" decoding=\"async\" width=\"2560\" height=\"1920\" data-id=\"761\" src=\"https:\/\/martinhasflatrio.com.br\/wp-content\/uploads\/2022\/08\/20200727_140449-scaled.jpg\" alt=\"\" class=\"wp-image-761\" srcset=\"https:\/\/martinhasflatrio.com.br\/wp-content\/uploads\/2022\/08\/20200727_140449-scaled.jpg 2560w, https:\/\/martinhasflatrio.com.br\/wp-content\/uploads\/2022\/08\/20200727_140449-300x225.jpg 300w, https:\/\/martinhasflatrio.com.br\/wp-content\/uploads\/2022\/08\/20200727_140449-1024x768.jpg 1024w, https:\/\/martinhasflatrio.com.br\/wp-content\/uploads\/2022\/08\/20200727_140449-768x576.jpg 768w, https:\/\/martinhasflatrio.com.br\/wp-content\/uploads\/2022\/08\/20200727_140449-1536x1152.jpg 1536w, https:\/\/martinhasflatrio.com.br\/wp-content\/uploads\/2022\/08\/20200727_140449-2048x1536.jpg 2048w\" sizes=\"auto, (max-width: 2560px) 100vw, 2560px\" \/><\/figure>\n\n\n\n<figure class=\"wp-block-image size-large\"><img loading=\"lazy\" decoding=\"async\" width=\"370\" height=\"440\" data-id=\"670\" src=\"https:\/\/martinhasflatrio.com.br\/wp-content\/uploads\/2022\/07\/Cinema-370-x-440.png\" alt=\"\" class=\"wp-image-670\" srcset=\"https:\/\/martinhasflatrio.com.br\/wp-content\/uploads\/2022\/07\/Cinema-370-x-440.png 370w, https:\/\/martinhasflatrio.com.br\/wp-content\/uploads\/2022\/07\/Cinema-370-x-440-252x300.png 252w\" sizes=\"auto, (max-width: 370px) 100vw, 370px\" \/><\/figure>\n\n\n\n<figure class=\"wp-block-image size-large\"><img loading=\"lazy\" decoding=\"async\" width=\"1024\" height=\"498\" data-id=\"763\" src=\"https:\/\/martinhasflatrio.com.br\/wp-content\/uploads\/2022\/08\/20201225_093438-1024x498.jpg\" alt=\"\" class=\"wp-image-763\" srcset=\"https:\/\/martinhasflatrio.com.br\/wp-content\/uploads\/2022\/08\/20201225_093438-1024x498.jpg 1024w, https:\/\/martinhasflatrio.com.br\/wp-content\/uploads\/2022\/08\/20201225_093438-300x146.jpg 300w, https:\/\/martinhasflatrio.com.br\/wp-content\/uploads\/2022\/08\/20201225_093438-768x373.jpg 768w, https:\/\/martinhasflatrio.com.br\/wp-content\/uploads\/2022\/08\/20201225_093438-1536x747.jpg 1536w, https:\/\/martinhasflatrio.com.br\/wp-content\/uploads\/2022\/08\/20201225_093438-2048x996.jpg 2048w\" sizes=\"auto, (max-width: 1024px) 100vw, 1024px\" \/><\/figure>\n<\/figure>\n<\/div>\n<\/div>\n\n\n\n<div class=\"wp-block-columns is-layout-flex wp-container-core-columns-is-layout-28f84493 wp-block-columns-is-layout-flex\">\n<div class=\"wp-block-column is-layout-flow wp-block-column-is-layout-flow\">\n<figure class=\"wp-block-gallery has-nested-images columns-default is-cropped uag-masonry uagb-block-041579f1 wp-block-gallery-2 is-layout-flex wp-block-gallery-is-layout-flex\">\n<figure class=\"wp-block-image size-large\"><img loading=\"lazy\" decoding=\"async\" width=\"1076\" height=\"1080\" data-id=\"1001\" src=\"https:\/\/martinhasflatrio.com.br\/wp-content\/uploads\/2022\/08\/Trilha-do-Pontal.jpeg\" alt=\"\" class=\"wp-image-1001\" srcset=\"https:\/\/martinhasflatrio.com.br\/wp-content\/uploads\/2022\/08\/Trilha-do-Pontal.jpeg 1076w, https:\/\/martinhasflatrio.com.br\/wp-content\/uploads\/2022\/08\/Trilha-do-Pontal-300x300.jpeg 300w, https:\/\/martinhasflatrio.com.br\/wp-content\/uploads\/2022\/08\/Trilha-do-Pontal-1020x1024.jpeg 1020w, https:\/\/martinhasflatrio.com.br\/wp-content\/uploads\/2022\/08\/Trilha-do-Pontal-150x150.jpeg 150w, https:\/\/martinhasflatrio.com.br\/wp-content\/uploads\/2022\/08\/Trilha-do-Pontal-768x771.jpeg 768w\" sizes=\"auto, (max-width: 1076px) 100vw, 1076px\" \/><\/figure>\n\n\n\n<figure class=\"wp-block-image size-large\"><img loading=\"lazy\" decoding=\"async\" width=\"1080\" height=\"810\" data-id=\"850\" src=\"https:\/\/martinhasflatrio.com.br\/wp-content\/uploads\/2022\/08\/Martinha-arqueiro-na-Pedra-Bonita.jpeg\" alt=\"\" class=\"wp-image-850\" srcset=\"https:\/\/martinhasflatrio.com.br\/wp-content\/uploads\/2022\/08\/Martinha-arqueiro-na-Pedra-Bonita.jpeg 1080w, https:\/\/martinhasflatrio.com.br\/wp-content\/uploads\/2022\/08\/Martinha-arqueiro-na-Pedra-Bonita-300x225.jpeg 300w, https:\/\/martinhasflatrio.com.br\/wp-content\/uploads\/2022\/08\/Martinha-arqueiro-na-Pedra-Bonita-1024x768.jpeg 1024w, https:\/\/martinhasflatrio.com.br\/wp-content\/uploads\/2022\/08\/Martinha-arqueiro-na-Pedra-Bonita-768x576.jpeg 768w\" sizes=\"auto, (max-width: 1080px) 100vw, 1080px\" \/><\/figure>\n\n\n\n<figure class=\"wp-block-image size-large\"><img loading=\"lazy\" decoding=\"async\" width=\"960\" height=\"1280\" data-id=\"829\" src=\"https:\/\/martinhasflatrio.com.br\/wp-content\/uploads\/2022\/08\/Martinha-de-bike-no-Santos-Dumont.jpeg\" alt=\"\" class=\"wp-image-829\" srcset=\"https:\/\/martinhasflatrio.com.br\/wp-content\/uploads\/2022\/08\/Martinha-de-bike-no-Santos-Dumont.jpeg 960w, https:\/\/martinhasflatrio.com.br\/wp-content\/uploads\/2022\/08\/Martinha-de-bike-no-Santos-Dumont-225x300.jpeg 225w, https:\/\/martinhasflatrio.com.br\/wp-content\/uploads\/2022\/08\/Martinha-de-bike-no-Santos-Dumont-768x1024.jpeg 768w\" sizes=\"auto, (max-width: 960px) 100vw, 960px\" \/><\/figure>\n\n\n\n<figure class=\"wp-block-image size-large\"><img loading=\"lazy\" decoding=\"async\" width=\"1118\" height=\"1280\" data-id=\"827\" src=\"https:\/\/martinhasflatrio.com.br\/wp-content\/uploads\/2022\/08\/Martinha-de-bike-no-Museu-do-Amanha.jpeg\" alt=\"\" class=\"wp-image-827\" srcset=\"https:\/\/martinhasflatrio.com.br\/wp-content\/uploads\/2022\/08\/Martinha-de-bike-no-Museu-do-Amanha.jpeg 1118w, https:\/\/martinhasflatrio.com.br\/wp-content\/uploads\/2022\/08\/Martinha-de-bike-no-Museu-do-Amanha-262x300.jpeg 262w, https:\/\/martinhasflatrio.com.br\/wp-content\/uploads\/2022\/08\/Martinha-de-bike-no-Museu-do-Amanha-894x1024.jpeg 894w, https:\/\/martinhasflatrio.com.br\/wp-content\/uploads\/2022\/08\/Martinha-de-bike-no-Museu-do-Amanha-768x879.jpeg 768w\" sizes=\"auto, (max-width: 1118px) 100vw, 1118px\" \/><\/figure>\n\n\n\n<figure class=\"wp-block-image size-large\"><img loading=\"lazy\" decoding=\"async\" width=\"1024\" height=\"768\" data-id=\"1715\" src=\"https:\/\/martinhasflatrio.com.br\/wp-content\/uploads\/2022\/11\/20211101_120704-1024x768.jpg\" alt=\"\" class=\"wp-image-1715\" srcset=\"https:\/\/martinhasflatrio.com.br\/wp-content\/uploads\/2022\/11\/20211101_120704-1024x768.jpg 1024w, https:\/\/martinhasflatrio.com.br\/wp-content\/uploads\/2022\/11\/20211101_120704-300x225.jpg 300w, https:\/\/martinhasflatrio.com.br\/wp-content\/uploads\/2022\/11\/20211101_120704-768x576.jpg 768w, https:\/\/martinhasflatrio.com.br\/wp-content\/uploads\/2022\/11\/20211101_120704-1536x1152.jpg 1536w, https:\/\/martinhasflatrio.com.br\/wp-content\/uploads\/2022\/11\/20211101_120704-2048x1536.jpg 2048w\" sizes=\"auto, (max-width: 1024px) 100vw, 1024px\" \/><\/figure>\n\n\n\n<figure class=\"wp-block-image size-large\"><img loading=\"lazy\" decoding=\"async\" width=\"370\" height=\"440\" data-id=\"668\" src=\"https:\/\/martinhasflatrio.com.br\/wp-content\/uploads\/2022\/07\/Tequila-370-x-440.png\" alt=\"\" class=\"wp-image-668\" srcset=\"https:\/\/martinhasflatrio.com.br\/wp-content\/uploads\/2022\/07\/Tequila-370-x-440.png 370w, https:\/\/martinhasflatrio.com.br\/wp-content\/uploads\/2022\/07\/Tequila-370-x-440-252x300.png 252w\" sizes=\"auto, (max-width: 370px) 100vw, 370px\" \/><\/figure>\n<\/figure>\n<\/div>\n\n\n\n<div class=\"wp-block-column is-layout-flow wp-block-column-is-layout-flow\">\n<div class=\"wp-block-uagb-info-box uagb-block-743b7754 uagb-infobox__content-wrap  uagb-infobox-icon-above-title uagb-infobox-image-valign-top\"><div class=\"uagb-ifb-content\"><div class=\"uagb-ifb-title-wrap\"><\/div><p class=\"uagb-ifb-desc\">Durante a pandemia a vida me fez um convite para uma mudan\u00e7a que exigiu coragem, mas me trouxe s\u00f3 coisas boas: antecipei meu projeto de morar no Rio de Janeiro e no pacote ganhei dois amores: o Augusto e a Tequila (nossa pug).<br>Como tenho muita energia, adoro gente e o Rio de Janeiro, vim para o Airbnb porque vejo sentido na economia compartilhada.<br>Em vez de sair pelo mundo, espero o mundo vir at\u00e9 mim.<br>Arrume sua bagagem e venha.<br><br>Ah!<br>Moro a dois pr\u00e9dios do flat, o que facilita o contato pessoal.<br><\/p><\/div><\/div>\n<\/div>\n<\/div>\n<\/div><\/section>\n","protected":false},"excerpt":{"rendered":"","protected":false},"author":1,"featured_media":0,"parent":0,"menu_order":0,"comment_status":"closed","ping_status":"closed","template":"","meta":{"_uag_custom_page_level_css":"","site-sidebar-layout":"default","site-content-layout":"default","ast-global-header-display":"","ast-main-header-display":"","ast-hfb-above-header-display":"","ast-hfb-below-header-display":"","ast-hfb-mobile-header-display":"","site-post-title":"disabled","ast-breadcrumbs-content":"","ast-featured-img":"","footer-sml-layout":"","theme-transparent-header-meta":"","adv-header-id-meta":"","stick-header-meta":"","header-above-stick-meta":"","header-main-stick-meta":"","header-below-stick-meta":"","footnotes":""},"class_list":["post-1454","page","type-page","status-publish","hentry"],"uagb_featured_image_src":{"full":false,"thumbnail":false,"medium":false,"medium_large":false,"large":false,"1536x1536":false,"2048x2048":false},"uagb_author_info":{"display_name":"Augusto","author_link":"https:\/\/martinhasflatrio.com.br\/?author=1"},"uagb_comment_info":0,"uagb_excerpt":null,"_links":{"self":[{"href":"https:\/\/martinhasflatrio.com.br\/index.php?rest_route=\/wp\/v2\/pages\/1454","targetHints":{"allow":["GET"]}}],"collection":[{"href":"https:\/\/martinhasflatrio.com.br\/index.php?rest_route=\/wp\/v2\/pages"}],"about":[{"href":"https:\/\/martinhasflatrio.com.br\/index.php?rest_route=\/wp\/v2\/types\/page"}],"author":[{"embeddable":true,"href":"https:\/\/martinhasflatrio.com.br\/index.php?rest_route=\/wp\/v2\/users\/1"}],"replies":[{"embeddable":true,"href":"https:\/\/martinhasflatrio.com.br\/index.php?rest_route=%2Fwp%2Fv2%2Fcomments&post=1454"}],"version-history":[{"count":10,"href":"https:\/\/martinhasflatrio.com.br\/index.php?rest_route=\/wp\/v2\/pages\/1454\/revisions"}],"predecessor-version":[{"id":1851,"href":"https:\/\/martinhasflatrio.com.br\/index.php?rest_route=\/wp\/v2\/pages\/1454\/revisions\/1851"}],"wp:attachment":[{"href":"https:\/\/martinhasflatrio.com.br\/index.php?rest_route=%2Fwp%2Fv2%2Fmedia&parent=1454"}],"curies":[{"name":"wp","href":"https:\/\/api.w.org\/{rel}","templated":true}]}}