{"id":1357,"date":"2022-09-14T18:19:47","date_gmt":"2022-09-14T21:19:47","guid":{"rendered":"https:\/\/martinhasflatrio.com.br\/?page_id=1357"},"modified":"2022-09-26T16:44:04","modified_gmt":"2022-09-26T19:44:04","slug":"balsa-2","status":"publish","type":"page","link":"https:\/\/martinhasflatrio.com.br\/?page_id=1357","title":{"rendered":"Home Office"},"content":{"rendered":"\n<div class=\"wp-block-cover alignfull is-light has-parallax\" style=\"background-image:url(https:\/\/martinhasflatrio.com.br\/wp-content\/uploads\/2022\/09\/GWT6066-scaled.jpg)\"><span aria-hidden=\"true\" class=\"wp-block-cover__background has-light-green-cyan-background-color has-background-dim-60 has-background-dim\"><\/span><div class=\"wp-block-cover__inner-container is-layout-flow wp-block-cover-is-layout-flow\">\n<p class=\"has-text-align-center has-large-font-size\"><\/p>\n<\/div><\/div>\n\n\n\n<div class=\"wp-block-columns is-layout-flex wp-container-core-columns-is-layout-28f84493 wp-block-columns-is-layout-flex\">\n<div class=\"wp-block-column is-layout-flow wp-block-column-is-layout-flow\" style=\"flex-basis:100%\">\n<section class=\"wp-block-uagb-section uagb-section__wrap uagb-section__background-none uagb-block-90ab6154\"><div class=\"uagb-section__overlay\"><\/div><div class=\"uagb-section__inner-wrap\">\n<div class=\"wp-block-uagb-info-box uagb-block-50bb7eb5 uagb-infobox__content-wrap  uagb-infobox-icon-above-title uagb-infobox-image-valign-middle uagb-infobox__outer-wrap\"><div class=\"uagb-ifb-content\"><div class=\"uagb-ifb-icon-wrap\"><svg xmlns=\"https:\/\/www.w3.org\/2000\/svg\" viewBox=\"0 0 640 512\"><path d=\"M400 32C426.5 32 448 53.49 448 80V336C448 362.5 426.5 384 400 384H266.7L277.3 416H352C369.7 416 384 430.3 384 448C384 465.7 369.7 480 352 480H96C78.33 480 64 465.7 64 448C64 430.3 78.33 416 96 416H170.7L181.3 384H48C21.49 384 0 362.5 0 336V80C0 53.49 21.49 32 48 32H400zM64 96V320H384V96H64zM592 32C618.5 32 640 53.49 640 80V432C640 458.5 618.5 480 592 480H528C501.5 480 480 458.5 480 432V80C480 53.49 501.5 32 528 32H592zM544 96C535.2 96 528 103.2 528 112C528 120.8 535.2 128 544 128H576C584.8 128 592 120.8 592 112C592 103.2 584.8 96 576 96H544zM544 192H576C584.8 192 592 184.8 592 176C592 167.2 584.8 160 576 160H544C535.2 160 528 167.2 528 176C528 184.8 535.2 192 544 192zM560 400C577.7 400 592 385.7 592 368C592 350.3 577.7 336 560 336C542.3 336 528 350.3 528 368C528 385.7 542.3 400 560 400z\"><\/path><\/svg><\/div><div class=\"uagb-ifb-title-wrap\"><h3 class=\"uagb-ifb-title\">Home Office<\/h3><\/div><\/div><\/div>\n\n\n\n<div class=\"wp-block-columns is-layout-flex wp-container-core-columns-is-layout-28f84493 wp-block-columns-is-layout-flex\">\n<div class=\"wp-block-column is-layout-flow wp-block-column-is-layout-flow\">\n<div class=\"wp-block-uagb-info-box uagb-block-57670511 uagb-infobox__content-wrap  uagb-infobox-icon-left uagb-infobox-left uagb-infobox-stacked-tablet uagb-infobox-image-valign-top\"><div class=\"uagb-ifb-image-content\"><img decoding=\"async\" src=\"https:\/\/martinhasflatrio.com.br\/wp-content\/uploads\/2022\/09\/GWT6094-150x150.jpg\" alt=\"\"\/><\/div><div class=\"uagb-ifb-content\"><div class=\"uagb-ifb-title-wrap\"><h3 class=\"uagb-ifb-title\">  Wifi<\/h3><\/div><p class=\"uagb-ifb-desc\">Para seu trabalho fluir com efici\u00eancia, o flat tem wifi de 200MB da Claro. A rede \u00e9 APT305 e a senha voc\u00ea pega direto com a Martinha quando fizer o <em>checkin<\/em><\/p><\/div><\/div>\n<\/div>\n\n\n\n<div class=\"wp-block-column is-layout-flow wp-block-column-is-layout-flow\" style=\"flex-basis:100px\"><\/div>\n\n\n\n<div class=\"wp-block-column is-layout-flow wp-block-column-is-layout-flow\">\n<div class=\"wp-block-uagb-info-box uagb-block-8a7d807a uagb-infobox__content-wrap  uagb-infobox-icon-right uagb-infobox-right uagb-infobox-stacked-tablet uagb-infobox-reverse-order-tablet uagb-infobox-image-valign-top\"><div class=\"uagb-ifb-content\"><div class=\"uagb-ifb-title-wrap\"><h3 class=\"uagb-ifb-title\">Onde trabalhar  <\/h3><\/div><p class=\"uagb-ifb-desc\">Voc\u00ea escolhe: na mesa de jantar, no buffet ao lado da mesa (recomendado), na varanda ou confortavelmente  deitado na cama &#8211; o que importa \u00e9 curtir mantendo a produtividade<\/p><\/div><div class=\"uagb-ifb-image-content\"><img decoding=\"async\" src=\"https:\/\/martinhasflatrio.com.br\/wp-content\/uploads\/2022\/09\/GWT6065-150x150.jpg\" alt=\"\"\/><\/div><\/div>\n<\/div>\n<\/div>\n\n\n\n<div class=\"wp-block-columns is-layout-flex wp-container-core-columns-is-layout-28f84493 wp-block-columns-is-layout-flex\">\n<div class=\"wp-block-column is-layout-flow wp-block-column-is-layout-flow\"><\/div>\n\n\n\n<div class=\"wp-block-column is-layout-flow wp-block-column-is-layout-flow\" style=\"flex-basis:100px\"><\/div>\n\n\n\n<div class=\"wp-block-column is-layout-flow wp-block-column-is-layout-flow\"><\/div>\n<\/div>\n\n\n\n<div class=\"wp-block-columns is-layout-flex wp-container-core-columns-is-layout-28f84493 wp-block-columns-is-layout-flex\">\n<div class=\"wp-block-column is-layout-flow wp-block-column-is-layout-flow\">\n<div class=\"wp-block-uagb-info-box uagb-block-db9deeaa uagb-infobox__content-wrap  uagb-infobox-icon-left uagb-infobox-left uagb-infobox-stacked-tablet uagb-infobox-image-valign-top\"><div class=\"uagb-ifb-image-content\"><img decoding=\"async\" src=\"https:\/\/martinhasflatrio.com.br\/wp-content\/uploads\/2022\/09\/GWT6124-150x150.jpg\" alt=\"\"\/><\/div><div class=\"uagb-ifb-content\"><div class=\"uagb-ifb-title-wrap\"><h3 class=\"uagb-ifb-title\">  Mensageria<\/h3><\/div><p class=\"uagb-ifb-desc\">Precisou de um adaptador ? Mandar uma embalagem pelo correio ? Comprar alguma coisa urgente ? <br>O pr\u00e9dio tem um servi\u00e7o de mensageria que pode quebrar alguns galhos para voc\u00ea n\u00e3o perder tempo. E tem tudo pertinho! <\/p><\/div><\/div>\n<\/div>\n\n\n\n<div class=\"wp-block-column is-layout-flow wp-block-column-is-layout-flow\" style=\"flex-basis:100px\"><\/div>\n\n\n\n<div class=\"wp-block-column is-layout-flow wp-block-column-is-layout-flow\">\n<div class=\"wp-block-uagb-info-box uagb-block-17af8eac uagb-infobox__content-wrap  uagb-infobox-icon-right uagb-infobox-right uagb-infobox-stacked-tablet uagb-infobox-reverse-order-tablet uagb-infobox-image-valign-top\"><div class=\"uagb-ifb-content\"><div class=\"uagb-ifb-title-wrap\"><h3 class=\"uagb-ifb-title\">Cafezinho  <\/h3><\/div><p class=\"uagb-ifb-desc\">E pra n\u00e3o sentir falta do escrit\u00f3rio, \u00e9 s\u00f3 deixar o cafezinho quentinho na cafeteira! <\/p><\/div><div class=\"uagb-ifb-image-content\"><img decoding=\"async\" src=\"https:\/\/martinhasflatrio.com.br\/wp-content\/uploads\/2022\/09\/GWT6058-150x150.jpg\" alt=\"\"\/><\/div><\/div>\n<\/div>\n<\/div>\n\n\n\n<div class=\"wp-block-columns is-layout-flex wp-container-core-columns-is-layout-28f84493 wp-block-columns-is-layout-flex\">\n<div class=\"wp-block-column is-layout-flow wp-block-column-is-layout-flow\"><\/div>\n\n\n\n<div class=\"wp-block-column is-layout-flow wp-block-column-is-layout-flow\"><\/div>\n<\/div>\n\n\n\n<div class=\"wp-block-columns is-layout-flex wp-container-core-columns-is-layout-28f84493 wp-block-columns-is-layout-flex\">\n<div class=\"wp-block-column is-layout-flow wp-block-column-is-layout-flow\"><\/div>\n<\/div>\n<\/div><\/section>\n<\/div>\n<\/div>\n","protected":false},"excerpt":{"rendered":"","protected":false},"author":1,"featured_media":0,"parent":0,"menu_order":0,"comment_status":"closed","ping_status":"closed","template":"","meta":{"_uag_custom_page_level_css":"","site-sidebar-layout":"default","site-content-layout":"default","ast-global-header-display":"","ast-main-header-display":"","ast-hfb-above-header-display":"","ast-hfb-below-header-display":"","ast-hfb-mobile-header-display":"","site-post-title":"disabled","ast-breadcrumbs-content":"","ast-featured-img":"","footer-sml-layout":"","theme-transparent-header-meta":"","adv-header-id-meta":"","stick-header-meta":"","header-above-stick-meta":"","header-main-stick-meta":"","header-below-stick-meta":"","footnotes":""},"class_list":["post-1357","page","type-page","status-publish","hentry"],"uagb_featured_image_src":{"full":false,"thumbnail":false,"medium":false,"medium_large":false,"large":false,"1536x1536":false,"2048x2048":false},"uagb_author_info":{"display_name":"Augusto","author_link":"https:\/\/martinhasflatrio.com.br\/?author=1"},"uagb_comment_info":0,"uagb_excerpt":null,"_links":{"self":[{"href":"https:\/\/martinhasflatrio.com.br\/index.php?rest_route=\/wp\/v2\/pages\/1357","targetHints":{"allow":["GET"]}}],"collection":[{"href":"https:\/\/martinhasflatrio.com.br\/index.php?rest_route=\/wp\/v2\/pages"}],"about":[{"href":"https:\/\/martinhasflatrio.com.br\/index.php?rest_route=\/wp\/v2\/types\/page"}],"author":[{"embeddable":true,"href":"https:\/\/martinhasflatrio.com.br\/index.php?rest_route=\/wp\/v2\/users\/1"}],"replies":[{"embeddable":true,"href":"https:\/\/martinhasflatrio.com.br\/index.php?rest_route=%2Fwp%2Fv2%2Fcomments&post=1357"}],"version-history":[{"count":19,"href":"https:\/\/martinhasflatrio.com.br\/index.php?rest_route=\/wp\/v2\/pages\/1357\/revisions"}],"predecessor-version":[{"id":1537,"href":"https:\/\/martinhasflatrio.com.br\/index.php?rest_route=\/wp\/v2\/pages\/1357\/revisions\/1537"}],"wp:attachment":[{"href":"https:\/\/martinhasflatrio.com.br\/index.php?rest_route=%2Fwp%2Fv2%2Fmedia&parent=1357"}],"curies":[{"name":"wp","href":"https:\/\/api.w.org\/{rel}","templated":true}]}}