{"id":1125,"date":"2022-09-12T19:03:54","date_gmt":"2022-09-12T22:03:54","guid":{"rendered":"https:\/\/martinhasflatrio.com.br\/?page_id=1125"},"modified":"2022-09-16T17:33:17","modified_gmt":"2022-09-16T20:33:17","slug":"ta-chovendo-2-3","status":"publish","type":"page","link":"https:\/\/martinhasflatrio.com.br\/?page_id=1125","title":{"rendered":"Pontos Turisticos"},"content":{"rendered":"\n<div class=\"wp-block-cover alignfull has-parallax\" style=\"background-image:url(https:\/\/martinhasflatrio.com.br\/wp-content\/uploads\/2022\/09\/Mapa-sala-scaled.jpg);min-height:430px;aspect-ratio:unset;\"><span aria-hidden=\"true\" class=\"wp-block-cover__background has-ast-global-color-0-background-color has-background-dim-70 has-background-dim\"><\/span><div class=\"wp-block-cover__inner-container is-layout-flow wp-block-cover-is-layout-flow\">\n<p class=\"has-text-align-center has-large-font-size\">Pontos Turisticos<\/p>\n<\/div><\/div>\n\n\n\n<section class=\"wp-block-uagb-section uagb-section__wrap uagb-section__background-undefined uagb-block-189f2f72\"><div class=\"uagb-section__overlay\"><\/div><div class=\"uagb-section__inner-wrap\">\n<div class=\"wp-block-columns has-ast-global-color-5-background-color has-background is-layout-flex wp-container-core-columns-is-layout-28f84493 wp-block-columns-is-layout-flex\">\n<div class=\"wp-block-column is-layout-flow wp-block-column-is-layout-flow\">\n<div class=\"wp-block-uagb-advanced-heading uagb-block-844ad12e\"><h2 class=\"uagb-heading-text\">Pontos Tur\u00edsticos do Rio de Janeiro<\/h2><\/div>\n\n\n\n<div class=\"wp-block-uagb-info-box uagb-block-b206decd uagb-infobox__content-wrap  uagb-infobox-icon-above-title uagb-infobox-image-valign-top\"><div class=\"uagb-ifb-content\"><div class=\"uagb-ifb-title-wrap\"><\/div><p class=\"uagb-ifb-desc\">J\u00e1 reparou que na sala do Flat tem um quadro lind\u00e3o ?<br>Pois \u00e9&#8230; \u00e9 uma obra de arte do nosso amigo Robson Roots que apresenta um mapa art\u00edstico do Rio de Janeiro com as principais atra\u00e7\u00f5es recomendadas pela Martinha!<br>Uma boa brincadeira \u00e9 olhar o mapa e tentar descobrir que atra\u00e7\u00e3o \u00e9 retratada no quadro, pelos n\u00fameros. Alguns n\u00fameros s\u00e3o pontos chave para voc\u00ea se localizar, como a balsa e o Flat, mas a maioria s\u00e3o pontos (famosos ou n\u00e3o!) recomendados pela Martinha para voc\u00ea conhecer.<br>Mas n\u00e3o se preocupe! Se n\u00e3o quiser perder tempo para conhecer os pontos mais legais do Rio, pode consultar na lista aqui embaixo, ou no guia dispon\u00edvel ao lado do quadro. Pode pegar uma c\u00f3pia &#8211; \u00e9 sua! E comece seu tour pelos lugares mais lindos do Rio.<br>Abaixo voc\u00ea tem a lista completa dos locais no quadro e links para os sites ou redes sociais de cada um.<\/p><\/div><\/div>\n<\/div>\n<\/div>\n\n\n\n<figure class=\"wp-block-image size-large is-resized\"><img loading=\"lazy\" decoding=\"async\" src=\"https:\/\/martinhasflatrio.com.br\/wp-content\/uploads\/2022\/09\/Mapa-sala-1024x768.jpg\" alt=\"\" class=\"wp-image-1083\" width=\"1024\" height=\"768\" srcset=\"https:\/\/martinhasflatrio.com.br\/wp-content\/uploads\/2022\/09\/Mapa-sala-1024x768.jpg 1024w, https:\/\/martinhasflatrio.com.br\/wp-content\/uploads\/2022\/09\/Mapa-sala-300x225.jpg 300w, https:\/\/martinhasflatrio.com.br\/wp-content\/uploads\/2022\/09\/Mapa-sala-768x576.jpg 768w, https:\/\/martinhasflatrio.com.br\/wp-content\/uploads\/2022\/09\/Mapa-sala-1536x1152.jpg 1536w, https:\/\/martinhasflatrio.com.br\/wp-content\/uploads\/2022\/09\/Mapa-sala-2048x1536.jpg 2048w\" sizes=\"auto, (max-width: 1024px) 100vw, 1024px\" \/><\/figure>\n\n\n\n<table id=\"tablepress-3\" class=\"tablepress tablepress-id-3\">\n<thead>\n<tr class=\"row-1 odd\">\n\t<th class=\"column-1\"><\/th><th class=\"column-2\">Mapa Legenda<\/th><th class=\"column-3\">Site<\/th><th class=\"column-4\">Insta<\/th>\n<\/tr>\n<\/thead>\n<tbody class=\"row-hover\">\n<tr class=\"row-2 even\">\n\t<td class=\"column-1\">1<\/td><td class=\"column-2\">Pico da Pedra Branca<\/td><td class=\"column-3\"><a href=\"https:\/\/etrilhas.com.br\/trilhas\/pico-da-pedra-branca\" rel=\"noopener\" target=\"_blank\">pico-da-pedra-branca<\/a><\/td><td class=\"column-4\"><\/td>\n<\/tr>\n<tr class=\"row-3 odd\">\n\t<td class=\"column-1\">2<\/td><td class=\"column-2\">Pedra do Tel\u00e9grafo<\/td><td class=\"column-3\"><a href=\"https:\/\/www.dicasdeviagem.com\/pedra-do-telegrafo-no-rio-de-janeiro\/\" rel=\"noopener\" target=\"_blank\">Pedra do telegrafo<\/a><\/td><td class=\"column-4\"><\/td>\n<\/tr>\n<tr class=\"row-4 even\">\n\t<td class=\"column-1\">3<\/td><td class=\"column-2\">S\u00edtio Burle Marx<\/td><td class=\"column-3\"><a href=\"http:\/\/sitioburlemarx.org\/\" rel=\"noopener\" target=\"_blank\">Sitio Burle Marx<\/a><\/td><td class=\"column-4\"><a href=\"https:\/\/instagram.com\/sitiorobertoburlemarx\" rel=\"noopener\" target=\"_blank\">Sitio Burle Marx<\/a><\/td>\n<\/tr>\n<tr class=\"row-5 odd\">\n\t<td class=\"column-1\">4<\/td><td class=\"column-2\">Clubinho - Caiaque e SUP em Guaratiba<\/td><td class=\"column-3\"><a href=\"https:\/\/www.clubinho.bar\/\" rel=\"noopener\" target=\"_blank\">Clubinho bar<\/a><\/td><td class=\"column-4\"><a href=\"https:\/\/instagram.com\/clubinho.bar\" rel=\"noopener\" target=\"_blank\">Clubinho bar<\/a><\/td>\n<\/tr>\n<tr class=\"row-6 even\">\n\t<td class=\"column-1\">5<\/td><td class=\"column-2\">Pedra da Tartaruga<\/td><td class=\"column-3\"><a href=\"https:\/\/www.viajali.com.br\/pedra-da-tartaruga\/\" rel=\"noopener\" target=\"_blank\">Pedra-da-tartaruga<\/a><\/td><td class=\"column-4\"><\/td>\n<\/tr>\n<tr class=\"row-7 odd\">\n\t<td class=\"column-1\">6<\/td><td class=\"column-2\">Praia de Grumari<\/td><td class=\"column-3\"><a href=\"https:\/\/www.viajali.com.br\/praia-de-grumari\/\" rel=\"noopener\" target=\"_blank\">Praia de Grumari<\/a><\/td><td class=\"column-4\"><\/td>\n<\/tr>\n<tr class=\"row-8 even\">\n\t<td class=\"column-1\">7<\/td><td class=\"column-2\">Prainha<\/td><td class=\"column-3\"><a href=\"https:\/\/freewalkertours.com\/pt-br\/prainha-no-rio-de-janeiro-descubra-esse-paraiso\/\" rel=\"noopener\" target=\"_blank\">Prainha<\/a><\/td><td class=\"column-4\"><\/td>\n<\/tr>\n<tr class=\"row-9 odd\">\n\t<td class=\"column-1\">8<\/td><td class=\"column-2\">Praia da Macumba<\/td><td class=\"column-3\"><a href=\"http:\/\/www.riocidademaravilhosa.com.br\/oquefazer\/praias\/macumba\/\" rel=\"noopener\" target=\"_blank\">Praia da Macumba<\/a><\/td><td class=\"column-4\"><\/td>\n<\/tr>\n<tr class=\"row-10 even\">\n\t<td class=\"column-1\">9<\/td><td class=\"column-2\">Ilha do Pontal<\/td><td class=\"column-3\"><a href=\"http:\/\/www.riocidademaravilhosa.com.br\/oquefazer\/praias\/pontal\/\" rel=\"noopener\" target=\"_blank\">Ilha do Pontal<\/a><\/td><td class=\"column-4\"><\/td>\n<\/tr>\n<tr class=\"row-11 odd\">\n\t<td class=\"column-1\">10<\/td><td class=\"column-2\">Praia do Recreio e Reserva<\/td><td class=\"column-3\"><a href=\"https:\/\/www.praias.com.br\/estado-rio-de-janeiro\/praias-do-rio-de-janeiro\/28-praia-do-recreio-dos-bandeirantes.html\" rel=\"noopener\" target=\"_blank\">Praia do Recreio<\/a><\/td><td class=\"column-4\"><\/td>\n<\/tr>\n<tr class=\"row-12 even\">\n\t<td class=\"column-1\">11<\/td><td class=\"column-2\">Parque Chico Mendes<\/td><td class=\"column-3\"><a href=\"https:\/\/www.riodejaneiroaqui.com\/pt\/parque-chico-mendes-recreio-bandeirantes.html\" rel=\"noopener\" target=\"_blank\">Parque Chico Mendes<\/a><\/td><td class=\"column-4\"><a href=\"https:\/\/www.instagram.com\/parquechicomendes\/\" rel=\"noopener\" target=\"_blank\"><\/a><\/td>\n<\/tr>\n<tr class=\"row-13 odd\">\n\t<td class=\"column-1\">12<\/td><td class=\"column-2\">Praia da Reserva<\/td><td class=\"column-3\"><a href=\"http:\/\/www.riocidademaravilhosa.com.br\/oquefazer\/praias\/reserva\/\" rel=\"noopener\" target=\"_blank\">Praia da Reserva<\/a><\/td><td class=\"column-4\"><\/td>\n<\/tr>\n<tr class=\"row-14 even\">\n\t<td class=\"column-1\">13<\/td><td class=\"column-2\">Lagoa de Marapendi<\/td><td class=\"column-3\"><\/td><td class=\"column-4\"><\/td>\n<\/tr>\n<tr class=\"row-15 odd\">\n\t<td class=\"column-1\">14<\/td><td class=\"column-2\">Barra Shopping<\/td><td class=\"column-3\"><a href=\"https:\/\/www.barrashopping.com.br\/\" rel=\"noopener\" target=\"_blank\">Barrashopping<\/a><\/td><td class=\"column-4\"><a href=\"https:\/\/www.instagram.com\/barrashoppingoficial\/\" rel=\"noopener\" target=\"_blank\">Barrashopping<\/a><\/td>\n<\/tr>\n<tr class=\"row-16 even\">\n\t<td class=\"column-1\">15<\/td><td class=\"column-2\">Four Seasons (Flat da Martinha)<\/td><td class=\"column-3\"><a href=\"http:\/\/fsresidence.com.br\/condominio\/\" rel=\"noopener\" target=\"_blank\">Flat da Martinha<\/a><\/td><td class=\"column-4\"><\/td>\n<\/tr>\n<tr class=\"row-17 odd\">\n\t<td class=\"column-1\">16<\/td><td class=\"column-2\">Balsa<\/td><td class=\"column-3\"><a href=\"http:\/\/www.ecobalsasrio.com.br\/\" rel=\"noopener\" target=\"_blank\">Ecobalsas<\/a><\/td><td class=\"column-4\"><a href=\"https:\/\/www.instagram.com\/ecobalsasrio\/\" rel=\"noopener\" target=\"_blank\">Ecobalsas<\/a><\/td>\n<\/tr>\n<tr class=\"row-18 even\">\n\t<td class=\"column-1\">17<\/td><td class=\"column-2\">Ilha da Gigoia<\/td><td class=\"column-3\"><a href=\"https:\/\/www.cariocasemfronteiras.com.br\/ilha-da-gigoia-na-barra-da-tijuca\/\" rel=\"noopener\" target=\"_blank\">Ilha da Gigoia<\/a><\/td><td class=\"column-4\"><a href=\"https:\/\/www.instagram.com\/ilhadagigoia\/?hl=pt\" rel=\"noopener\" target=\"_blank\">Ilha da Gigoia<\/a><\/td>\n<\/tr>\n<tr class=\"row-19 odd\">\n\t<td class=\"column-1\">18<\/td><td class=\"column-2\">Praia da Barra da Tijuca<\/td><td class=\"column-3\"><a href=\"https:\/\/www.praias-360.com.br\/rio-de-janeiro\/rio-de-janeiro\/praia-da-barra-da-tijuca\" rel=\"noopener\" target=\"_blank\">Praia da Barra da Tijuca<\/a><\/td><td class=\"column-4\"><a href=\"https:\/\/www.instagram.com\/praiadabarra\/\" rel=\"noopener\" target=\"_blank\">Praia da Barra da Tijuca<\/a><\/td>\n<\/tr>\n<tr class=\"row-20 even\">\n\t<td class=\"column-1\">19<\/td><td class=\"column-2\">Ilhas Tijucas<\/td><td class=\"column-3\"><a href=\"https:\/\/revistacapitaleconomico.com.br\/ilhas-tijucas-rio-de-janeiro\/\" rel=\"noopener\" target=\"_blank\">Ilhas Tijucas<\/a><\/td><td class=\"column-4\"><\/td>\n<\/tr>\n<tr class=\"row-21 odd\">\n\t<td class=\"column-1\">20<\/td><td class=\"column-2\">Quebra Mar<\/td><td class=\"column-3\"><a href=\"https:\/\/www.tevejopelomundo.com.br\/quebra-mar-da-barra-da-tijuca\/\" rel=\"noopener\" target=\"_blank\">Quebra Mar<\/a><\/td><td class=\"column-4\"><\/td>\n<\/tr>\n<tr class=\"row-22 even\">\n\t<td class=\"column-1\">21<\/td><td class=\"column-2\">Praia dos Amores<\/td><td class=\"column-3\"><a href=\"https:\/\/diariodorio.com\/praia-dos-amores-um-charmoso-cantinho-da-orla-da-barra-da-tijuca\/\" rel=\"noopener\" target=\"_blank\">Praia dos Amores<\/a><\/td><td class=\"column-4\"><\/td>\n<\/tr>\n<tr class=\"row-23 odd\">\n\t<td class=\"column-1\">22<\/td><td class=\"column-2\">Metr\u00f4 Jardim Oce\u00e2nico<\/td><td class=\"column-3\"><a href=\"https:\/\/www.metrorio.com.br\/Estacoes?p_ponto=79\" rel=\"noopener\" target=\"_blank\">Metro Jardim Oce\u00e2nico<\/a><\/td><td class=\"column-4\"><\/td>\n<\/tr>\n<tr class=\"row-24 even\">\n\t<td class=\"column-1\">23<\/td><td class=\"column-2\">Pedra da G\u00e1vea<\/td><td class=\"column-3\"><a href=\"https:\/\/parquenacionaldatijuca.rio\/locais\/pedra-da-gavea\/\" rel=\"noopener\" target=\"_blank\">Pedra da G\u00e1vea<\/a><\/td><td class=\"column-4\"><\/td>\n<\/tr>\n<tr class=\"row-25 odd\">\n\t<td class=\"column-1\">24<\/td><td class=\"column-2\">Praia de S\u00e3o Conrado<\/td><td class=\"column-3\"><a href=\"http:\/\/www.riocidademaravilhosa.com.br\/oquefazer\/praias\/saoconrado\/\" rel=\"noopener\" target=\"_blank\">Praia de S\u00e3o Conrado<\/a><\/td><td class=\"column-4\"><a href=\"https:\/\/www.instagram.com\/praiadesaoconradorj\/\" rel=\"noopener\" target=\"_blank\">Praia de S\u00e3o Conrado<\/a><\/td>\n<\/tr>\n<tr class=\"row-26 even\">\n\t<td class=\"column-1\">25<\/td><td class=\"column-2\">Pedra Bonita (v\u00f4o livre)<\/td><td class=\"column-3\"><a href=\"https:\/\/parquenacionaldatijuca.rio\/locais\/pedra-bonita\/\" rel=\"noopener\" target=\"_blank\">Pedra Bonita (v\u00f4o livre)<\/a><\/td><td class=\"column-4\"><\/td>\n<\/tr>\n<tr class=\"row-27 odd\">\n\t<td class=\"column-1\">26<\/td><td class=\"column-2\">Morro Dois Irm\u00e3os\/Vidigal<\/td><td class=\"column-3\"><a href=\"https:\/\/ateondeeupuderir.com\/trilha-do-morro-dois-irmaos-no-vidigal\/\" rel=\"noopener\" target=\"_blank\">Morro Dois Irm\u00e3os (Vidigal)<\/a><\/td><td class=\"column-4\"><\/td>\n<\/tr>\n<tr class=\"row-28 even\">\n\t<td class=\"column-1\">27<\/td><td class=\"column-2\">Praia do Leblon<\/td><td class=\"column-3\"><a href=\"http:\/\/www.riocidademaravilhosa.com.br\/oquefazer\/praias\/leblon\/\" rel=\"noopener\" target=\"_blank\">Praia do Leblon<\/a><\/td><td class=\"column-4\"><\/td>\n<\/tr>\n<tr class=\"row-29 odd\">\n\t<td class=\"column-1\">28<\/td><td class=\"column-2\">Praia de Ipanema<\/td><td class=\"column-3\"><a href=\"https:\/\/www.viajali.com.br\/praia-de-ipanema\/\" rel=\"noopener\" target=\"_blank\">Praia de Ipanema<\/a><\/td><td class=\"column-4\"><\/td>\n<\/tr>\n<tr class=\"row-30 even\">\n\t<td class=\"column-1\">29<\/td><td class=\"column-2\">Pedra do Arpoador<\/td><td class=\"column-3\"><a href=\"https:\/\/pedra-do-arpoador.negocio.site\/\" rel=\"noopener\" target=\"_blank\">Pedra do Arpoador<\/a><\/td><td class=\"column-4\"><\/td>\n<\/tr>\n<tr class=\"row-31 odd\">\n\t<td class=\"column-1\">30<\/td><td class=\"column-2\">Praia de Copacabana<\/td><td class=\"column-3\"><a href=\"https:\/\/www.metrorio.com.br\/NavegueRio\/PontosTuristicosInterna?p_ponto=29\" rel=\"noopener\" target=\"_blank\">Praia de Copacabana<\/a><\/td><td class=\"column-4\"><a href=\"https:\/\/www.instagram.com\/copacabanabeach\/\" rel=\"noopener\" target=\"_blank\">Praia de Copacabana<\/a><\/td>\n<\/tr>\n<tr class=\"row-32 even\">\n\t<td class=\"column-1\">31<\/td><td class=\"column-2\">Hotel Copacabana Palace<\/td><td class=\"column-3\"><a href=\"https:\/\/www.belmond.com\/pt-br\/hotels\/south-america\/brazil\/rio-de-janeiro\/belmond-copacabana-palace\/\" rel=\"noopener\" target=\"_blank\">Hotel Copacabana Palace<\/a><\/td><td class=\"column-4\"><a href=\"https:\/\/www.instagram.com\/belmondcopacabanapalace\/\" rel=\"noopener\" target=\"_blank\">Hotel Copacabana Palace<\/a><\/td>\n<\/tr>\n<tr class=\"row-33 odd\">\n\t<td class=\"column-1\">32<\/td><td class=\"column-2\">Forte Duque de Caxias (Forte do Leme)<\/td><td class=\"column-3\"><a href=\"https:\/\/www.fuiserviajante.com\/rio-de-janeiro\/forte-do-leme-rj\/\" rel=\"noopener\" target=\"_blank\">Forte do Leme<\/a><\/td><td class=\"column-4\"><\/td>\n<\/tr>\n<tr class=\"row-34 even\">\n\t<td class=\"column-1\">33<\/td><td class=\"column-2\">Lagoa Rodrigo de Freitas<\/td><td class=\"column-3\"><a href=\"https:\/\/www.dicasdeviagem.com\/lagoa-rodrigo-de-freitas\/\" rel=\"noopener\" target=\"_blank\">Lagoa Rodrigo de Freitas<\/a><\/td><td class=\"column-4\"><a href=\"https:\/\/www.instagram.com\/lagoarodrigodefreitas\/\" rel=\"noopener\" target=\"_blank\">Lagoa Rodrigo de Freitas<\/a><\/td>\n<\/tr>\n<tr class=\"row-35 odd\">\n\t<td class=\"column-1\">34<\/td><td class=\"column-2\">Jardim Bot\u00e2nico<\/td><td class=\"column-3\"><a href=\"https:\/\/www.gov.br\/jbrj\/pt-br\" rel=\"noopener\" target=\"_blank\">Jardim Bot\u00e2nico<\/a><\/td><td class=\"column-4\"><a href=\"https:\/\/www.instagram.com\/jardimbotanicorj\/\" rel=\"noopener\" target=\"_blank\">Jardim Bot\u00e2nico<\/a><\/td>\n<\/tr>\n<tr class=\"row-36 even\">\n\t<td class=\"column-1\">35<\/td><td class=\"column-2\">Parque Lage<\/td><td class=\"column-3\"><a href=\"https:\/\/parquenacionaldatijuca.rio\/locais\/parque-lage\/\" rel=\"noopener\" target=\"_blank\">Parque Lage<\/a><\/td><td class=\"column-4\"><\/td>\n<\/tr>\n<tr class=\"row-37 odd\">\n\t<td class=\"column-1\">36<\/td><td class=\"column-2\">Morro da Urca\/P\u00e3o de A\u00e7\u00facar<\/td><td class=\"column-3\"><a href=\"https:\/\/viagemeturismo.abril.com.br\/atracao\/pao-de-acucar\/\" rel=\"noopener\" target=\"_blank\">Morro da Urca (P\u00e3o de A\u00e7\u00facar)<\/a><\/td><td class=\"column-4\"><\/td>\n<\/tr>\n<tr class=\"row-38 even\">\n\t<td class=\"column-1\">37<\/td><td class=\"column-2\">Praia de Botafogo<\/td><td class=\"column-3\"><a href=\"http:\/\/www.riocidademaravilhosa.com.br\/oquefazer\/praias\/botafogo\/\" rel=\"noopener\" target=\"_blank\">Praia de Botafogo<\/a><\/td><td class=\"column-4\"><\/td>\n<\/tr>\n<tr class=\"row-39 odd\">\n\t<td class=\"column-1\">38<\/td><td class=\"column-2\">Praia do Flamengo<\/td><td class=\"column-3\"><a href=\"http:\/\/www.riocidademaravilhosa.com.br\/oquefazer\/praias\/flamengo\/\" rel=\"noopener\" target=\"_blank\">Praia do Flamengo<\/a><\/td><td class=\"column-4\"><\/td>\n<\/tr>\n<tr class=\"row-40 even\">\n\t<td class=\"column-1\">39<\/td><td class=\"column-2\">Museu do Amanh\u00e3<\/td><td class=\"column-3\"><a href=\"https:\/\/museudoamanha.org.br\/\" rel=\"noopener\" target=\"_blank\">Museu do Amanh\u00e3<\/a><\/td><td class=\"column-4\"><a href=\"https:\/\/www.instagram.com\/museudoamanha\/\" rel=\"noopener\" target=\"_blank\">Museu do Amanh\u00e3<\/a><\/td>\n<\/tr>\n<tr class=\"row-41 odd\">\n\t<td class=\"column-1\">40<\/td><td class=\"column-2\">In\u00edcio da Ciclovia (Santos Dumont)<\/td><td class=\"column-3\"><\/td><td class=\"column-4\"><\/td>\n<\/tr>\n<tr class=\"row-42 even\">\n\t<td class=\"column-1\">41<\/td><td class=\"column-2\">Catedral Metropolitana de S\u00e3o Sebasti\u00e3o<\/td><td class=\"column-3\"><a href=\"https:\/\/catedral.com.br\/\" rel=\"noopener\" target=\"_blank\">Catedral Metropolitana do RJ<\/a><\/td><td class=\"column-4\"><\/td>\n<\/tr>\n<tr class=\"row-43 odd\">\n\t<td class=\"column-1\">42<\/td><td class=\"column-2\">Arcos da Lapa<\/td><td class=\"column-3\"><a href=\"https:\/\/riotur.rio\/que_fazer\/arcosdalapa\/\" rel=\"noopener\" target=\"_blank\">Arcos da Lapa<\/a><\/td><td class=\"column-4\"><\/td>\n<\/tr>\n<tr class=\"row-44 even\">\n\t<td class=\"column-1\">43<\/td><td class=\"column-2\">Escadaria Selaron<\/td><td class=\"column-3\"><a href=\"https:\/\/www.viajenaviagem.com\/escadaria-selaron-rio-como-visitar\/\" rel=\"noopener\" target=\"_blank\">Escadaria Selar\u00f3n<\/a><\/td><td class=\"column-4\"><a href=\"https:\/\/www.instagram.com\/escadaria.selaron.oficial\/\" rel=\"noopener\" target=\"_blank\">Escadaria Selar\u00f3n<\/a><\/td>\n<\/tr>\n<tr class=\"row-45 odd\">\n\t<td class=\"column-1\">44<\/td><td class=\"column-2\">Samb\u00f3dromo<\/td><td class=\"column-3\"><a href=\"https:\/\/www.riocarnaval.org\/pt\/sambodromo\/sambodromo\" rel=\"noopener\" target=\"_blank\">Samb\u00f3dromo<\/a><\/td><td class=\"column-4\"><\/td>\n<\/tr>\n<tr class=\"row-46 even\">\n\t<td class=\"column-1\">45<\/td><td class=\"column-2\">Maracan\u00e3<\/td><td class=\"column-3\"><a href=\"https:\/\/www.estadiodomaracana.com.br\/\" rel=\"noopener\" target=\"_blank\">Maracan\u00e3<\/a><\/td><td class=\"column-4\"><a href=\"https:\/\/instagram.com\/maracana?igshid=YmMyMTA2M2Y=\" rel=\"noopener\" target=\"_blank\">Maracan\u00e3<\/a><\/td>\n<\/tr>\n<tr class=\"row-47 odd\">\n\t<td class=\"column-1\">46<\/td><td class=\"column-2\">Corcovado<\/td><td class=\"column-3\"><a href=\"https:\/\/parquenacionaldatijuca.rio\/como-visitar-o-corcovado\/\" rel=\"noopener\" target=\"_blank\">Corcovado<\/a><\/td><td class=\"column-4\"><a href=\"https:\/\/www.instagram.com\/parquenacionaldatijuca\/\" rel=\"noopener\" target=\"_blank\">Corcovado<\/a><\/td>\n<\/tr>\n<tr class=\"row-48 even\">\n\t<td class=\"column-1\">47<\/td><td class=\"column-2\">Floresta da Tijuca<\/td><td class=\"column-3\"><a href=\"https:\/\/parquenacionaldatijuca.rio\/\" rel=\"noopener\" target=\"_blank\">Floresta da Tijuca<\/a><\/td><td class=\"column-4\"><a href=\"https:\/\/www.instagram.com\/parquenacionaldatijuca\/\" rel=\"noopener\" target=\"_blank\">Floresta da Tijuca<\/a><\/td>\n<\/tr>\n<tr class=\"row-49 odd\">\n\t<td class=\"column-1\">48<\/td><td class=\"column-2\">Pico da Tijuca<\/td><td class=\"column-3\"><a href=\"https:\/\/parquenacionaldatijuca.rio\/locais\/pico-da-tijuca\/\" rel=\"noopener\" target=\"_blank\">Pico da Tijuca<\/a><\/td><td class=\"column-4\"><a href=\"https:\/\/www.instagram.com\/parquenacionaldatijuca\/\" rel=\"noopener\" target=\"_blank\">Pico da Tijuca<\/a><\/td>\n<\/tr>\n<tr class=\"row-50 even\">\n\t<td class=\"column-1\">49<\/td><td class=\"column-2\">Ponte Rio-Niter\u00f3i<\/td><td class=\"column-3\"><\/td><td class=\"column-4\"><\/td>\n<\/tr>\n<tr class=\"row-51 odd\">\n\t<td class=\"column-1\">50<\/td><td class=\"column-2\">P\u00f4r-do-sol<\/td><td class=\"column-3\"><a href=\"https:\/\/orlario.com.vc\/2021\/01\/ta-na-praia-5-lugares-para-assistir-o-por-do-sol\/\" rel=\"noopener\" target=\"_blank\">P\u00f4r do Sol<\/a><\/td><td class=\"column-4\"><\/td>\n<\/tr>\n<\/tbody>\n<\/table>\n<!-- #tablepress-3 from cache -->\n<\/div><\/section>\n","protected":false},"excerpt":{"rendered":"","protected":false},"author":1,"featured_media":0,"parent":0,"menu_order":0,"comment_status":"closed","ping_status":"closed","template":"","meta":{"_uag_custom_page_level_css":"","site-sidebar-layout":"default","site-content-layout":"default","ast-global-header-display":"","ast-main-header-display":"","ast-hfb-above-header-display":"","ast-hfb-below-header-display":"","ast-hfb-mobile-header-display":"","site-post-title":"disabled","ast-breadcrumbs-content":"","ast-featured-img":"","footer-sml-layout":"","theme-transparent-header-meta":"","adv-header-id-meta":"","stick-header-meta":"","header-above-stick-meta":"","header-main-stick-meta":"","header-below-stick-meta":"","footnotes":""},"class_list":["post-1125","page","type-page","status-publish","hentry"],"uagb_featured_image_src":{"full":false,"thumbnail":false,"medium":false,"medium_large":false,"large":false,"1536x1536":false,"2048x2048":false},"uagb_author_info":{"display_name":"Augusto","author_link":"https:\/\/martinhasflatrio.com.br\/?author=1"},"uagb_comment_info":0,"uagb_excerpt":null,"_links":{"self":[{"href":"https:\/\/martinhasflatrio.com.br\/index.php?rest_route=\/wp\/v2\/pages\/1125","targetHints":{"allow":["GET"]}}],"collection":[{"href":"https:\/\/martinhasflatrio.com.br\/index.php?rest_route=\/wp\/v2\/pages"}],"about":[{"href":"https:\/\/martinhasflatrio.com.br\/index.php?rest_route=\/wp\/v2\/types\/page"}],"author":[{"embeddable":true,"href":"https:\/\/martinhasflatrio.com.br\/index.php?rest_route=\/wp\/v2\/users\/1"}],"replies":[{"embeddable":true,"href":"https:\/\/martinhasflatrio.com.br\/index.php?rest_route=%2Fwp%2Fv2%2Fcomments&post=1125"}],"version-history":[{"count":6,"href":"https:\/\/martinhasflatrio.com.br\/index.php?rest_route=\/wp\/v2\/pages\/1125\/revisions"}],"predecessor-version":[{"id":1476,"href":"https:\/\/martinhasflatrio.com.br\/index.php?rest_route=\/wp\/v2\/pages\/1125\/revisions\/1476"}],"wp:attachment":[{"href":"https:\/\/martinhasflatrio.com.br\/index.php?rest_route=%2Fwp%2Fv2%2Fmedia&parent=1125"}],"curies":[{"name":"wp","href":"https:\/\/api.w.org\/{rel}","templated":true}]}}