{"id":1093,"date":"2022-09-09T12:38:05","date_gmt":"2022-09-09T15:38:05","guid":{"rendered":"https:\/\/martinhasflatrio.com.br\/?page_id=1093"},"modified":"2022-09-26T17:06:09","modified_gmt":"2022-09-26T20:06:09","slug":"home-2","status":"publish","type":"page","link":"https:\/\/martinhasflatrio.com.br\/?page_id=1093","title":{"rendered":"Gigoia"},"content":{"rendered":"\n<div class=\"wp-block-cover alignfull has-parallax\" style=\"background-image:url(https:\/\/martinhasflatrio.com.br\/wp-content\/uploads\/2022\/09\/Gigoia-canal-scaled.jpg);min-height:50vh;aspect-ratio:unset;\"><span aria-hidden=\"true\" class=\"wp-block-cover__background has-ast-global-color-0-background-color has-background-dim-70 has-background-dim\"><\/span><div class=\"wp-block-cover__inner-container is-layout-flow wp-block-cover-is-layout-flow\">\n<h1 class=\"has-text-align-center has-white-color has-text-color has-x-large-font-size wp-block-heading\">Almo\u00e7o ou Jantar na Ilha da Gigoia<\/h1>\n\n\n\n<p class=\"has-text-align-center\">A Veneza Carioca<\/p>\n\n\n\n<div class=\"wp-block-buttons is-horizontal is-content-justification-left is-layout-flex wp-container-core-buttons-is-layout-20be11b6 wp-block-buttons-is-layout-flex\"><\/div>\n<\/div><\/div>\n\n\n\n<div class=\"inherit-container-width wp-block-group alignfull has-ast-global-color-5-background-color has-background is-layout-constrained wp-block-group-is-layout-constrained\"><div class=\"wp-block-group__inner-container\">\n<div class=\"wp-block-columns alignwide is-layout-flex wp-container-core-columns-is-layout-28f84493 wp-block-columns-is-layout-flex\">\n<div class=\"wp-block-column is-layout-flow wp-block-column-is-layout-flow\">\n<div class=\"wp-block-uagb-info-box uagb-block-0e97dda1 uagb-infobox__content-wrap  uagb-infobox-icon-above-title uagb-infobox-image-valign-top\"><div class=\"uagb-ifb-content\"><div class=\"uagb-ifb-title-wrap\"><h2 class=\"uagb-ifb-title\">Uma experi\u00eancia diferente at\u00e9 para os cariocas<\/h2><\/div><p class=\"uagb-ifb-desc\">Abaixo algumas op\u00e7\u00f5es de restaurantes<\/p><\/div><\/div>\n<\/div>\n<\/div>\n<\/div><\/div>\n\n\n\n<div class=\"inherit-container-width wp-block-group alignfull has-ast-global-color-4-background-color has-background is-layout-constrained wp-block-group-is-layout-constrained\"><div class=\"wp-block-group__inner-container\">\n<div class=\"wp-block-columns alignwide are-vertically-aligned-top is-layout-flex wp-container-core-columns-is-layout-28f84493 wp-block-columns-is-layout-flex\">\n<div class=\"wp-block-column is-vertically-aligned-top is-layout-flow wp-block-column-is-layout-flow\">\n<figure class=\"wp-block-image size-full\"><img loading=\"lazy\" decoding=\"async\" width=\"960\" height=\"349\" src=\"https:\/\/martinhasflatrio.com.br\/wp-content\/uploads\/2022\/09\/Bar-caicara.webp\" alt=\"\" class=\"wp-image-1548\" srcset=\"https:\/\/martinhasflatrio.com.br\/wp-content\/uploads\/2022\/09\/Bar-caicara.webp 960w, https:\/\/martinhasflatrio.com.br\/wp-content\/uploads\/2022\/09\/Bar-caicara-300x109.webp 300w, https:\/\/martinhasflatrio.com.br\/wp-content\/uploads\/2022\/09\/Bar-caicara-768x279.webp 768w\" sizes=\"auto, (max-width: 960px) 100vw, 960px\" \/><\/figure>\n\n\n\n<h3 class=\"wp-block-heading\">Bar Cai\u00e7ara<\/h3>\n\n\n\n<p>Nossa op\u00e7\u00e3o preferida, ambiente descolado, com pratos variados, pre\u00e7o justo e um visual pitoresco. Adoramos o strogonoff de camar\u00e3o e o escondidinho de camar\u00e3o com aipim.<\/p>\n\n\n\n<ul class=\"wp-block-social-links has-visible-labels is-layout-flex wp-block-social-links-is-layout-flex\"><li class=\"wp-social-link wp-social-link-instagram  wp-block-social-link\"><a rel=\"noopener nofollow\" target=\"_blank\" href=\"https:\/\/www.instagram.com\/barcaicara_ilhadagigoia\/\" class=\"wp-block-social-link-anchor\"><svg width=\"24\" height=\"24\" viewBox=\"0 0 24 24\" version=\"1.1\" xmlns=\"http:\/\/www.w3.org\/2000\/svg\" aria-hidden=\"true\" focusable=\"false\"><path d=\"M12,4.622c2.403,0,2.688,0.009,3.637,0.052c0.877,0.04,1.354,0.187,1.671,0.31c0.42,0.163,0.72,0.358,1.035,0.673 c0.315,0.315,0.51,0.615,0.673,1.035c0.123,0.317,0.27,0.794,0.31,1.671c0.043,0.949,0.052,1.234,0.052,3.637 s-0.009,2.688-0.052,3.637c-0.04,0.877-0.187,1.354-0.31,1.671c-0.163,0.42-0.358,0.72-0.673,1.035 c-0.315,0.315-0.615,0.51-1.035,0.673c-0.317,0.123-0.794,0.27-1.671,0.31c-0.949,0.043-1.233,0.052-3.637,0.052 s-2.688-0.009-3.637-0.052c-0.877-0.04-1.354-0.187-1.671-0.31c-0.42-0.163-0.72-0.358-1.035-0.673 c-0.315-0.315-0.51-0.615-0.673-1.035c-0.123-0.317-0.27-0.794-0.31-1.671C4.631,14.688,4.622,14.403,4.622,12 s0.009-2.688,0.052-3.637c0.04-0.877,0.187-1.354,0.31-1.671c0.163-0.42,0.358-0.72,0.673-1.035 c0.315-0.315,0.615-0.51,1.035-0.673c0.317-0.123,0.794-0.27,1.671-0.31C9.312,4.631,9.597,4.622,12,4.622 M12,3 C9.556,3,9.249,3.01,8.289,3.054C7.331,3.098,6.677,3.25,6.105,3.472C5.513,3.702,5.011,4.01,4.511,4.511 c-0.5,0.5-0.808,1.002-1.038,1.594C3.25,6.677,3.098,7.331,3.054,8.289C3.01,9.249,3,9.556,3,12c0,2.444,0.01,2.751,0.054,3.711 c0.044,0.958,0.196,1.612,0.418,2.185c0.23,0.592,0.538,1.094,1.038,1.594c0.5,0.5,1.002,0.808,1.594,1.038 c0.572,0.222,1.227,0.375,2.185,0.418C9.249,20.99,9.556,21,12,21s2.751-0.01,3.711-0.054c0.958-0.044,1.612-0.196,2.185-0.418 c0.592-0.23,1.094-0.538,1.594-1.038c0.5-0.5,0.808-1.002,1.038-1.594c0.222-0.572,0.375-1.227,0.418-2.185 C20.99,14.751,21,14.444,21,12s-0.01-2.751-0.054-3.711c-0.044-0.958-0.196-1.612-0.418-2.185c-0.23-0.592-0.538-1.094-1.038-1.594 c-0.5-0.5-1.002-0.808-1.594-1.038c-0.572-0.222-1.227-0.375-2.185-0.418C14.751,3.01,14.444,3,12,3L12,3z M12,7.378 c-2.552,0-4.622,2.069-4.622,4.622S9.448,16.622,12,16.622s4.622-2.069,4.622-4.622S14.552,7.378,12,7.378z M12,15 c-1.657,0-3-1.343-3-3s1.343-3,3-3s3,1.343,3,3S13.657,15,12,15z M16.804,6.116c-0.596,0-1.08,0.484-1.08,1.08 s0.484,1.08,1.08,1.08c0.596,0,1.08-0.484,1.08-1.08S17.401,6.116,16.804,6.116z\"><\/path><\/svg><span class=\"wp-block-social-link-label\">Bar Cai\u00e7ara<\/span><\/a><\/li><\/ul>\n<\/div>\n\n\n\n<div class=\"wp-block-column is-vertically-aligned-top is-layout-flow wp-block-column-is-layout-flow\">\n<figure class=\"wp-block-image size-full\"><img loading=\"lazy\" decoding=\"async\" width=\"960\" height=\"960\" src=\"https:\/\/martinhasflatrio.com.br\/wp-content\/uploads\/2022\/09\/Venne.jpg\" alt=\"\" class=\"wp-image-1545\" srcset=\"https:\/\/martinhasflatrio.com.br\/wp-content\/uploads\/2022\/09\/Venne.jpg 960w, https:\/\/martinhasflatrio.com.br\/wp-content\/uploads\/2022\/09\/Venne-300x300.jpg 300w, https:\/\/martinhasflatrio.com.br\/wp-content\/uploads\/2022\/09\/Venne-150x150.jpg 150w, https:\/\/martinhasflatrio.com.br\/wp-content\/uploads\/2022\/09\/Venne-768x768.jpg 768w\" sizes=\"auto, (max-width: 960px) 100vw, 960px\" \/><\/figure>\n\n\n\n<h3 class=\"wp-block-heading\">Restaurante Venne<\/h3>\n\n\n\n<p>Vizinho do Bar Cai\u00e7ara, \u00e9 um pouco mais fino, espa\u00e7oso, com um lindo jardim e menu sofisticado. <\/p>\n\n\n\n<ul class=\"wp-block-social-links has-visible-labels is-layout-flex wp-block-social-links-is-layout-flex\"><li class=\"wp-social-link wp-social-link-instagram  wp-block-social-link\"><a rel=\"noopener nofollow\" target=\"_blank\" href=\"https:\/\/www.instagram.com\/vennegastronomia\/\" class=\"wp-block-social-link-anchor\"><svg width=\"24\" height=\"24\" viewBox=\"0 0 24 24\" version=\"1.1\" xmlns=\"http:\/\/www.w3.org\/2000\/svg\" aria-hidden=\"true\" focusable=\"false\"><path d=\"M12,4.622c2.403,0,2.688,0.009,3.637,0.052c0.877,0.04,1.354,0.187,1.671,0.31c0.42,0.163,0.72,0.358,1.035,0.673 c0.315,0.315,0.51,0.615,0.673,1.035c0.123,0.317,0.27,0.794,0.31,1.671c0.043,0.949,0.052,1.234,0.052,3.637 s-0.009,2.688-0.052,3.637c-0.04,0.877-0.187,1.354-0.31,1.671c-0.163,0.42-0.358,0.72-0.673,1.035 c-0.315,0.315-0.615,0.51-1.035,0.673c-0.317,0.123-0.794,0.27-1.671,0.31c-0.949,0.043-1.233,0.052-3.637,0.052 s-2.688-0.009-3.637-0.052c-0.877-0.04-1.354-0.187-1.671-0.31c-0.42-0.163-0.72-0.358-1.035-0.673 c-0.315-0.315-0.51-0.615-0.673-1.035c-0.123-0.317-0.27-0.794-0.31-1.671C4.631,14.688,4.622,14.403,4.622,12 s0.009-2.688,0.052-3.637c0.04-0.877,0.187-1.354,0.31-1.671c0.163-0.42,0.358-0.72,0.673-1.035 c0.315-0.315,0.615-0.51,1.035-0.673c0.317-0.123,0.794-0.27,1.671-0.31C9.312,4.631,9.597,4.622,12,4.622 M12,3 C9.556,3,9.249,3.01,8.289,3.054C7.331,3.098,6.677,3.25,6.105,3.472C5.513,3.702,5.011,4.01,4.511,4.511 c-0.5,0.5-0.808,1.002-1.038,1.594C3.25,6.677,3.098,7.331,3.054,8.289C3.01,9.249,3,9.556,3,12c0,2.444,0.01,2.751,0.054,3.711 c0.044,0.958,0.196,1.612,0.418,2.185c0.23,0.592,0.538,1.094,1.038,1.594c0.5,0.5,1.002,0.808,1.594,1.038 c0.572,0.222,1.227,0.375,2.185,0.418C9.249,20.99,9.556,21,12,21s2.751-0.01,3.711-0.054c0.958-0.044,1.612-0.196,2.185-0.418 c0.592-0.23,1.094-0.538,1.594-1.038c0.5-0.5,0.808-1.002,1.038-1.594c0.222-0.572,0.375-1.227,0.418-2.185 C20.99,14.751,21,14.444,21,12s-0.01-2.751-0.054-3.711c-0.044-0.958-0.196-1.612-0.418-2.185c-0.23-0.592-0.538-1.094-1.038-1.594 c-0.5-0.5-1.002-0.808-1.594-1.038c-0.572-0.222-1.227-0.375-2.185-0.418C14.751,3.01,14.444,3,12,3L12,3z M12,7.378 c-2.552,0-4.622,2.069-4.622,4.622S9.448,16.622,12,16.622s4.622-2.069,4.622-4.622S14.552,7.378,12,7.378z M12,15 c-1.657,0-3-1.343-3-3s1.343-3,3-3s3,1.343,3,3S13.657,15,12,15z M16.804,6.116c-0.596,0-1.08,0.484-1.08,1.08 s0.484,1.08,1.08,1.08c0.596,0,1.08-0.484,1.08-1.08S17.401,6.116,16.804,6.116z\"><\/path><\/svg><span class=\"wp-block-social-link-label\">Venne Gastronomia<\/span><\/a><\/li><\/ul>\n<\/div>\n\n\n\n<div class=\"wp-block-column is-vertically-aligned-top is-layout-flow wp-block-column-is-layout-flow\">\n<figure class=\"wp-block-image size-full\"><img loading=\"lazy\" decoding=\"async\" width=\"300\" height=\"300\" src=\"https:\/\/martinhasflatrio.com.br\/wp-content\/uploads\/2022\/09\/Bar-do-Cicero.jpg\" alt=\"\" class=\"wp-image-1546\" srcset=\"https:\/\/martinhasflatrio.com.br\/wp-content\/uploads\/2022\/09\/Bar-do-Cicero.jpg 300w, https:\/\/martinhasflatrio.com.br\/wp-content\/uploads\/2022\/09\/Bar-do-Cicero-150x150.jpg 150w\" sizes=\"auto, (max-width: 300px) 100vw, 300px\" \/><\/figure>\n\n\n\n<h3 class=\"wp-block-heading\">Bar do C\u00edcero<\/h3>\n\n\n\n<p>De frente para o Cai\u00e7ara e Venne, na Ilha Primeira, costuma estar mais cheio, com menu bem variado.<\/p>\n\n\n\n<ul class=\"wp-block-social-links has-visible-labels is-layout-flex wp-block-social-links-is-layout-flex\"><li class=\"wp-social-link wp-social-link-instagram  wp-block-social-link\"><a rel=\"noopener nofollow\" target=\"_blank\" href=\"https:\/\/www.instagram.com\/bardocicero\/\" class=\"wp-block-social-link-anchor\"><svg width=\"24\" height=\"24\" viewBox=\"0 0 24 24\" version=\"1.1\" xmlns=\"http:\/\/www.w3.org\/2000\/svg\" aria-hidden=\"true\" focusable=\"false\"><path d=\"M12,4.622c2.403,0,2.688,0.009,3.637,0.052c0.877,0.04,1.354,0.187,1.671,0.31c0.42,0.163,0.72,0.358,1.035,0.673 c0.315,0.315,0.51,0.615,0.673,1.035c0.123,0.317,0.27,0.794,0.31,1.671c0.043,0.949,0.052,1.234,0.052,3.637 s-0.009,2.688-0.052,3.637c-0.04,0.877-0.187,1.354-0.31,1.671c-0.163,0.42-0.358,0.72-0.673,1.035 c-0.315,0.315-0.615,0.51-1.035,0.673c-0.317,0.123-0.794,0.27-1.671,0.31c-0.949,0.043-1.233,0.052-3.637,0.052 s-2.688-0.009-3.637-0.052c-0.877-0.04-1.354-0.187-1.671-0.31c-0.42-0.163-0.72-0.358-1.035-0.673 c-0.315-0.315-0.51-0.615-0.673-1.035c-0.123-0.317-0.27-0.794-0.31-1.671C4.631,14.688,4.622,14.403,4.622,12 s0.009-2.688,0.052-3.637c0.04-0.877,0.187-1.354,0.31-1.671c0.163-0.42,0.358-0.72,0.673-1.035 c0.315-0.315,0.615-0.51,1.035-0.673c0.317-0.123,0.794-0.27,1.671-0.31C9.312,4.631,9.597,4.622,12,4.622 M12,3 C9.556,3,9.249,3.01,8.289,3.054C7.331,3.098,6.677,3.25,6.105,3.472C5.513,3.702,5.011,4.01,4.511,4.511 c-0.5,0.5-0.808,1.002-1.038,1.594C3.25,6.677,3.098,7.331,3.054,8.289C3.01,9.249,3,9.556,3,12c0,2.444,0.01,2.751,0.054,3.711 c0.044,0.958,0.196,1.612,0.418,2.185c0.23,0.592,0.538,1.094,1.038,1.594c0.5,0.5,1.002,0.808,1.594,1.038 c0.572,0.222,1.227,0.375,2.185,0.418C9.249,20.99,9.556,21,12,21s2.751-0.01,3.711-0.054c0.958-0.044,1.612-0.196,2.185-0.418 c0.592-0.23,1.094-0.538,1.594-1.038c0.5-0.5,0.808-1.002,1.038-1.594c0.222-0.572,0.375-1.227,0.418-2.185 C20.99,14.751,21,14.444,21,12s-0.01-2.751-0.054-3.711c-0.044-0.958-0.196-1.612-0.418-2.185c-0.23-0.592-0.538-1.094-1.038-1.594 c-0.5-0.5-1.002-0.808-1.594-1.038c-0.572-0.222-1.227-0.375-2.185-0.418C14.751,3.01,14.444,3,12,3L12,3z M12,7.378 c-2.552,0-4.622,2.069-4.622,4.622S9.448,16.622,12,16.622s4.622-2.069,4.622-4.622S14.552,7.378,12,7.378z M12,15 c-1.657,0-3-1.343-3-3s1.343-3,3-3s3,1.343,3,3S13.657,15,12,15z M16.804,6.116c-0.596,0-1.08,0.484-1.08,1.08 s0.484,1.08,1.08,1.08c0.596,0,1.08-0.484,1.08-1.08S17.401,6.116,16.804,6.116z\"><\/path><\/svg><span class=\"wp-block-social-link-label\">Bar do Cicero<\/span><\/a><\/li><\/ul>\n<\/div>\n<\/div>\n\n\n\n<div class=\"wp-block-uagb-info-box uagb-block-02c91136 uagb-infobox__content-wrap  uagb-infobox-icon-above-title uagb-infobox-image-valign-top\"><div class=\"uagb-ifb-content\"><div class=\"uagb-ifb-title-wrap\"><h3 class=\"uagb-ifb-title\">Para ir do flat para a Gigoia, uma \u00f3tima op\u00e7\u00e3o \u00e9 o barco-t\u00e1xi da<br>Aqua Rio<\/h3><\/div><p class=\"uagb-ifb-desc\">A Aqua Rio opera os barcos-t\u00e1xis no Canal de Marapendi e leva passageiros para todas as ilhas, partindo de qualquer condom\u00ednio do canal. <br>Basta ligar ou mandar um whatsapp para (21) 99911-5449 e negociar pre\u00e7o, destino, hor\u00e1rio e n\u00famero de passageiros. Eles te pegam em um dos p\u00eders do Parque das Rosas (pier 1 ou 2) e depois te buscam no restaurante escolhido.<\/p><\/div><\/div>\n\n\n\n<figure class=\"wp-block-image aligncenter size-medium\"><img loading=\"lazy\" decoding=\"async\" width=\"300\" height=\"225\" src=\"https:\/\/martinhasflatrio.com.br\/wp-content\/uploads\/2022\/09\/Rio-Aqua-300x225.jpg\" alt=\"\" class=\"wp-image-1550\" srcset=\"https:\/\/martinhasflatrio.com.br\/wp-content\/uploads\/2022\/09\/Rio-Aqua-300x225.jpg 300w, https:\/\/martinhasflatrio.com.br\/wp-content\/uploads\/2022\/09\/Rio-Aqua-1024x768.jpg 1024w, https:\/\/martinhasflatrio.com.br\/wp-content\/uploads\/2022\/09\/Rio-Aqua-768x576.jpg 768w, https:\/\/martinhasflatrio.com.br\/wp-content\/uploads\/2022\/09\/Rio-Aqua.jpg 1032w\" sizes=\"auto, (max-width: 300px) 100vw, 300px\" \/><\/figure>\n\n\n\n<ul class=\"wp-block-social-links has-visible-labels is-content-justification-center is-layout-flex wp-container-core-social-links-is-layout-a89b3969 wp-block-social-links-is-layout-flex\"><li class=\"wp-social-link wp-social-link-instagram  wp-block-social-link\"><a rel=\"noopener nofollow\" target=\"_blank\" href=\"https:\/\/www.instagram.com\/rioaquaservice\/\" class=\"wp-block-social-link-anchor\"><svg width=\"24\" height=\"24\" viewBox=\"0 0 24 24\" version=\"1.1\" xmlns=\"http:\/\/www.w3.org\/2000\/svg\" aria-hidden=\"true\" focusable=\"false\"><path d=\"M12,4.622c2.403,0,2.688,0.009,3.637,0.052c0.877,0.04,1.354,0.187,1.671,0.31c0.42,0.163,0.72,0.358,1.035,0.673 c0.315,0.315,0.51,0.615,0.673,1.035c0.123,0.317,0.27,0.794,0.31,1.671c0.043,0.949,0.052,1.234,0.052,3.637 s-0.009,2.688-0.052,3.637c-0.04,0.877-0.187,1.354-0.31,1.671c-0.163,0.42-0.358,0.72-0.673,1.035 c-0.315,0.315-0.615,0.51-1.035,0.673c-0.317,0.123-0.794,0.27-1.671,0.31c-0.949,0.043-1.233,0.052-3.637,0.052 s-2.688-0.009-3.637-0.052c-0.877-0.04-1.354-0.187-1.671-0.31c-0.42-0.163-0.72-0.358-1.035-0.673 c-0.315-0.315-0.51-0.615-0.673-1.035c-0.123-0.317-0.27-0.794-0.31-1.671C4.631,14.688,4.622,14.403,4.622,12 s0.009-2.688,0.052-3.637c0.04-0.877,0.187-1.354,0.31-1.671c0.163-0.42,0.358-0.72,0.673-1.035 c0.315-0.315,0.615-0.51,1.035-0.673c0.317-0.123,0.794-0.27,1.671-0.31C9.312,4.631,9.597,4.622,12,4.622 M12,3 C9.556,3,9.249,3.01,8.289,3.054C7.331,3.098,6.677,3.25,6.105,3.472C5.513,3.702,5.011,4.01,4.511,4.511 c-0.5,0.5-0.808,1.002-1.038,1.594C3.25,6.677,3.098,7.331,3.054,8.289C3.01,9.249,3,9.556,3,12c0,2.444,0.01,2.751,0.054,3.711 c0.044,0.958,0.196,1.612,0.418,2.185c0.23,0.592,0.538,1.094,1.038,1.594c0.5,0.5,1.002,0.808,1.594,1.038 c0.572,0.222,1.227,0.375,2.185,0.418C9.249,20.99,9.556,21,12,21s2.751-0.01,3.711-0.054c0.958-0.044,1.612-0.196,2.185-0.418 c0.592-0.23,1.094-0.538,1.594-1.038c0.5-0.5,0.808-1.002,1.038-1.594c0.222-0.572,0.375-1.227,0.418-2.185 C20.99,14.751,21,14.444,21,12s-0.01-2.751-0.054-3.711c-0.044-0.958-0.196-1.612-0.418-2.185c-0.23-0.592-0.538-1.094-1.038-1.594 c-0.5-0.5-1.002-0.808-1.594-1.038c-0.572-0.222-1.227-0.375-2.185-0.418C14.751,3.01,14.444,3,12,3L12,3z M12,7.378 c-2.552,0-4.622,2.069-4.622,4.622S9.448,16.622,12,16.622s4.622-2.069,4.622-4.622S14.552,7.378,12,7.378z M12,15 c-1.657,0-3-1.343-3-3s1.343-3,3-3s3,1.343,3,3S13.657,15,12,15z M16.804,6.116c-0.596,0-1.08,0.484-1.08,1.08 s0.484,1.08,1.08,1.08c0.596,0,1.08-0.484,1.08-1.08S17.401,6.116,16.804,6.116z\"><\/path><\/svg><span class=\"wp-block-social-link-label\">Rio Aqua Service<\/span><\/a><\/li><\/ul>\n<\/div><\/div>\n\n\n\n<div class=\"inherit-container-width wp-block-group alignfull has-ast-global-color-5-background-color has-background is-layout-constrained wp-block-group-is-layout-constrained\"><div class=\"wp-block-group__inner-container\">\n<h2 class=\"has-text-align-center wp-block-heading\">O caminho para a Gigoia \u00e9 lindo!<\/h2>\n\n\n\n<p class=\"has-text-align-center\">Fala s\u00e9rio! N\u00e3o d\u00e1 vontade de vir correndo?<\/p>\n\n\n<div class=\"owl-wrapper\"><div id=\"carousel-1113\" class=\"owl-carousel owl-theme\"><div class=\"item\"><a href=\"https:\/\/martinhasflatrio.com.br\/wp-content\/uploads\/2022\/09\/Gigoia-vista-pedra-da-gavea-768x1024.jpg\" class=\"lightbox\" data-featherlight=\"https:\/\/martinhasflatrio.com.br\/wp-content\/uploads\/2022\/09\/Gigoia-vista-pedra-da-gavea-768x1024.jpg\"><img data-src=\"https:\/\/martinhasflatrio.com.br\/wp-content\/uploads\/2022\/09\/Gigoia-vista-pedra-da-gavea-768x1024.jpg\" alt=\"\" class=\"owl-lazy\"><\/a><\/div><div class=\"item\"><a href=\"https:\/\/martinhasflatrio.com.br\/wp-content\/uploads\/2022\/09\/Deck-2-balsa-2-1024x768.jpg\" class=\"lightbox\" data-featherlight=\"https:\/\/martinhasflatrio.com.br\/wp-content\/uploads\/2022\/09\/Deck-2-balsa-2-1024x768.jpg\"><img data-src=\"https:\/\/martinhasflatrio.com.br\/wp-content\/uploads\/2022\/09\/Deck-2-balsa-2-1024x768.jpg\" alt=\"\" class=\"owl-lazy\"><\/a><\/div><div class=\"item\"><a href=\"https:\/\/martinhasflatrio.com.br\/wp-content\/uploads\/2022\/09\/Barco-taxi-canal-por-do-sol-768x1024.jpg\" class=\"lightbox\" data-featherlight=\"https:\/\/martinhasflatrio.com.br\/wp-content\/uploads\/2022\/09\/Barco-taxi-canal-por-do-sol-768x1024.jpg\"><img data-src=\"https:\/\/martinhasflatrio.com.br\/wp-content\/uploads\/2022\/09\/Barco-taxi-canal-por-do-sol-768x1024.jpg\" alt=\"\" class=\"owl-lazy\"><\/a><\/div><div class=\"item\"><a href=\"https:\/\/martinhasflatrio.com.br\/wp-content\/uploads\/2022\/09\/Barco-taxi-interior-768x1024.jpg\" class=\"lightbox\" data-featherlight=\"https:\/\/martinhasflatrio.com.br\/wp-content\/uploads\/2022\/09\/Barco-taxi-interior-768x1024.jpg\"><img data-src=\"https:\/\/martinhasflatrio.com.br\/wp-content\/uploads\/2022\/09\/Barco-taxi-interior-768x1024.jpg\" alt=\"\" class=\"owl-lazy\"><\/a><\/div><div class=\"item\"><a href=\"https:\/\/martinhasflatrio.com.br\/wp-content\/uploads\/2022\/09\/Barco-taxi-canal-768x1024.jpg\" class=\"lightbox\" data-featherlight=\"https:\/\/martinhasflatrio.com.br\/wp-content\/uploads\/2022\/09\/Barco-taxi-canal-768x1024.jpg\"><img data-src=\"https:\/\/martinhasflatrio.com.br\/wp-content\/uploads\/2022\/09\/Barco-taxi-canal-768x1024.jpg\" alt=\"\" class=\"owl-lazy\"><\/a><\/div><div class=\"item\"><a href=\"https:\/\/martinhasflatrio.com.br\/wp-content\/uploads\/2022\/09\/Augusto-e-Martinha-na-Gigoia-440-x-370.png\" class=\"lightbox\" data-featherlight=\"https:\/\/martinhasflatrio.com.br\/wp-content\/uploads\/2022\/09\/Augusto-e-Martinha-na-Gigoia-440-x-370.png\"><img data-src=\"https:\/\/martinhasflatrio.com.br\/wp-content\/uploads\/2022\/09\/Augusto-e-Martinha-na-Gigoia-440-x-370.png\" alt=\"\" class=\"owl-lazy\"><\/a><\/div><div class=\"item\"><a href=\"https:\/\/martinhasflatrio.com.br\/wp-content\/uploads\/2022\/09\/Gigoia-canal-1024x498.jpg\" class=\"lightbox\" data-featherlight=\"https:\/\/martinhasflatrio.com.br\/wp-content\/uploads\/2022\/09\/Gigoia-canal-1024x498.jpg\"><img data-src=\"https:\/\/martinhasflatrio.com.br\/wp-content\/uploads\/2022\/09\/Gigoia-canal-1024x498.jpg\" alt=\"\" class=\"owl-lazy\"><\/a><\/div><\/div><\/div>\n\n\n\n<p><\/p>\n<\/div><\/div>\n\n\n\n<p><\/p>\n","protected":false},"excerpt":{"rendered":"<p>Bar Cai\u00e7ara Nossa op\u00e7\u00e3o preferida, ambiente descolado, com pratos variados, pre\u00e7o justo e um visual pitoresco. Adoramos o strogonoff de camar\u00e3o e o escondidinho de camar\u00e3o com aipim. Restaurante Venne Vizinho do Bar Cai\u00e7ara, \u00e9 um pouco mais fino, espa\u00e7oso, com um lindo jardim e menu sofisticado. Bar do C\u00edcero De frente para o Cai\u00e7ara &hellip;<\/p>\n<p class=\"read-more\"> <a class=\"\" href=\"https:\/\/martinhasflatrio.com.br\/?page_id=1093\"> <span class=\"screen-reader-text\">Gigoia<\/span> Leia mais &raquo;<\/a><\/p>\n","protected":false},"author":1,"featured_media":0,"parent":0,"menu_order":0,"comment_status":"closed","ping_status":"closed","template":"","meta":{"_uag_custom_page_level_css":"","site-sidebar-layout":"default","site-content-layout":"default","ast-global-header-display":"","ast-main-header-display":"","ast-hfb-above-header-display":"","ast-hfb-below-header-display":"","ast-hfb-mobile-header-display":"","site-post-title":"disabled","ast-breadcrumbs-content":"","ast-featured-img":"","footer-sml-layout":"","theme-transparent-header-meta":"","adv-header-id-meta":"","stick-header-meta":"","header-above-stick-meta":"","header-main-stick-meta":"","header-below-stick-meta":"","footnotes":""},"class_list":["post-1093","page","type-page","status-publish","hentry"],"uagb_featured_image_src":{"full":false,"thumbnail":false,"medium":false,"medium_large":false,"large":false,"1536x1536":false,"2048x2048":false},"uagb_author_info":{"display_name":"Augusto","author_link":"https:\/\/martinhasflatrio.com.br\/?author=1"},"uagb_comment_info":0,"uagb_excerpt":"Bar Cai\u00e7ara Nossa op\u00e7\u00e3o preferida, ambiente descolado, com pratos variados, pre\u00e7o justo e um visual pitoresco. Adoramos o strogonoff de camar\u00e3o e o escondidinho de camar\u00e3o com aipim. Restaurante Venne Vizinho do Bar Cai\u00e7ara, \u00e9 um pouco mais fino, espa\u00e7oso, com um lindo jardim e menu sofisticado. Bar do C\u00edcero De frente para o Cai\u00e7ara&hellip;","_links":{"self":[{"href":"https:\/\/martinhasflatrio.com.br\/index.php?rest_route=\/wp\/v2\/pages\/1093","targetHints":{"allow":["GET"]}}],"collection":[{"href":"https:\/\/martinhasflatrio.com.br\/index.php?rest_route=\/wp\/v2\/pages"}],"about":[{"href":"https:\/\/martinhasflatrio.com.br\/index.php?rest_route=\/wp\/v2\/types\/page"}],"author":[{"embeddable":true,"href":"https:\/\/martinhasflatrio.com.br\/index.php?rest_route=\/wp\/v2\/users\/1"}],"replies":[{"embeddable":true,"href":"https:\/\/martinhasflatrio.com.br\/index.php?rest_route=%2Fwp%2Fv2%2Fcomments&post=1093"}],"version-history":[{"count":25,"href":"https:\/\/martinhasflatrio.com.br\/index.php?rest_route=\/wp\/v2\/pages\/1093\/revisions"}],"predecessor-version":[{"id":1551,"href":"https:\/\/martinhasflatrio.com.br\/index.php?rest_route=\/wp\/v2\/pages\/1093\/revisions\/1551"}],"wp:attachment":[{"href":"https:\/\/martinhasflatrio.com.br\/index.php?rest_route=%2Fwp%2Fv2%2Fmedia&parent=1093"}],"curies":[{"name":"wp","href":"https:\/\/api.w.org\/{rel}","templated":true}]}}