{"id":1010,"date":"2022-08-11T16:42:36","date_gmt":"2022-08-11T19:42:36","guid":{"rendered":"https:\/\/martinhasflatrio.com.br\/?page_id=1010"},"modified":"2023-02-18T11:10:00","modified_gmt":"2023-02-18T14:10:00","slug":"ta-chovendo-2-2-2","status":"publish","type":"page","link":"https:\/\/martinhasflatrio.com.br\/?page_id=1010","title":{"rendered":"Pedal Museu do Amanh\u00e3"},"content":{"rendered":"\n<div class=\"wp-block-cover alignfull has-parallax\"><span aria-hidden=\"true\" class=\"wp-block-cover__background has-ast-global-color-0-background-color has-background-dim-70 has-background-dim\"><\/span><div role=\"img\" class=\"wp-block-cover__image-background wp-image-763 has-parallax\" style=\"background-position:50% 50%;background-image:url(https:\/\/martinhasflatrio.com.br\/wp-content\/uploads\/2022\/08\/20201225_093438-scaled.jpg)\"><\/div><div class=\"wp-block-cover__inner-container is-layout-flow wp-block-cover-is-layout-flow\">\n<p class=\"has-text-align-center has-large-font-size\">Pedal Museu do Amanh\u00e3<\/p>\n<\/div><\/div>\n\n\n\n<section class=\"wp-block-uagb-section uagb-section__wrap uagb-section__background-undefined uagb-block-74d0deed\"><div class=\"uagb-section__overlay\"><\/div><div class=\"uagb-section__inner-wrap\">\n<p><\/p>\n\n\n\n<div class=\"wp-block-columns has-ast-global-color-5-background-color has-background is-layout-flex wp-container-core-columns-is-layout-28f84493 wp-block-columns-is-layout-flex\">\n<div class=\"wp-block-column is-layout-flow wp-block-column-is-layout-flow\" style=\"flex-basis:250px\">\n<div class=\"wp-block-uagb-info-box uagb-block-e96fd1e8 uagb-infobox__content-wrap  uagb-infobox-icon-above-title uagb-infobox-image-valign-top uagb-infobox__outer-wrap\"><div class=\"uagb-ifb-content\"><div class=\"uagb-ifb-icon-wrap\"><svg xmlns=\"https:\/\/www.w3.org\/2000\/svg\" viewBox=\"0 0 640 512\"><path d=\"M347.2 32C358.1 32 369.8 38.44 375.4 48.78L473.3 229.1C485.5 226.1 498.5 224 512 224C582.7 224 640 281.3 640 352C640 422.7 582.7 480 512 480C441.3 480 384 422.7 384 352C384 311.1 402.4 276.3 431.1 252.8L409.4 212.7L324.7 356.2C320.3 363.5 312.5 368 304 368H255C247.1 431.1 193.3 480 128 480C57.31 480 0 422.7 0 352C0 281.3 57.31 224 128 224C138.7 224 149.2 225.3 159.2 227.8L185.8 174.7L163.7 144H120C106.7 144 96 133.3 96 120C96 106.7 106.7 96 120 96H176C183.7 96 190.1 99.71 195.5 105.1L222.9 144H372.3L337.7 80H311.1C298.7 80 287.1 69.25 287.1 56C287.1 42.75 298.7 32 311.1 32H347.2zM440 352C440 391.8 472.2 424 512 424C551.8 424 584 391.8 584 352C584 312.2 551.8 280 512 280C508.2 280 504.5 280.3 500.8 280.9L533.1 340.6C539.4 352.2 535.1 366.8 523.4 373.1C511.8 379.4 497.2 375.1 490.9 363.4L458.6 303.7C447 316.5 440 333.4 440 352V352zM108.8 328.6L133.1 280.2C131.4 280.1 129.7 280 127.1 280C88.24 280 55.1 312.2 55.1 352C55.1 391.8 88.24 424 127.1 424C162.3 424 190.9 400.1 198.2 368H133.2C112.1 368 99.81 346.7 108.8 328.6H108.8zM290.3 320L290.4 319.9L217.5 218.7L166.8 320H290.3zM257.4 192L317 274.8L365.9 192H257.4z\"><\/path><\/svg><\/div><div class=\"uagb-ifb-title-wrap\"><h3 class=\"uagb-ifb-title\">Ciclovia Baia da Guanabara<\/h3><\/div><\/div><\/div>\n<\/div>\n\n\n\n<div class=\"wp-block-column is-layout-flow wp-block-column-is-layout-flow\">\n<div class=\"wp-block-uagb-info-box uagb-block-d0cea4a7 uagb-infobox__content-wrap  uagb-infobox-icon-above-title uagb-infobox-image-valign-top\"><div class=\"uagb-ifb-content\"><div class=\"uagb-ifb-title-wrap\"><\/div><p class=\"uagb-ifb-desc\">Este \u00e9 um passeio um pouco diferente, mas pega quase todo o Rio, do centro \u00e0 Zona Sul e terminando na Barra. <br>Como depende do Metr\u00f4, s\u00f3 pode ser feito nos fins de semana ou feriados, quando \u00e9 permitido embarcar com as bicicletas no Metr\u00f4.<br>O passeio come\u00e7a pedalando na ciclovia do flat, seguindo pela esquerda, at\u00e9 chegar ao shopping Downtown. Seguindo pela ciclovia, voc\u00ea ver\u00e1 uma passarela coberta para atravessar o canal. Ap\u00f3s atravessar a passarela, informe-se de como chegar no Metr\u00f4 &#8211; \u00e9 pertinho. Voc\u00ea vai embarcar na esta\u00e7\u00e3o Jardim Oce\u00e2nico, que \u00e9 a primeira da linha. Pe\u00e7a ajuda para passar as bicicletas pelas catracas (tem um port\u00e3o para isso) e embarque na dire\u00e7\u00e3o Centro. Com bicicletas, deve-se embarcar no \u00faltimo vag\u00e3o. A viagem \u00e9 tranquila. Des\u00e7a na esta\u00e7\u00e3o Uruguaiana e siga para a Av Rio Branco. Des\u00e7a a avenida Rio Branco (\u00e0 esquerda) at\u00e9 chegar ao Museu do Amanh\u00e3. Ali recomendamos dar uma pedaladinha na dire\u00e7\u00e3o contr\u00e1ria ao destino &#8211; v\u00e1 pela esquerda um pouco at\u00e9 encontrar os pain\u00e9is do artista Kobra na fachada dos armaz\u00e9ns &#8211; \u00e9 muito bonito!<br>Em seguida, volte ao Museu do Amanh\u00e3 e siga em frente pelo cal\u00e7ad\u00e3o, sempre acompanhando a Ba\u00eda de Guanabara. Seguindo voc\u00ea vai passar pelo Cais Maravilha, Aeroporto Santos Dumont, Marina da Gl\u00f3ria e chegar\u00e1 ao Aterro do Flamengo, tudo por ciclovias muito bonitas.<br>Ao final da Praia de Botafogo, fique atento ao caminho da ciclovia! Ela atravessa o sinal para seguir em dire\u00e7\u00e3o ao T\u00fanel Novo e praia de Copacabana. O t\u00fanel \u00e9 um pouco escuro, mas a ciclovia vai certinha dentro dele (\u00e9 m\u00e3o \u00fanica). Ao Sair do t\u00fanel siga em frente at\u00e9 chegar na praia de Copacabana. Se quiser dar um pulinho at\u00e9 o Leme, vire \u00e0 esquerda na praia. Virando \u00e0 direita na praia, voc\u00ea vai seguir por Copacabana at\u00e9 o final da praia, onde fica o Forte de Copacabana. Ali recomendamos uma paradinha para apreciar a vista l\u00e1 de dentro em um dos dois caf\u00e9s (Colombo ou 18 do Forte) bebendo algo refrescante &#8211; pe\u00e7a uma mesinha na mureta que o visual \u00e9 mais bonito!<br>Seguindo a ciclovia, voc\u00ea chegar\u00e1 \u00e0 praia de Ipanema, depois Leblon. No final do Leblon come\u00e7a a Av Niemeyer, cujo visual \u00e9 sensacional! Seguindo ainda pela ciclovia, voc\u00ea passar\u00e1 pela entrada da comunidade do Vidigal (um caos bem interessante) e ter\u00e1 que pedalar pela pista o \u00faltimo trecho (que caiu em uma ressaca e ainda n\u00e3o est\u00e1 recuperado). Logo em seguida a ciclovia chega em S\u00e3o Conrado e novamente entra no t\u00fanel (dessa vez bem claro e bem sinalizado) da Joatinga em dire\u00e7\u00e3o \u00e0 Barra. Ao sair do t\u00fanel voc\u00ea tem uma das vistas mais bonitas da Barra &#8211; o Quebra-mar. Seguindo sempre pela ciclovia, vo\u00ea chegar\u00e1 ao Zona Sul da praia a Barra, onde entra para a balsa e de volta para o Flat. <br>Puxado mas vale cada metro!<\/p><\/div><\/div>\n<\/div>\n<\/div>\n\n\n\n<figure class=\"wp-block-image size-large\"><img loading=\"lazy\" decoding=\"async\" width=\"1024\" height=\"546\" src=\"https:\/\/martinhasflatrio.com.br\/wp-content\/uploads\/2022\/08\/de-Cond.-Four-Seasons-a-Museu-do-Amanha-Google-Maps-Google-Chrome-11_08_2022-16_41_46-1024x546.png\" alt=\"\" class=\"wp-image-1011\" srcset=\"https:\/\/martinhasflatrio.com.br\/wp-content\/uploads\/2022\/08\/de-Cond.-Four-Seasons-a-Museu-do-Amanha-Google-Maps-Google-Chrome-11_08_2022-16_41_46-1024x546.png 1024w, https:\/\/martinhasflatrio.com.br\/wp-content\/uploads\/2022\/08\/de-Cond.-Four-Seasons-a-Museu-do-Amanha-Google-Maps-Google-Chrome-11_08_2022-16_41_46-300x160.png 300w, https:\/\/martinhasflatrio.com.br\/wp-content\/uploads\/2022\/08\/de-Cond.-Four-Seasons-a-Museu-do-Amanha-Google-Maps-Google-Chrome-11_08_2022-16_41_46-768x409.png 768w, https:\/\/martinhasflatrio.com.br\/wp-content\/uploads\/2022\/08\/de-Cond.-Four-Seasons-a-Museu-do-Amanha-Google-Maps-Google-Chrome-11_08_2022-16_41_46.png 1366w\" sizes=\"auto, (max-width: 1024px) 100vw, 1024px\" \/><\/figure>\n\n\n\n<figure class=\"wp-block-gallery has-nested-images columns-1 is-cropped uag-masonry uagb-block-73a8b923 wp-block-gallery-1 is-layout-flex wp-block-gallery-is-layout-flex\">\n<figure class=\"wp-block-image size-large\"><a href=\"https:\/\/martinhasflatrio.com.br\/wp-content\/uploads\/2022\/08\/IMG_20220205_120602-scaled.jpg\"><img loading=\"lazy\" decoding=\"async\" width=\"2560\" height=\"1920\" data-id=\"767\" src=\"https:\/\/martinhasflatrio.com.br\/wp-content\/uploads\/2022\/08\/IMG_20220205_120602-scaled.jpg\" alt=\"\" class=\"wp-image-767\" srcset=\"https:\/\/martinhasflatrio.com.br\/wp-content\/uploads\/2022\/08\/IMG_20220205_120602-scaled.jpg 2560w, https:\/\/martinhasflatrio.com.br\/wp-content\/uploads\/2022\/08\/IMG_20220205_120602-300x225.jpg 300w, https:\/\/martinhasflatrio.com.br\/wp-content\/uploads\/2022\/08\/IMG_20220205_120602-1024x768.jpg 1024w, https:\/\/martinhasflatrio.com.br\/wp-content\/uploads\/2022\/08\/IMG_20220205_120602-768x576.jpg 768w, https:\/\/martinhasflatrio.com.br\/wp-content\/uploads\/2022\/08\/IMG_20220205_120602-1536x1152.jpg 1536w, https:\/\/martinhasflatrio.com.br\/wp-content\/uploads\/2022\/08\/IMG_20220205_120602-2048x1536.jpg 2048w\" sizes=\"auto, (max-width: 2560px) 100vw, 2560px\" \/><\/a><\/figure>\n\n\n\n<figure class=\"wp-block-image size-large\"><a href=\"https:\/\/martinhasflatrio.com.br\/wp-content\/uploads\/2022\/08\/Martinha-de-bike-no-Museu-do-Amanha.jpeg\"><img loading=\"lazy\" decoding=\"async\" width=\"1118\" height=\"1280\" data-id=\"827\" src=\"https:\/\/martinhasflatrio.com.br\/wp-content\/uploads\/2022\/08\/Martinha-de-bike-no-Museu-do-Amanha.jpeg\" alt=\"\" class=\"wp-image-827\" srcset=\"https:\/\/martinhasflatrio.com.br\/wp-content\/uploads\/2022\/08\/Martinha-de-bike-no-Museu-do-Amanha.jpeg 1118w, https:\/\/martinhasflatrio.com.br\/wp-content\/uploads\/2022\/08\/Martinha-de-bike-no-Museu-do-Amanha-262x300.jpeg 262w, https:\/\/martinhasflatrio.com.br\/wp-content\/uploads\/2022\/08\/Martinha-de-bike-no-Museu-do-Amanha-894x1024.jpeg 894w, https:\/\/martinhasflatrio.com.br\/wp-content\/uploads\/2022\/08\/Martinha-de-bike-no-Museu-do-Amanha-768x879.jpeg 768w\" sizes=\"auto, (max-width: 1118px) 100vw, 1118px\" \/><\/a><\/figure>\n\n\n\n<figure class=\"wp-block-image size-large has-custom-border\"><a href=\"https:\/\/martinhasflatrio.com.br\/wp-content\/uploads\/2022\/08\/Martinha-de-bike-no-aterro.jpeg\"><img loading=\"lazy\" decoding=\"async\" width=\"960\" height=\"1280\" data-id=\"828\" src=\"https:\/\/martinhasflatrio.com.br\/wp-content\/uploads\/2022\/08\/Martinha-de-bike-no-aterro.jpeg\" alt=\"\" class=\"wp-image-828\" style=\"border-radius:34px\" srcset=\"https:\/\/martinhasflatrio.com.br\/wp-content\/uploads\/2022\/08\/Martinha-de-bike-no-aterro.jpeg 960w, https:\/\/martinhasflatrio.com.br\/wp-content\/uploads\/2022\/08\/Martinha-de-bike-no-aterro-225x300.jpeg 225w, https:\/\/martinhasflatrio.com.br\/wp-content\/uploads\/2022\/08\/Martinha-de-bike-no-aterro-768x1024.jpeg 768w\" sizes=\"auto, (max-width: 960px) 100vw, 960px\" \/><\/a><\/figure>\n\n\n\n<figure class=\"wp-block-image size-large\"><a href=\"https:\/\/martinhasflatrio.com.br\/wp-content\/uploads\/2022\/08\/Martinha-de-bike-no-Santos-Dumont.jpeg\"><img loading=\"lazy\" decoding=\"async\" width=\"960\" height=\"1280\" data-id=\"829\" src=\"https:\/\/martinhasflatrio.com.br\/wp-content\/uploads\/2022\/08\/Martinha-de-bike-no-Santos-Dumont.jpeg\" alt=\"\" class=\"wp-image-829\" srcset=\"https:\/\/martinhasflatrio.com.br\/wp-content\/uploads\/2022\/08\/Martinha-de-bike-no-Santos-Dumont.jpeg 960w, https:\/\/martinhasflatrio.com.br\/wp-content\/uploads\/2022\/08\/Martinha-de-bike-no-Santos-Dumont-225x300.jpeg 225w, https:\/\/martinhasflatrio.com.br\/wp-content\/uploads\/2022\/08\/Martinha-de-bike-no-Santos-Dumont-768x1024.jpeg 768w\" sizes=\"auto, (max-width: 960px) 100vw, 960px\" \/><\/a><\/figure>\n\n\n\n<figure class=\"wp-block-image size-large has-custom-border\"><img loading=\"lazy\" decoding=\"async\" width=\"768\" height=\"1024\" data-id=\"1784\" src=\"https:\/\/martinhasflatrio.com.br\/wp-content\/uploads\/2022\/11\/20220205_110230-768x1024.jpg\" alt=\"\" class=\"wp-image-1784\" style=\"border-radius:35px\" srcset=\"https:\/\/martinhasflatrio.com.br\/wp-content\/uploads\/2022\/11\/20220205_110230-768x1024.jpg 768w, https:\/\/martinhasflatrio.com.br\/wp-content\/uploads\/2022\/11\/20220205_110230-225x300.jpg 225w, https:\/\/martinhasflatrio.com.br\/wp-content\/uploads\/2022\/11\/20220205_110230-1152x1536.jpg 1152w, https:\/\/martinhasflatrio.com.br\/wp-content\/uploads\/2022\/11\/20220205_110230-1536x2048.jpg 1536w, https:\/\/martinhasflatrio.com.br\/wp-content\/uploads\/2022\/11\/20220205_110230-scaled.jpg 1920w\" sizes=\"auto, (max-width: 768px) 100vw, 768px\" \/><\/figure>\n\n\n\n<figure class=\"wp-block-image size-large has-custom-border\"><img loading=\"lazy\" decoding=\"async\" width=\"768\" height=\"1024\" data-id=\"1783\" src=\"https:\/\/martinhasflatrio.com.br\/wp-content\/uploads\/2022\/11\/20220205_111335-768x1024.jpg\" alt=\"\" class=\"wp-image-1783\" style=\"border-radius:36px\" srcset=\"https:\/\/martinhasflatrio.com.br\/wp-content\/uploads\/2022\/11\/20220205_111335-768x1024.jpg 768w, https:\/\/martinhasflatrio.com.br\/wp-content\/uploads\/2022\/11\/20220205_111335-225x300.jpg 225w, https:\/\/martinhasflatrio.com.br\/wp-content\/uploads\/2022\/11\/20220205_111335-1152x1536.jpg 1152w, https:\/\/martinhasflatrio.com.br\/wp-content\/uploads\/2022\/11\/20220205_111335-1536x2048.jpg 1536w, https:\/\/martinhasflatrio.com.br\/wp-content\/uploads\/2022\/11\/20220205_111335-scaled.jpg 1920w\" sizes=\"auto, (max-width: 768px) 100vw, 768px\" \/><\/figure>\n\n\n\n<figure class=\"wp-block-image size-large\"><img loading=\"lazy\" decoding=\"async\" width=\"768\" height=\"1024\" data-id=\"1785\" src=\"https:\/\/martinhasflatrio.com.br\/wp-content\/uploads\/2022\/11\/20220205_130753-768x1024.jpg\" alt=\"\" class=\"wp-image-1785\" srcset=\"https:\/\/martinhasflatrio.com.br\/wp-content\/uploads\/2022\/11\/20220205_130753-768x1024.jpg 768w, https:\/\/martinhasflatrio.com.br\/wp-content\/uploads\/2022\/11\/20220205_130753-225x300.jpg 225w, https:\/\/martinhasflatrio.com.br\/wp-content\/uploads\/2022\/11\/20220205_130753-1152x1536.jpg 1152w, https:\/\/martinhasflatrio.com.br\/wp-content\/uploads\/2022\/11\/20220205_130753-1536x2048.jpg 1536w, https:\/\/martinhasflatrio.com.br\/wp-content\/uploads\/2022\/11\/20220205_130753-scaled.jpg 1920w\" sizes=\"auto, (max-width: 768px) 100vw, 768px\" \/><\/figure>\n\n\n\n<figure class=\"wp-block-image size-large\"><img loading=\"lazy\" decoding=\"async\" width=\"768\" height=\"1024\" data-id=\"1782\" src=\"https:\/\/martinhasflatrio.com.br\/wp-content\/uploads\/2022\/11\/20220205_133413-768x1024.jpg\" alt=\"\" class=\"wp-image-1782\" srcset=\"https:\/\/martinhasflatrio.com.br\/wp-content\/uploads\/2022\/11\/20220205_133413-768x1024.jpg 768w, https:\/\/martinhasflatrio.com.br\/wp-content\/uploads\/2022\/11\/20220205_133413-225x300.jpg 225w, https:\/\/martinhasflatrio.com.br\/wp-content\/uploads\/2022\/11\/20220205_133413-1152x1536.jpg 1152w, https:\/\/martinhasflatrio.com.br\/wp-content\/uploads\/2022\/11\/20220205_133413-1536x2048.jpg 1536w, https:\/\/martinhasflatrio.com.br\/wp-content\/uploads\/2022\/11\/20220205_133413-scaled.jpg 1920w\" sizes=\"auto, (max-width: 768px) 100vw, 768px\" \/><\/figure>\n\n\n\n<figure class=\"wp-block-image size-large has-custom-border\"><a href=\"https:\/\/martinhasflatrio.com.br\/wp-content\/uploads\/2022\/11\/image-63bcb58e-197d-4c72-852f-257e741c31c6-scaled.jpg\"><img loading=\"lazy\" decoding=\"async\" width=\"1024\" height=\"768\" data-id=\"1775\" src=\"https:\/\/martinhasflatrio.com.br\/wp-content\/uploads\/2022\/11\/image-63bcb58e-197d-4c72-852f-257e741c31c6-1024x768.jpg\" alt=\"\" class=\"wp-image-1775\" style=\"border-radius:31px\" srcset=\"https:\/\/martinhasflatrio.com.br\/wp-content\/uploads\/2022\/11\/image-63bcb58e-197d-4c72-852f-257e741c31c6-1024x768.jpg 1024w, https:\/\/martinhasflatrio.com.br\/wp-content\/uploads\/2022\/11\/image-63bcb58e-197d-4c72-852f-257e741c31c6-300x225.jpg 300w, https:\/\/martinhasflatrio.com.br\/wp-content\/uploads\/2022\/11\/image-63bcb58e-197d-4c72-852f-257e741c31c6-768x576.jpg 768w, https:\/\/martinhasflatrio.com.br\/wp-content\/uploads\/2022\/11\/image-63bcb58e-197d-4c72-852f-257e741c31c6-1536x1152.jpg 1536w, https:\/\/martinhasflatrio.com.br\/wp-content\/uploads\/2022\/11\/image-63bcb58e-197d-4c72-852f-257e741c31c6-2048x1536.jpg 2048w\" sizes=\"auto, (max-width: 1024px) 100vw, 1024px\" \/><\/a><\/figure>\n\n\n\n<figure class=\"wp-block-image size-large\"><a href=\"https:\/\/martinhasflatrio.com.br\/wp-content\/uploads\/2022\/11\/image-9f589545-b026-4652-8e6c-6d9d3f06ba28-scaled.jpg\"><img loading=\"lazy\" decoding=\"async\" width=\"1024\" height=\"768\" data-id=\"1773\" src=\"https:\/\/martinhasflatrio.com.br\/wp-content\/uploads\/2022\/11\/image-9f589545-b026-4652-8e6c-6d9d3f06ba28-1024x768.jpg\" alt=\"\" class=\"wp-image-1773\" srcset=\"https:\/\/martinhasflatrio.com.br\/wp-content\/uploads\/2022\/11\/image-9f589545-b026-4652-8e6c-6d9d3f06ba28-1024x768.jpg 1024w, https:\/\/martinhasflatrio.com.br\/wp-content\/uploads\/2022\/11\/image-9f589545-b026-4652-8e6c-6d9d3f06ba28-300x225.jpg 300w, https:\/\/martinhasflatrio.com.br\/wp-content\/uploads\/2022\/11\/image-9f589545-b026-4652-8e6c-6d9d3f06ba28-768x576.jpg 768w, https:\/\/martinhasflatrio.com.br\/wp-content\/uploads\/2022\/11\/image-9f589545-b026-4652-8e6c-6d9d3f06ba28-1536x1152.jpg 1536w, https:\/\/martinhasflatrio.com.br\/wp-content\/uploads\/2022\/11\/image-9f589545-b026-4652-8e6c-6d9d3f06ba28-2048x1536.jpg 2048w\" sizes=\"auto, (max-width: 1024px) 100vw, 1024px\" \/><\/a><\/figure>\n\n\n\n<figure class=\"wp-block-image size-large\"><a href=\"https:\/\/martinhasflatrio.com.br\/wp-content\/uploads\/2022\/11\/20211015_120236-scaled.jpg\"><img loading=\"lazy\" decoding=\"async\" width=\"768\" height=\"1024\" data-id=\"1768\" src=\"https:\/\/martinhasflatrio.com.br\/wp-content\/uploads\/2022\/11\/20211015_120236-768x1024.jpg\" alt=\"\" class=\"wp-image-1768\" srcset=\"https:\/\/martinhasflatrio.com.br\/wp-content\/uploads\/2022\/11\/20211015_120236-768x1024.jpg 768w, https:\/\/martinhasflatrio.com.br\/wp-content\/uploads\/2022\/11\/20211015_120236-225x300.jpg 225w, https:\/\/martinhasflatrio.com.br\/wp-content\/uploads\/2022\/11\/20211015_120236-1152x1536.jpg 1152w, https:\/\/martinhasflatrio.com.br\/wp-content\/uploads\/2022\/11\/20211015_120236-1536x2048.jpg 1536w, https:\/\/martinhasflatrio.com.br\/wp-content\/uploads\/2022\/11\/20211015_120236-scaled.jpg 1920w\" sizes=\"auto, (max-width: 768px) 100vw, 768px\" \/><\/a><\/figure>\n\n\n\n<figure class=\"wp-block-image size-large has-custom-border\"><a href=\"https:\/\/martinhasflatrio.com.br\/wp-content\/uploads\/2022\/11\/20211015_120352-scaled.jpg\"><img loading=\"lazy\" decoding=\"async\" width=\"768\" height=\"1024\" data-id=\"1769\" src=\"https:\/\/martinhasflatrio.com.br\/wp-content\/uploads\/2022\/11\/20211015_120352-768x1024.jpg\" alt=\"\" class=\"wp-image-1769\" style=\"border-radius:47px\" srcset=\"https:\/\/martinhasflatrio.com.br\/wp-content\/uploads\/2022\/11\/20211015_120352-768x1024.jpg 768w, https:\/\/martinhasflatrio.com.br\/wp-content\/uploads\/2022\/11\/20211015_120352-225x300.jpg 225w, https:\/\/martinhasflatrio.com.br\/wp-content\/uploads\/2022\/11\/20211015_120352-1152x1536.jpg 1152w, https:\/\/martinhasflatrio.com.br\/wp-content\/uploads\/2022\/11\/20211015_120352-1536x2048.jpg 1536w, https:\/\/martinhasflatrio.com.br\/wp-content\/uploads\/2022\/11\/20211015_120352-scaled.jpg 1920w\" sizes=\"auto, (max-width: 768px) 100vw, 768px\" \/><\/a><\/figure>\n\n\n\n<figure class=\"wp-block-image size-large\"><a href=\"https:\/\/martinhasflatrio.com.br\/wp-content\/uploads\/2022\/11\/20211015_115835-scaled.jpg\"><img loading=\"lazy\" decoding=\"async\" width=\"1024\" height=\"694\" data-id=\"1762\" src=\"https:\/\/martinhasflatrio.com.br\/wp-content\/uploads\/2022\/11\/20211015_115835-1024x694.jpg\" alt=\"\" class=\"wp-image-1762\" srcset=\"https:\/\/martinhasflatrio.com.br\/wp-content\/uploads\/2022\/11\/20211015_115835-1024x694.jpg 1024w, https:\/\/martinhasflatrio.com.br\/wp-content\/uploads\/2022\/11\/20211015_115835-300x203.jpg 300w, https:\/\/martinhasflatrio.com.br\/wp-content\/uploads\/2022\/11\/20211015_115835-768x521.jpg 768w, https:\/\/martinhasflatrio.com.br\/wp-content\/uploads\/2022\/11\/20211015_115835-1536x1041.jpg 1536w, https:\/\/martinhasflatrio.com.br\/wp-content\/uploads\/2022\/11\/20211015_115835-2048x1388.jpg 2048w\" sizes=\"auto, (max-width: 1024px) 100vw, 1024px\" \/><\/a><\/figure>\n\n\n\n<figure class=\"wp-block-image size-large\"><a href=\"https:\/\/martinhasflatrio.com.br\/wp-content\/uploads\/2022\/11\/20210907_154011-scaled.jpg\"><img loading=\"lazy\" decoding=\"async\" width=\"1024\" height=\"768\" data-id=\"1764\" src=\"https:\/\/martinhasflatrio.com.br\/wp-content\/uploads\/2022\/11\/20210907_154011-1024x768.jpg\" alt=\"\" class=\"wp-image-1764\" srcset=\"https:\/\/martinhasflatrio.com.br\/wp-content\/uploads\/2022\/11\/20210907_154011-1024x768.jpg 1024w, https:\/\/martinhasflatrio.com.br\/wp-content\/uploads\/2022\/11\/20210907_154011-300x225.jpg 300w, https:\/\/martinhasflatrio.com.br\/wp-content\/uploads\/2022\/11\/20210907_154011-768x576.jpg 768w, https:\/\/martinhasflatrio.com.br\/wp-content\/uploads\/2022\/11\/20210907_154011-1536x1152.jpg 1536w, https:\/\/martinhasflatrio.com.br\/wp-content\/uploads\/2022\/11\/20210907_154011-2048x1536.jpg 2048w\" sizes=\"auto, (max-width: 1024px) 100vw, 1024px\" \/><\/a><\/figure>\n\n\n\n<figure class=\"wp-block-image size-large\"><a href=\"https:\/\/martinhasflatrio.com.br\/wp-content\/uploads\/2022\/11\/20201225_112852-scaled.jpg\"><img loading=\"lazy\" decoding=\"async\" width=\"768\" height=\"1024\" data-id=\"1761\" src=\"https:\/\/martinhasflatrio.com.br\/wp-content\/uploads\/2022\/11\/20201225_112852-768x1024.jpg\" alt=\"\" class=\"wp-image-1761\" srcset=\"https:\/\/martinhasflatrio.com.br\/wp-content\/uploads\/2022\/11\/20201225_112852-768x1024.jpg 768w, https:\/\/martinhasflatrio.com.br\/wp-content\/uploads\/2022\/11\/20201225_112852-225x300.jpg 225w, https:\/\/martinhasflatrio.com.br\/wp-content\/uploads\/2022\/11\/20201225_112852-1152x1536.jpg 1152w, https:\/\/martinhasflatrio.com.br\/wp-content\/uploads\/2022\/11\/20201225_112852-1536x2048.jpg 1536w, https:\/\/martinhasflatrio.com.br\/wp-content\/uploads\/2022\/11\/20201225_112852-scaled.jpg 1920w\" sizes=\"auto, (max-width: 768px) 100vw, 768px\" \/><\/a><\/figure>\n<\/figure>\n<\/div><\/section>\n","protected":false},"excerpt":{"rendered":"","protected":false},"author":1,"featured_media":0,"parent":0,"menu_order":0,"comment_status":"closed","ping_status":"closed","template":"","meta":{"_uag_custom_page_level_css":"","site-sidebar-layout":"default","site-content-layout":"default","ast-global-header-display":"","ast-main-header-display":"","ast-hfb-above-header-display":"","ast-hfb-below-header-display":"","ast-hfb-mobile-header-display":"","site-post-title":"disabled","ast-breadcrumbs-content":"","ast-featured-img":"","footer-sml-layout":"","theme-transparent-header-meta":"","adv-header-id-meta":"","stick-header-meta":"","header-above-stick-meta":"","header-main-stick-meta":"","header-below-stick-meta":"","footnotes":""},"class_list":["post-1010","page","type-page","status-publish","hentry"],"uagb_featured_image_src":{"full":false,"thumbnail":false,"medium":false,"medium_large":false,"large":false,"1536x1536":false,"2048x2048":false},"uagb_author_info":{"display_name":"Augusto","author_link":"https:\/\/martinhasflatrio.com.br\/?author=1"},"uagb_comment_info":0,"uagb_excerpt":null,"_links":{"self":[{"href":"https:\/\/martinhasflatrio.com.br\/index.php?rest_route=\/wp\/v2\/pages\/1010","targetHints":{"allow":["GET"]}}],"collection":[{"href":"https:\/\/martinhasflatrio.com.br\/index.php?rest_route=\/wp\/v2\/pages"}],"about":[{"href":"https:\/\/martinhasflatrio.com.br\/index.php?rest_route=\/wp\/v2\/types\/page"}],"author":[{"embeddable":true,"href":"https:\/\/martinhasflatrio.com.br\/index.php?rest_route=\/wp\/v2\/users\/1"}],"replies":[{"embeddable":true,"href":"https:\/\/martinhasflatrio.com.br\/index.php?rest_route=%2Fwp%2Fv2%2Fcomments&post=1010"}],"version-history":[{"count":7,"href":"https:\/\/martinhasflatrio.com.br\/index.php?rest_route=\/wp\/v2\/pages\/1010\/revisions"}],"predecessor-version":[{"id":1862,"href":"https:\/\/martinhasflatrio.com.br\/index.php?rest_route=\/wp\/v2\/pages\/1010\/revisions\/1862"}],"wp:attachment":[{"href":"https:\/\/martinhasflatrio.com.br\/index.php?rest_route=%2Fwp%2Fv2%2Fmedia&parent=1010"}],"curies":[{"name":"wp","href":"https:\/\/api.w.org\/{rel}","templated":true}]}}